{"id":21640,"date":"2024-02-20T11:22:05","date_gmt":"2024-02-20T11:22:05","guid":{"rendered":"https:\/\/staging.parketasala.lv\/delivery-and-collection\/"},"modified":"2025-03-19T08:26:17","modified_gmt":"2025-03-19T08:26:17","slug":"delivery-and-collection","status":"publish","type":"page","link":"https:\/\/staging.parketasala.lv\/en\/delivery-and-collection\/","title":{"rendered":"Delivery and collection"},"content":{"rendered":"\n<h1 class=\"wp-block-heading\">Delivery and collection<\/h1>\n\n<p>The delivery costs are not included in the price of the goods in the online shop. The delivery price is inclusive of VAT (21%).<\/p>\n\n<p>Goods available in the Parketa Sala warehouse are delivered within 1-3 working days. Items that are only available on request are delivered within 2-4 weeks.<\/p>\n\n<h2 class=\"wp-block-heading\">Free in-store collection<\/h2>\n\n<p>&#8220;Parketa Sala&#8221; store &#8211; 250 Latgales Street, Riga, by informing the account managers in advance by phone 67189991.<br\/>Working hours<br\/>Weekdays &#8211; 10:00-19:00<br\/>Saturday &#8211; 10:00-16:00<br\/>Sunday &#8211; Closed<\/p>\n\n<p>Closed on public holidays.<\/p>\n\n<p>Come to us with <a href=\"https:\/\/www.waze.com\/live-map\/directions\/riga?to=place.ws.row.8146656.250\" data-type=\"link\" data-id=\"https:\/\/www.waze.com\/live-map\/directions\/riga?to=place.ws.row.8146656.250\">WAZE<\/a><\/p>\n\n<h2 class=\"wp-block-heading\">Cargo minibus &#8211; within Riga, for goods up to 1.5t<\/h2>\n\n<p>When ordering delivery:<\/p>\n\n<ul class=\"wp-block-list\">\n<li>The Buyer shall specify the exact delivery address and shall ensure that the conditions are suitable for unloading the goods (unlock the gate, raise the barrier, open the door, etc.);<\/li>\n\n\n\n<li>Goods are not delivered to prohibited areas, parking lots, or places where vehicle movement may be restricted, endangered or otherwise affected.<\/li>\n\n\n\n<li>You can also have the goods delivered to the floor you need. This charge must be agreed in advance with the Parketa Sala account manager (price per floor\/kg must be specified).<\/li>\n<\/ul>\n\n<figure class=\"wp-block-table is-style-regular\"><table><tbody><tr><td>Route, work<\/td><td>Price in euro<\/td><\/tr><tr><td>City of Riga<\/td><td>30<\/td><\/tr><tr><td>Salaspils, Pinki, Babite, Marupe, Baltezers, Balo\u017ei<\/td><td>35<\/td><\/tr><tr><td>J\u016brmala<br\/>(to Jaundubulti)<\/td><td>35<\/td><\/tr><tr><td>J\u016brmala<br\/>(behind Jaundubulti)<\/td><td>40<\/td><\/tr><tr><td>\u0100da\u017ei, Jaunm\u0101rupe, Garciems, Kalngale, Ik\u0161\u0137ile, Garkalne, Olaine, Plakanciems, \u0136ekava<\/td><td>35<\/td><\/tr><tr><td>Vanga\u017ei, Iecava, Ropa\u017ei, Carnikava, In\u010dukalns, J\u0101\u0146upe<\/td><td>40<\/td><\/tr><tr><td>Jelgava, Ogre, Sigulda<\/td><td>50<\/td><\/tr><tr><td>Tukums<\/td><td>60<\/td><\/tr><tr><td>Saulkrasti<\/td><td>55<\/td><\/tr><tr><td>Bauska<\/td><td>55<\/td><\/tr><tr><td>Beyond 100 km<\/td><td>Individual<br\/>agreement<\/td><\/tr><tr><td>Application<\/td><td>Individual<br\/>agreement<\/td><\/tr><tr><td>Crane services (one person, one hour)<\/td><td>20<\/td><\/tr><\/tbody><\/table><\/figure>\n\n<h2 class=\"wp-block-heading\">Delivery in Europe<\/h2>\n\n<ul class=\"wp-block-list\">\n<li>The delivery price and time are calculated individually, taking into account the delivery location and the load.<\/li>\n\n\n\n<li>Delivery requests should be sent to <a href=\"mailto:info@parketsala.lv\">info@parketsala.lv<\/a><\/li>\n\n\n\n<li>The Buyer shall specify the exact delivery address and shall ensure that the conditions are suitable for unloading the goods (unlock the gate, raise the barrier, open the door, etc.);<\/li>\n\n\n\n<li>Goods are not delivered to prohibited areas, parking lots, or places where vehicle movement may be restricted, endangered or otherwise affected.<\/li>\n<\/ul>\n","protected":false},"excerpt":{"rendered":"<p>Delivery and collection The delivery costs are not included in the price of the goods in the online shop. The delivery price is inclusive of VAT (21%). Goods available in the Parketa Sala warehouse are delivered within 1-3 working days. Items that are only available on request are delivered within 2-4 weeks. Free in-store collection [&hellip;]<\/p>\n","protected":false},"author":3,"featured_media":0,"parent":0,"menu_order":0,"comment_status":"closed","ping_status":"closed","template":"","meta":{"_acf_changed":false,"footnotes":""},"class_list":["post-21640","page","type-page","status-publish","hentry"],"acf":[],"yoast_head":"<!-- This site is optimized with the Yoast SEO plugin v27.2 - https:\/\/yoast.com\/product\/yoast-seo-wordpress\/ -->\n<title>Delivery and collection &#8211; Parketa Sala<\/title>\n<meta name=\"description\" content=\"Parkets Sala delivers the goods purchased in the shop to the address indicated by the customer. Delivery is possible in Latvia and all European countries.\" \/>\n<meta name=\"robots\" content=\"index,follow, noindex\" \/>\n<meta property=\"og:locale\" content=\"en_US\" \/>\n<meta property=\"og:type\" content=\"article\" \/>\n<meta property=\"og:title\" content=\"Delivery and collection &#8211; Parketa Sala\" \/>\n<meta property=\"og:description\" content=\"Parkets Sala delivers the goods purchased in the shop to the address indicated by the customer. Delivery is possible in Latvia and all European countries.\" \/>\n<meta property=\"og:url\" content=\"https:\/\/staging.parketasala.lv\/en\/delivery-and-collection\/\" \/>\n<meta property=\"og:site_name\" content=\"Parketa Sala\" \/>\n<meta property=\"article:publisher\" content=\"https:\/\/www.facebook.com\/parketasala\/\" \/>\n<meta property=\"article:modified_time\" content=\"2025-03-19T08:26:17+00:00\" \/>\n<meta name=\"twitter:card\" content=\"summary_large_image\" \/>\n<meta name=\"twitter:label1\" content=\"Est. reading time\" \/>\n\t<meta name=\"twitter:data1\" content=\"2 minutes\" \/>\n<script type=\"application\/ld+json\" class=\"yoast-schema-graph\">{\"@context\":\"https:\/\/schema.org\",\"@graph\":[{\"@type\":\"WebPage\",\"@id\":\"https:\/\/staging.parketasala.lv\/en\/delivery-and-collection\/\",\"url\":\"https:\/\/staging.parketasala.lv\/en\/delivery-and-collection\/\",\"name\":\"Delivery and collection &#8211; Parketa Sala\",\"isPartOf\":{\"@id\":\"https:\/\/staging.parketasala.lv\/en\/#website\"},\"datePublished\":\"2024-02-20T11:22:05+00:00\",\"dateModified\":\"2025-03-19T08:26:17+00:00\",\"description\":\"Parkets Sala delivers the goods purchased in the shop to the address indicated by the customer. Delivery is possible in Latvia and all European countries.\",\"breadcrumb\":{\"@id\":\"https:\/\/staging.parketasala.lv\/en\/delivery-and-collection\/#breadcrumb\"},\"inLanguage\":\"en-US\",\"potentialAction\":[{\"@type\":\"ReadAction\",\"target\":[\"https:\/\/staging.parketasala.lv\/en\/delivery-and-collection\/\"]}]},{\"@type\":\"BreadcrumbList\",\"@id\":\"https:\/\/staging.parketasala.lv\/en\/delivery-and-collection\/#breadcrumb\",\"itemListElement\":[{\"@type\":\"ListItem\",\"position\":1,\"name\":\"Home\",\"item\":\"https:\/\/staging.parketasala.lv\/en\/home\/\"},{\"@type\":\"ListItem\",\"position\":2,\"name\":\"Delivery and collection\"}]},{\"@type\":\"WebSite\",\"@id\":\"https:\/\/staging.parketasala.lv\/en\/#website\",\"url\":\"https:\/\/staging.parketasala.lv\/en\/\",\"name\":\"Parketa Sala\",\"description\":\"Pla&scaron;s lamin\u0101ta, vinila, parketa un kor\u0137a gr\u012bdu kl\u0101sts\",\"publisher\":{\"@id\":\"https:\/\/staging.parketasala.lv\/en\/#organization\"},\"potentialAction\":[{\"@type\":\"SearchAction\",\"target\":{\"@type\":\"EntryPoint\",\"urlTemplate\":\"https:\/\/staging.parketasala.lv\/en\/?s={search_term_string}\"},\"query-input\":{\"@type\":\"PropertyValueSpecification\",\"valueRequired\":true,\"valueName\":\"search_term_string\"}}],\"inLanguage\":\"en-US\"},{\"@type\":\"Organization\",\"@id\":\"https:\/\/staging.parketasala.lv\/en\/#organization\",\"name\":\"Parketa Sala\",\"url\":\"https:\/\/staging.parketasala.lv\/en\/\",\"logo\":{\"@type\":\"ImageObject\",\"inLanguage\":\"en-US\",\"@id\":\"https:\/\/staging.parketasala.lv\/en\/#\/schema\/logo\/image\/\",\"url\":\"https:\/\/staging.parketasala.lv\/wp-content\/uploads\/2019\/12\/Logo-x3.png\",\"contentUrl\":\"https:\/\/staging.parketasala.lv\/wp-content\/uploads\/2019\/12\/Logo-x3.png\",\"width\":660,\"height\":137,\"caption\":\"Parketa Sala\"},\"image\":{\"@id\":\"https:\/\/staging.parketasala.lv\/en\/#\/schema\/logo\/image\/\"},\"sameAs\":[\"https:\/\/www.facebook.com\/parketasala\/\",\"https:\/\/www.instagram.com\/parketasala\/\"]}]}<\/script>\n<!-- \/ Yoast SEO plugin. -->","yoast_head_json":{"title":"Delivery and collection &#8211; Parketa Sala","description":"Parkets Sala delivers the goods purchased in the shop to the address indicated by the customer. Delivery is possible in Latvia and all European countries.","robots":{"index,follow":"index,follow","index":"noindex"},"og_locale":"en_US","og_type":"article","og_title":"Delivery and collection &#8211; Parketa Sala","og_description":"Parkets Sala delivers the goods purchased in the shop to the address indicated by the customer. Delivery is possible in Latvia and all European countries.","og_url":"https:\/\/staging.parketasala.lv\/en\/delivery-and-collection\/","og_site_name":"Parketa Sala","article_publisher":"https:\/\/www.facebook.com\/parketasala\/","article_modified_time":"2025-03-19T08:26:17+00:00","twitter_card":"summary_large_image","twitter_misc":{"Est. reading time":"2 minutes"},"schema":{"@context":"https:\/\/schema.org","@graph":[{"@type":"WebPage","@id":"https:\/\/staging.parketasala.lv\/en\/delivery-and-collection\/","url":"https:\/\/staging.parketasala.lv\/en\/delivery-and-collection\/","name":"Delivery and collection &#8211; Parketa Sala","isPartOf":{"@id":"https:\/\/staging.parketasala.lv\/en\/#website"},"datePublished":"2024-02-20T11:22:05+00:00","dateModified":"2025-03-19T08:26:17+00:00","description":"Parkets Sala delivers the goods purchased in the shop to the address indicated by the customer. Delivery is possible in Latvia and all European countries.","breadcrumb":{"@id":"https:\/\/staging.parketasala.lv\/en\/delivery-and-collection\/#breadcrumb"},"inLanguage":"en-US","potentialAction":[{"@type":"ReadAction","target":["https:\/\/staging.parketasala.lv\/en\/delivery-and-collection\/"]}]},{"@type":"BreadcrumbList","@id":"https:\/\/staging.parketasala.lv\/en\/delivery-and-collection\/#breadcrumb","itemListElement":[{"@type":"ListItem","position":1,"name":"Home","item":"https:\/\/staging.parketasala.lv\/en\/home\/"},{"@type":"ListItem","position":2,"name":"Delivery and collection"}]},{"@type":"WebSite","@id":"https:\/\/staging.parketasala.lv\/en\/#website","url":"https:\/\/staging.parketasala.lv\/en\/","name":"Parketa Sala","description":"Pla&scaron;s lamin\u0101ta, vinila, parketa un kor\u0137a gr\u012bdu kl\u0101sts","publisher":{"@id":"https:\/\/staging.parketasala.lv\/en\/#organization"},"potentialAction":[{"@type":"SearchAction","target":{"@type":"EntryPoint","urlTemplate":"https:\/\/staging.parketasala.lv\/en\/?s={search_term_string}"},"query-input":{"@type":"PropertyValueSpecification","valueRequired":true,"valueName":"search_term_string"}}],"inLanguage":"en-US"},{"@type":"Organization","@id":"https:\/\/staging.parketasala.lv\/en\/#organization","name":"Parketa Sala","url":"https:\/\/staging.parketasala.lv\/en\/","logo":{"@type":"ImageObject","inLanguage":"en-US","@id":"https:\/\/staging.parketasala.lv\/en\/#\/schema\/logo\/image\/","url":"https:\/\/staging.parketasala.lv\/wp-content\/uploads\/2019\/12\/Logo-x3.png","contentUrl":"https:\/\/staging.parketasala.lv\/wp-content\/uploads\/2019\/12\/Logo-x3.png","width":660,"height":137,"caption":"Parketa Sala"},"image":{"@id":"https:\/\/staging.parketasala.lv\/en\/#\/schema\/logo\/image\/"},"sameAs":["https:\/\/www.facebook.com\/parketasala\/","https:\/\/www.instagram.com\/parketasala\/"]}]}},"_links":{"self":[{"href":"https:\/\/staging.parketasala.lv\/en\/wp-json\/wp\/v2\/pages\/21640","targetHints":{"allow":["GET"]}}],"collection":[{"href":"https:\/\/staging.parketasala.lv\/en\/wp-json\/wp\/v2\/pages"}],"about":[{"href":"https:\/\/staging.parketasala.lv\/en\/wp-json\/wp\/v2\/types\/page"}],"author":[{"embeddable":true,"href":"https:\/\/staging.parketasala.lv\/en\/wp-json\/wp\/v2\/users\/3"}],"replies":[{"embeddable":true,"href":"https:\/\/staging.parketasala.lv\/en\/wp-json\/wp\/v2\/comments?post=21640"}],"version-history":[{"count":1,"href":"https:\/\/staging.parketasala.lv\/en\/wp-json\/wp\/v2\/pages\/21640\/revisions"}],"predecessor-version":[{"id":21647,"href":"https:\/\/staging.parketasala.lv\/en\/wp-json\/wp\/v2\/pages\/21640\/revisions\/21647"}],"wp:attachment":[{"href":"https:\/\/staging.parketasala.lv\/en\/wp-json\/wp\/v2\/media?parent=21640"}],"curies":[{"name":"wp","href":"https:\/\/api.w.org\/{rel}","templated":true}]}}