{"id":21641,"date":"2024-02-20T12:55:45","date_gmt":"2024-02-20T12:55:45","guid":{"rendered":"https:\/\/staging.parketasala.lv\/payment-methods\/"},"modified":"2025-03-19T08:20:46","modified_gmt":"2025-03-19T08:20:46","slug":"payment-methods","status":"publish","type":"page","link":"https:\/\/staging.parketasala.lv\/en\/payment-methods\/","title":{"rendered":"Payment methods"},"content":{"rendered":"\n<h1 class=\"wp-block-heading\">Payment methods<\/h1>\n\n<p>The Buyer shall pay in one of the following ways:<\/p>\n\n<p><\/p>\n\n<h2 class=\"wp-block-heading\">Bank transfer<\/h2>\n\n<p>You can pay by bank or online banking after the invoice has been issued by entering the invoice number in the<br\/>payment order. Goods will be prepared for delivery or ordering after payment has been credited to<br\/>. You will receive a delivery note when you receive your goods.<\/p>\n\n<h2 class=\"wp-block-heading\">In cash<\/h2>\n\n<p>You can pay for the goods at the &#8220;Parketa Sala&#8221; shop at 250 Maskavas Street, Riga.<br\/>When you receive the goods, you will receive a receipt in return.<br\/>Opening hours<br\/>Weekdays &#8211; 10:00-19:00<br\/>Saturday &#8211; 10:00-16:00<br\/>Sunday &#8211; Closed<\/p>\n\n<p>Come to us with <a href=\"https:\/\/www.waze.com\/live-map\/directions\/riga?to=place.ws.row.8146656.250\">WAZE<\/a><\/p>\n\n<h2 class=\"wp-block-heading\">Payment card<\/h2>\n\n<p>You can pay for goods with a credit or debit card at the &#8220;Parketa Sala&#8221; shop<br\/>, Maskavas iela 250, Riga. You will receive a receipt in return when you receive your goods.<br\/>Opening hours<br\/>Weekdays &#8211; 10:00-19:00<br\/>Saturday &#8211; 10:00-16:00<br\/>Sunday &#8211; Closed<\/p>\n\n<p>Come to us with <a href=\"https:\/\/www.waze.com\/live-map\/directions\/riga?to=place.ws.row.8146656.250\">WAZE<\/a><\/p>\n","protected":false},"excerpt":{"rendered":"<p>Payment methods The Buyer shall pay in one of the following ways: Bank transfer You can pay by bank or online banking after the invoice has been issued by entering the invoice number in thepayment order. Goods will be prepared for delivery or ordering after payment has been credited to. You will receive a delivery [&hellip;]<\/p>\n","protected":false},"author":3,"featured_media":0,"parent":0,"menu_order":0,"comment_status":"closed","ping_status":"closed","template":"","meta":{"_acf_changed":false,"footnotes":""},"class_list":["post-21641","page","type-page","status-publish","hentry"],"acf":[],"yoast_head":"<!-- This site is optimized with the Yoast SEO plugin v27.2 - https:\/\/yoast.com\/product\/yoast-seo-wordpress\/ -->\n<title>Payment methods &#8211; Parketa Sala<\/title>\n<meta name=\"robots\" content=\"index,follow, noindex\" \/>\n<meta property=\"og:locale\" content=\"en_US\" \/>\n<meta property=\"og:type\" content=\"article\" \/>\n<meta property=\"og:title\" content=\"Payment methods &#8211; Parketa Sala\" \/>\n<meta property=\"og:description\" content=\"Payment methods The Buyer shall pay in one of the following ways: Bank transfer You can pay by bank or online banking after the invoice has been issued by entering the invoice number in thepayment order. Goods will be prepared for delivery or ordering after payment has been credited to. You will receive a delivery [&hellip;]\" \/>\n<meta property=\"og:url\" content=\"https:\/\/staging.parketasala.lv\/en\/payment-methods\/\" \/>\n<meta property=\"og:site_name\" content=\"Parketa Sala\" \/>\n<meta property=\"article:publisher\" content=\"https:\/\/www.facebook.com\/parketasala\/\" \/>\n<meta property=\"article:modified_time\" content=\"2025-03-19T08:20:46+00:00\" \/>\n<meta name=\"twitter:card\" content=\"summary_large_image\" \/>\n<meta name=\"twitter:label1\" content=\"Est. reading time\" \/>\n\t<meta name=\"twitter:data1\" content=\"1 minute\" \/>\n<script type=\"application\/ld+json\" class=\"yoast-schema-graph\">{\"@context\":\"https:\/\/schema.org\",\"@graph\":[{\"@type\":\"WebPage\",\"@id\":\"https:\/\/staging.parketasala.lv\/en\/payment-methods\/\",\"url\":\"https:\/\/staging.parketasala.lv\/en\/payment-methods\/\",\"name\":\"Payment methods &#8211; Parketa Sala\",\"isPartOf\":{\"@id\":\"https:\/\/staging.parketasala.lv\/en\/#website\"},\"datePublished\":\"2024-02-20T12:55:45+00:00\",\"dateModified\":\"2025-03-19T08:20:46+00:00\",\"breadcrumb\":{\"@id\":\"https:\/\/staging.parketasala.lv\/en\/payment-methods\/#breadcrumb\"},\"inLanguage\":\"en-US\",\"potentialAction\":[{\"@type\":\"ReadAction\",\"target\":[\"https:\/\/staging.parketasala.lv\/en\/payment-methods\/\"]}]},{\"@type\":\"BreadcrumbList\",\"@id\":\"https:\/\/staging.parketasala.lv\/en\/payment-methods\/#breadcrumb\",\"itemListElement\":[{\"@type\":\"ListItem\",\"position\":1,\"name\":\"Home\",\"item\":\"https:\/\/staging.parketasala.lv\/en\/home\/\"},{\"@type\":\"ListItem\",\"position\":2,\"name\":\"Payment methods\"}]},{\"@type\":\"WebSite\",\"@id\":\"https:\/\/staging.parketasala.lv\/en\/#website\",\"url\":\"https:\/\/staging.parketasala.lv\/en\/\",\"name\":\"Parketa Sala\",\"description\":\"Pla&scaron;s lamin\u0101ta, vinila, parketa un kor\u0137a gr\u012bdu kl\u0101sts\",\"publisher\":{\"@id\":\"https:\/\/staging.parketasala.lv\/en\/#organization\"},\"potentialAction\":[{\"@type\":\"SearchAction\",\"target\":{\"@type\":\"EntryPoint\",\"urlTemplate\":\"https:\/\/staging.parketasala.lv\/en\/?s={search_term_string}\"},\"query-input\":{\"@type\":\"PropertyValueSpecification\",\"valueRequired\":true,\"valueName\":\"search_term_string\"}}],\"inLanguage\":\"en-US\"},{\"@type\":\"Organization\",\"@id\":\"https:\/\/staging.parketasala.lv\/en\/#organization\",\"name\":\"Parketa Sala\",\"url\":\"https:\/\/staging.parketasala.lv\/en\/\",\"logo\":{\"@type\":\"ImageObject\",\"inLanguage\":\"en-US\",\"@id\":\"https:\/\/staging.parketasala.lv\/en\/#\/schema\/logo\/image\/\",\"url\":\"https:\/\/staging.parketasala.lv\/wp-content\/uploads\/2019\/12\/Logo-x3.png\",\"contentUrl\":\"https:\/\/staging.parketasala.lv\/wp-content\/uploads\/2019\/12\/Logo-x3.png\",\"width\":660,\"height\":137,\"caption\":\"Parketa Sala\"},\"image\":{\"@id\":\"https:\/\/staging.parketasala.lv\/en\/#\/schema\/logo\/image\/\"},\"sameAs\":[\"https:\/\/www.facebook.com\/parketasala\/\",\"https:\/\/www.instagram.com\/parketasala\/\"]}]}<\/script>\n<!-- \/ Yoast SEO plugin. -->","yoast_head_json":{"title":"Payment methods &#8211; Parketa Sala","robots":{"index,follow":"index,follow","index":"noindex"},"og_locale":"en_US","og_type":"article","og_title":"Payment methods &#8211; Parketa Sala","og_description":"Payment methods The Buyer shall pay in one of the following ways: Bank transfer You can pay by bank or online banking after the invoice has been issued by entering the invoice number in thepayment order. Goods will be prepared for delivery or ordering after payment has been credited to. You will receive a delivery [&hellip;]","og_url":"https:\/\/staging.parketasala.lv\/en\/payment-methods\/","og_site_name":"Parketa Sala","article_publisher":"https:\/\/www.facebook.com\/parketasala\/","article_modified_time":"2025-03-19T08:20:46+00:00","twitter_card":"summary_large_image","twitter_misc":{"Est. reading time":"1 minute"},"schema":{"@context":"https:\/\/schema.org","@graph":[{"@type":"WebPage","@id":"https:\/\/staging.parketasala.lv\/en\/payment-methods\/","url":"https:\/\/staging.parketasala.lv\/en\/payment-methods\/","name":"Payment methods &#8211; Parketa Sala","isPartOf":{"@id":"https:\/\/staging.parketasala.lv\/en\/#website"},"datePublished":"2024-02-20T12:55:45+00:00","dateModified":"2025-03-19T08:20:46+00:00","breadcrumb":{"@id":"https:\/\/staging.parketasala.lv\/en\/payment-methods\/#breadcrumb"},"inLanguage":"en-US","potentialAction":[{"@type":"ReadAction","target":["https:\/\/staging.parketasala.lv\/en\/payment-methods\/"]}]},{"@type":"BreadcrumbList","@id":"https:\/\/staging.parketasala.lv\/en\/payment-methods\/#breadcrumb","itemListElement":[{"@type":"ListItem","position":1,"name":"Home","item":"https:\/\/staging.parketasala.lv\/en\/home\/"},{"@type":"ListItem","position":2,"name":"Payment methods"}]},{"@type":"WebSite","@id":"https:\/\/staging.parketasala.lv\/en\/#website","url":"https:\/\/staging.parketasala.lv\/en\/","name":"Parketa Sala","description":"Pla&scaron;s lamin\u0101ta, vinila, parketa un kor\u0137a gr\u012bdu kl\u0101sts","publisher":{"@id":"https:\/\/staging.parketasala.lv\/en\/#organization"},"potentialAction":[{"@type":"SearchAction","target":{"@type":"EntryPoint","urlTemplate":"https:\/\/staging.parketasala.lv\/en\/?s={search_term_string}"},"query-input":{"@type":"PropertyValueSpecification","valueRequired":true,"valueName":"search_term_string"}}],"inLanguage":"en-US"},{"@type":"Organization","@id":"https:\/\/staging.parketasala.lv\/en\/#organization","name":"Parketa Sala","url":"https:\/\/staging.parketasala.lv\/en\/","logo":{"@type":"ImageObject","inLanguage":"en-US","@id":"https:\/\/staging.parketasala.lv\/en\/#\/schema\/logo\/image\/","url":"https:\/\/staging.parketasala.lv\/wp-content\/uploads\/2019\/12\/Logo-x3.png","contentUrl":"https:\/\/staging.parketasala.lv\/wp-content\/uploads\/2019\/12\/Logo-x3.png","width":660,"height":137,"caption":"Parketa Sala"},"image":{"@id":"https:\/\/staging.parketasala.lv\/en\/#\/schema\/logo\/image\/"},"sameAs":["https:\/\/www.facebook.com\/parketasala\/","https:\/\/www.instagram.com\/parketasala\/"]}]}},"_links":{"self":[{"href":"https:\/\/staging.parketasala.lv\/en\/wp-json\/wp\/v2\/pages\/21641","targetHints":{"allow":["GET"]}}],"collection":[{"href":"https:\/\/staging.parketasala.lv\/en\/wp-json\/wp\/v2\/pages"}],"about":[{"href":"https:\/\/staging.parketasala.lv\/en\/wp-json\/wp\/v2\/types\/page"}],"author":[{"embeddable":true,"href":"https:\/\/staging.parketasala.lv\/en\/wp-json\/wp\/v2\/users\/3"}],"replies":[{"embeddable":true,"href":"https:\/\/staging.parketasala.lv\/en\/wp-json\/wp\/v2\/comments?post=21641"}],"version-history":[{"count":1,"href":"https:\/\/staging.parketasala.lv\/en\/wp-json\/wp\/v2\/pages\/21641\/revisions"}],"predecessor-version":[{"id":21644,"href":"https:\/\/staging.parketasala.lv\/en\/wp-json\/wp\/v2\/pages\/21641\/revisions\/21644"}],"wp:attachment":[{"href":"https:\/\/staging.parketasala.lv\/en\/wp-json\/wp\/v2\/media?parent=21641"}],"curies":[{"name":"wp","href":"https:\/\/api.w.org\/{rel}","templated":true}]}}