{"id":21645,"date":"2024-02-20T12:52:57","date_gmt":"2024-02-20T12:52:57","guid":{"rendered":"https:\/\/staging.parketasala.lv\/props\/"},"modified":"2025-03-19T08:26:17","modified_gmt":"2025-03-19T08:26:17","slug":"props","status":"publish","type":"page","link":"https:\/\/staging.parketasala.lv\/en\/props\/","title":{"rendered":"Props"},"content":{"rendered":"\n<h1 class=\"wp-block-heading\">Props<\/h1>\n\n<p>SIA Baltic Floors<br\/>Re\u0123. No: 40103947968<br\/>VAT. No: LV 40103947968<br\/>Address: 250 Maskavas Street, Riga, LV-1063<br\/>Telephone: +371 67189991; e-mail: info@parketsala.lv<br\/>Lursoft: <a href=\"https:\/\/company.lursoft.lv\/baltic-floors\/40103947968\">View<\/a><br\/>Bank: Swedbank<br\/>SWIFT: HABALV22<br\/>Account: LV49HABA0551040943223<\/p>\n","protected":false},"excerpt":{"rendered":"<p>Props SIA Baltic FloorsRe\u0123. No: 40103947968VAT. No: LV 40103947968Address: 250 Maskavas Street, Riga, LV-1063Telephone: +371 67189991; e-mail: info@parketsala.lvLursoft: ViewBank: SwedbankSWIFT: HABALV22Account: LV49HABA0551040943223<\/p>\n","protected":false},"author":3,"featured_media":0,"parent":0,"menu_order":0,"comment_status":"closed","ping_status":"closed","template":"","meta":{"_acf_changed":false,"footnotes":""},"class_list":["post-21645","page","type-page","status-publish","hentry"],"acf":[],"yoast_head":"<!-- This site is optimized with the Yoast SEO plugin v27.2 - https:\/\/yoast.com\/product\/yoast-seo-wordpress\/ -->\n<title>Props &#8211; Parketa Sala<\/title>\n<meta name=\"robots\" content=\"index,follow, noindex\" \/>\n<meta property=\"og:locale\" content=\"en_US\" \/>\n<meta property=\"og:type\" content=\"article\" \/>\n<meta property=\"og:title\" content=\"Props &#8211; Parketa Sala\" \/>\n<meta property=\"og:description\" content=\"Props SIA Baltic FloorsRe\u0123. No: 40103947968VAT. No: LV 40103947968Address: 250 Maskavas Street, Riga, LV-1063Telephone: +371 67189991; e-mail: info@parketsala.lvLursoft: ViewBank: SwedbankSWIFT: HABALV22Account: LV49HABA0551040943223\" \/>\n<meta property=\"og:url\" content=\"https:\/\/staging.parketasala.lv\/en\/props\/\" \/>\n<meta property=\"og:site_name\" content=\"Parketa Sala\" \/>\n<meta property=\"article:publisher\" content=\"https:\/\/www.facebook.com\/parketasala\/\" \/>\n<meta property=\"article:modified_time\" content=\"2025-03-19T08:26:17+00:00\" \/>\n<meta name=\"twitter:card\" content=\"summary_large_image\" \/>\n<script type=\"application\/ld+json\" class=\"yoast-schema-graph\">{\"@context\":\"https:\/\/schema.org\",\"@graph\":[{\"@type\":\"WebPage\",\"@id\":\"https:\/\/staging.parketasala.lv\/en\/props\/\",\"url\":\"https:\/\/staging.parketasala.lv\/en\/props\/\",\"name\":\"Props &#8211; Parketa Sala\",\"isPartOf\":{\"@id\":\"https:\/\/staging.parketasala.lv\/en\/#website\"},\"datePublished\":\"2024-02-20T12:52:57+00:00\",\"dateModified\":\"2025-03-19T08:26:17+00:00\",\"breadcrumb\":{\"@id\":\"https:\/\/staging.parketasala.lv\/en\/props\/#breadcrumb\"},\"inLanguage\":\"en-US\",\"potentialAction\":[{\"@type\":\"ReadAction\",\"target\":[\"https:\/\/staging.parketasala.lv\/en\/props\/\"]}]},{\"@type\":\"BreadcrumbList\",\"@id\":\"https:\/\/staging.parketasala.lv\/en\/props\/#breadcrumb\",\"itemListElement\":[{\"@type\":\"ListItem\",\"position\":1,\"name\":\"Home\",\"item\":\"https:\/\/staging.parketasala.lv\/en\/home\/\"},{\"@type\":\"ListItem\",\"position\":2,\"name\":\"Props\"}]},{\"@type\":\"WebSite\",\"@id\":\"https:\/\/staging.parketasala.lv\/en\/#website\",\"url\":\"https:\/\/staging.parketasala.lv\/en\/\",\"name\":\"Parketa Sala\",\"description\":\"Pla&scaron;s lamin\u0101ta, vinila, parketa un kor\u0137a gr\u012bdu kl\u0101sts\",\"publisher\":{\"@id\":\"https:\/\/staging.parketasala.lv\/en\/#organization\"},\"potentialAction\":[{\"@type\":\"SearchAction\",\"target\":{\"@type\":\"EntryPoint\",\"urlTemplate\":\"https:\/\/staging.parketasala.lv\/en\/?s={search_term_string}\"},\"query-input\":{\"@type\":\"PropertyValueSpecification\",\"valueRequired\":true,\"valueName\":\"search_term_string\"}}],\"inLanguage\":\"en-US\"},{\"@type\":\"Organization\",\"@id\":\"https:\/\/staging.parketasala.lv\/en\/#organization\",\"name\":\"Parketa Sala\",\"url\":\"https:\/\/staging.parketasala.lv\/en\/\",\"logo\":{\"@type\":\"ImageObject\",\"inLanguage\":\"en-US\",\"@id\":\"https:\/\/staging.parketasala.lv\/en\/#\/schema\/logo\/image\/\",\"url\":\"https:\/\/staging.parketasala.lv\/wp-content\/uploads\/2019\/12\/Logo-x3.png\",\"contentUrl\":\"https:\/\/staging.parketasala.lv\/wp-content\/uploads\/2019\/12\/Logo-x3.png\",\"width\":660,\"height\":137,\"caption\":\"Parketa Sala\"},\"image\":{\"@id\":\"https:\/\/staging.parketasala.lv\/en\/#\/schema\/logo\/image\/\"},\"sameAs\":[\"https:\/\/www.facebook.com\/parketasala\/\",\"https:\/\/www.instagram.com\/parketasala\/\"]}]}<\/script>\n<!-- \/ Yoast SEO plugin. -->","yoast_head_json":{"title":"Props &#8211; Parketa Sala","robots":{"index,follow":"index,follow","index":"noindex"},"og_locale":"en_US","og_type":"article","og_title":"Props &#8211; Parketa Sala","og_description":"Props SIA Baltic FloorsRe\u0123. No: 40103947968VAT. No: LV 40103947968Address: 250 Maskavas Street, Riga, LV-1063Telephone: +371 67189991; e-mail: info@parketsala.lvLursoft: ViewBank: SwedbankSWIFT: HABALV22Account: LV49HABA0551040943223","og_url":"https:\/\/staging.parketasala.lv\/en\/props\/","og_site_name":"Parketa Sala","article_publisher":"https:\/\/www.facebook.com\/parketasala\/","article_modified_time":"2025-03-19T08:26:17+00:00","twitter_card":"summary_large_image","schema":{"@context":"https:\/\/schema.org","@graph":[{"@type":"WebPage","@id":"https:\/\/staging.parketasala.lv\/en\/props\/","url":"https:\/\/staging.parketasala.lv\/en\/props\/","name":"Props &#8211; Parketa Sala","isPartOf":{"@id":"https:\/\/staging.parketasala.lv\/en\/#website"},"datePublished":"2024-02-20T12:52:57+00:00","dateModified":"2025-03-19T08:26:17+00:00","breadcrumb":{"@id":"https:\/\/staging.parketasala.lv\/en\/props\/#breadcrumb"},"inLanguage":"en-US","potentialAction":[{"@type":"ReadAction","target":["https:\/\/staging.parketasala.lv\/en\/props\/"]}]},{"@type":"BreadcrumbList","@id":"https:\/\/staging.parketasala.lv\/en\/props\/#breadcrumb","itemListElement":[{"@type":"ListItem","position":1,"name":"Home","item":"https:\/\/staging.parketasala.lv\/en\/home\/"},{"@type":"ListItem","position":2,"name":"Props"}]},{"@type":"WebSite","@id":"https:\/\/staging.parketasala.lv\/en\/#website","url":"https:\/\/staging.parketasala.lv\/en\/","name":"Parketa Sala","description":"Pla&scaron;s lamin\u0101ta, vinila, parketa un kor\u0137a gr\u012bdu kl\u0101sts","publisher":{"@id":"https:\/\/staging.parketasala.lv\/en\/#organization"},"potentialAction":[{"@type":"SearchAction","target":{"@type":"EntryPoint","urlTemplate":"https:\/\/staging.parketasala.lv\/en\/?s={search_term_string}"},"query-input":{"@type":"PropertyValueSpecification","valueRequired":true,"valueName":"search_term_string"}}],"inLanguage":"en-US"},{"@type":"Organization","@id":"https:\/\/staging.parketasala.lv\/en\/#organization","name":"Parketa Sala","url":"https:\/\/staging.parketasala.lv\/en\/","logo":{"@type":"ImageObject","inLanguage":"en-US","@id":"https:\/\/staging.parketasala.lv\/en\/#\/schema\/logo\/image\/","url":"https:\/\/staging.parketasala.lv\/wp-content\/uploads\/2019\/12\/Logo-x3.png","contentUrl":"https:\/\/staging.parketasala.lv\/wp-content\/uploads\/2019\/12\/Logo-x3.png","width":660,"height":137,"caption":"Parketa Sala"},"image":{"@id":"https:\/\/staging.parketasala.lv\/en\/#\/schema\/logo\/image\/"},"sameAs":["https:\/\/www.facebook.com\/parketasala\/","https:\/\/www.instagram.com\/parketasala\/"]}]}},"_links":{"self":[{"href":"https:\/\/staging.parketasala.lv\/en\/wp-json\/wp\/v2\/pages\/21645","targetHints":{"allow":["GET"]}}],"collection":[{"href":"https:\/\/staging.parketasala.lv\/en\/wp-json\/wp\/v2\/pages"}],"about":[{"href":"https:\/\/staging.parketasala.lv\/en\/wp-json\/wp\/v2\/types\/page"}],"author":[{"embeddable":true,"href":"https:\/\/staging.parketasala.lv\/en\/wp-json\/wp\/v2\/users\/3"}],"replies":[{"embeddable":true,"href":"https:\/\/staging.parketasala.lv\/en\/wp-json\/wp\/v2\/comments?post=21645"}],"version-history":[{"count":1,"href":"https:\/\/staging.parketasala.lv\/en\/wp-json\/wp\/v2\/pages\/21645\/revisions"}],"predecessor-version":[{"id":21649,"href":"https:\/\/staging.parketasala.lv\/en\/wp-json\/wp\/v2\/pages\/21645\/revisions\/21649"}],"wp:attachment":[{"href":"https:\/\/staging.parketasala.lv\/en\/wp-json\/wp\/v2\/media?parent=21645"}],"curies":[{"name":"wp","href":"https:\/\/api.w.org\/{rel}","templated":true}]}}