{"id":21831,"date":"2020-01-10T14:28:07","date_gmt":"2020-01-10T14:28:07","guid":{"rendered":"https:\/\/staging.parketasala.lv\/product\/quick-step-basic-plus-underlay\/"},"modified":"2025-03-20T09:24:00","modified_gmt":"2025-03-20T09:24:00","slug":"quick-step-basic-plus-underlay","status":"publish","type":"product","link":"https:\/\/staging.parketasala.lv\/en\/product\/quick-step-basic-plus-underlay\/","title":{"rendered":"Quick-Step Basic Plus underlay"},"content":{"rendered":"<p>QuickStep Basic Plus is a high-quality and economical underlay.<\/p>\n<p>This underlay combines sound absorption, moisture protection and floor levelling.<\/p>\n<p>It reduces cavity noises and transmits less sound to the rooms below the floor.<\/p>\n<p>The foil layer added to the underlay makes it a heat-loss neutralising underlay that reflects heat back into the room and also makes it waterproof, protecting your floor from capillary moisture.<\/p>\n<p>The underlay is suitable for rooms with underfloor heating and is easy to install thanks to the overlapping column with adhesive bonding strip.<\/p>\n<p>Suitable for rooms with low occupancy.<\/p>\n","protected":false},"excerpt":{"rendered":"<p>QuickStep Basic Plus is a high-quality and economical underlay. This underlay combines sound absorption, moisture protection and floor levelling. It reduces cavity noises and transmits less sound to the rooms below the floor. The foil layer added to the underlay makes it a heat-loss neutralising underlay that reflects heat back into the room and also [&hellip;]<\/p>\n","protected":false},"featured_media":12218,"template":"","meta":{"_acf_changed":false},"product_brand":[],"product_cat":[424,507],"product_tag":[],"class_list":{"0":"post-21831","1":"product","2":"type-product","3":"status-publish","4":"has-post-thumbnail","6":"product_cat-accessories","7":"product_cat-underlayers","9":"first","10":"instock","11":"taxable","12":"shipping-taxable","13":"purchasable","14":"product-type-simple"},"acf":[],"yoast_head":"<!-- This site is optimized with the Yoast SEO plugin v27.2 - https:\/\/yoast.com\/product\/yoast-seo-wordpress\/ -->\n<title>Quick-Step Basic Plus underlay &#8211; Parketa Sala<\/title>\n<meta name=\"robots\" content=\"index,follow, noindex\" \/>\n<meta property=\"og:locale\" content=\"en_US\" \/>\n<meta property=\"og:type\" content=\"article\" \/>\n<meta property=\"og:title\" content=\"Quick-Step Basic Plus underlay &#8211; Parketa Sala\" \/>\n<meta property=\"og:description\" content=\"QuickStep Basic Plus is a high-quality and economical underlay. This underlay combines sound absorption, moisture protection and floor levelling. It reduces cavity noises and transmits less sound to the rooms below the floor. The foil layer added to the underlay makes it a heat-loss neutralising underlay that reflects heat back into the room and also [&hellip;]\" \/>\n<meta property=\"og:url\" content=\"https:\/\/staging.parketasala.lv\/en\/product\/quick-step-basic-plus-underlay\/\" \/>\n<meta property=\"og:site_name\" content=\"Parketa Sala\" \/>\n<meta property=\"article:publisher\" content=\"https:\/\/www.facebook.com\/parketasala\/\" \/>\n<meta property=\"article:modified_time\" content=\"2025-03-20T09:24:00+00:00\" \/>\n<meta property=\"og:image\" content=\"https:\/\/staging.parketasala.lv\/wp-content\/uploads\/2020\/01\/BASICPLUS_QSUDLBP15_01_1-scaled.jpg\" \/>\n\t<meta property=\"og:image:width\" content=\"2560\" \/>\n\t<meta property=\"og:image:height\" content=\"1707\" \/>\n\t<meta property=\"og:image:type\" content=\"image\/jpeg\" \/>\n<meta name=\"twitter:card\" content=\"summary_large_image\" \/>\n<script type=\"application\/ld+json\" class=\"yoast-schema-graph\">{\"@context\":\"https:\/\/schema.org\",\"@graph\":[{\"@type\":\"WebPage\",\"@id\":\"https:\/\/staging.parketasala.lv\/en\/product\/quick-step-basic-plus-underlay\/\",\"url\":\"https:\/\/staging.parketasala.lv\/en\/product\/quick-step-basic-plus-underlay\/\",\"name\":\"Quick-Step Basic Plus underlay &#8211; Parketa Sala\",\"isPartOf\":{\"@id\":\"https:\/\/staging.parketasala.lv\/en\/#website\"},\"primaryImageOfPage\":{\"@id\":\"https:\/\/staging.parketasala.lv\/en\/product\/quick-step-basic-plus-underlay\/#primaryimage\"},\"image\":{\"@id\":\"https:\/\/staging.parketasala.lv\/en\/product\/quick-step-basic-plus-underlay\/#primaryimage\"},\"thumbnailUrl\":\"https:\/\/staging.parketasala.lv\/wp-content\/uploads\/2020\/01\/BASICPLUS_QSUDLBP15_01_1-scaled.jpg\",\"datePublished\":\"2020-01-10T14:28:07+00:00\",\"dateModified\":\"2025-03-20T09:24:00+00:00\",\"breadcrumb\":{\"@id\":\"https:\/\/staging.parketasala.lv\/en\/product\/quick-step-basic-plus-underlay\/#breadcrumb\"},\"inLanguage\":\"en-US\",\"potentialAction\":[{\"@type\":\"ReadAction\",\"target\":[\"https:\/\/staging.parketasala.lv\/en\/product\/quick-step-basic-plus-underlay\/\"]}]},{\"@type\":\"ImageObject\",\"inLanguage\":\"en-US\",\"@id\":\"https:\/\/staging.parketasala.lv\/en\/product\/quick-step-basic-plus-underlay\/#primaryimage\",\"url\":\"https:\/\/staging.parketasala.lv\/wp-content\/uploads\/2020\/01\/BASICPLUS_QSUDLBP15_01_1-scaled.jpg\",\"contentUrl\":\"https:\/\/staging.parketasala.lv\/wp-content\/uploads\/2020\/01\/BASICPLUS_QSUDLBP15_01_1-scaled.jpg\",\"width\":2560,\"height\":1707,\"caption\":\"Quick-Step Basic Plus QSUDLBP\"},{\"@type\":\"BreadcrumbList\",\"@id\":\"https:\/\/staging.parketasala.lv\/en\/product\/quick-step-basic-plus-underlay\/#breadcrumb\",\"itemListElement\":[{\"@type\":\"ListItem\",\"position\":1,\"name\":\"Home\",\"item\":\"https:\/\/staging.parketasala.lv\/en\/home\/\"},{\"@type\":\"ListItem\",\"position\":2,\"name\":\"Shop\",\"item\":\"https:\/\/staging.parketasala.lv\/en\/shop\/\"},{\"@type\":\"ListItem\",\"position\":3,\"name\":\"Quick-Step Basic Plus underlay\"}]},{\"@type\":\"WebSite\",\"@id\":\"https:\/\/staging.parketasala.lv\/en\/#website\",\"url\":\"https:\/\/staging.parketasala.lv\/en\/\",\"name\":\"Parketa Sala\",\"description\":\"Pla&scaron;s lamin\u0101ta, vinila, parketa un kor\u0137a gr\u012bdu kl\u0101sts\",\"publisher\":{\"@id\":\"https:\/\/staging.parketasala.lv\/en\/#organization\"},\"potentialAction\":[{\"@type\":\"SearchAction\",\"target\":{\"@type\":\"EntryPoint\",\"urlTemplate\":\"https:\/\/staging.parketasala.lv\/en\/?s={search_term_string}\"},\"query-input\":{\"@type\":\"PropertyValueSpecification\",\"valueRequired\":true,\"valueName\":\"search_term_string\"}}],\"inLanguage\":\"en-US\"},{\"@type\":\"Organization\",\"@id\":\"https:\/\/staging.parketasala.lv\/en\/#organization\",\"name\":\"Parketa Sala\",\"url\":\"https:\/\/staging.parketasala.lv\/en\/\",\"logo\":{\"@type\":\"ImageObject\",\"inLanguage\":\"en-US\",\"@id\":\"https:\/\/staging.parketasala.lv\/en\/#\/schema\/logo\/image\/\",\"url\":\"https:\/\/staging.parketasala.lv\/wp-content\/uploads\/2019\/12\/Logo-x3.png\",\"contentUrl\":\"https:\/\/staging.parketasala.lv\/wp-content\/uploads\/2019\/12\/Logo-x3.png\",\"width\":660,\"height\":137,\"caption\":\"Parketa Sala\"},\"image\":{\"@id\":\"https:\/\/staging.parketasala.lv\/en\/#\/schema\/logo\/image\/\"},\"sameAs\":[\"https:\/\/www.facebook.com\/parketasala\/\",\"https:\/\/www.instagram.com\/parketasala\/\"]}]}<\/script>\n<!-- \/ Yoast SEO plugin. -->","yoast_head_json":{"title":"Quick-Step Basic Plus underlay &#8211; Parketa Sala","robots":{"index,follow":"index,follow","index":"noindex"},"og_locale":"en_US","og_type":"article","og_title":"Quick-Step Basic Plus underlay &#8211; Parketa Sala","og_description":"QuickStep Basic Plus is a high-quality and economical underlay. This underlay combines sound absorption, moisture protection and floor levelling. It reduces cavity noises and transmits less sound to the rooms below the floor. The foil layer added to the underlay makes it a heat-loss neutralising underlay that reflects heat back into the room and also [&hellip;]","og_url":"https:\/\/staging.parketasala.lv\/en\/product\/quick-step-basic-plus-underlay\/","og_site_name":"Parketa Sala","article_publisher":"https:\/\/www.facebook.com\/parketasala\/","article_modified_time":"2025-03-20T09:24:00+00:00","og_image":[{"width":2560,"height":1707,"url":"https:\/\/staging.parketasala.lv\/wp-content\/uploads\/2020\/01\/BASICPLUS_QSUDLBP15_01_1-scaled.jpg","type":"image\/jpeg"}],"twitter_card":"summary_large_image","schema":{"@context":"https:\/\/schema.org","@graph":[{"@type":"WebPage","@id":"https:\/\/staging.parketasala.lv\/en\/product\/quick-step-basic-plus-underlay\/","url":"https:\/\/staging.parketasala.lv\/en\/product\/quick-step-basic-plus-underlay\/","name":"Quick-Step Basic Plus underlay &#8211; Parketa Sala","isPartOf":{"@id":"https:\/\/staging.parketasala.lv\/en\/#website"},"primaryImageOfPage":{"@id":"https:\/\/staging.parketasala.lv\/en\/product\/quick-step-basic-plus-underlay\/#primaryimage"},"image":{"@id":"https:\/\/staging.parketasala.lv\/en\/product\/quick-step-basic-plus-underlay\/#primaryimage"},"thumbnailUrl":"https:\/\/staging.parketasala.lv\/wp-content\/uploads\/2020\/01\/BASICPLUS_QSUDLBP15_01_1-scaled.jpg","datePublished":"2020-01-10T14:28:07+00:00","dateModified":"2025-03-20T09:24:00+00:00","breadcrumb":{"@id":"https:\/\/staging.parketasala.lv\/en\/product\/quick-step-basic-plus-underlay\/#breadcrumb"},"inLanguage":"en-US","potentialAction":[{"@type":"ReadAction","target":["https:\/\/staging.parketasala.lv\/en\/product\/quick-step-basic-plus-underlay\/"]}]},{"@type":"ImageObject","inLanguage":"en-US","@id":"https:\/\/staging.parketasala.lv\/en\/product\/quick-step-basic-plus-underlay\/#primaryimage","url":"https:\/\/staging.parketasala.lv\/wp-content\/uploads\/2020\/01\/BASICPLUS_QSUDLBP15_01_1-scaled.jpg","contentUrl":"https:\/\/staging.parketasala.lv\/wp-content\/uploads\/2020\/01\/BASICPLUS_QSUDLBP15_01_1-scaled.jpg","width":2560,"height":1707,"caption":"Quick-Step Basic Plus QSUDLBP"},{"@type":"BreadcrumbList","@id":"https:\/\/staging.parketasala.lv\/en\/product\/quick-step-basic-plus-underlay\/#breadcrumb","itemListElement":[{"@type":"ListItem","position":1,"name":"Home","item":"https:\/\/staging.parketasala.lv\/en\/home\/"},{"@type":"ListItem","position":2,"name":"Shop","item":"https:\/\/staging.parketasala.lv\/en\/shop\/"},{"@type":"ListItem","position":3,"name":"Quick-Step Basic Plus underlay"}]},{"@type":"WebSite","@id":"https:\/\/staging.parketasala.lv\/en\/#website","url":"https:\/\/staging.parketasala.lv\/en\/","name":"Parketa Sala","description":"Pla&scaron;s lamin\u0101ta, vinila, parketa un kor\u0137a gr\u012bdu kl\u0101sts","publisher":{"@id":"https:\/\/staging.parketasala.lv\/en\/#organization"},"potentialAction":[{"@type":"SearchAction","target":{"@type":"EntryPoint","urlTemplate":"https:\/\/staging.parketasala.lv\/en\/?s={search_term_string}"},"query-input":{"@type":"PropertyValueSpecification","valueRequired":true,"valueName":"search_term_string"}}],"inLanguage":"en-US"},{"@type":"Organization","@id":"https:\/\/staging.parketasala.lv\/en\/#organization","name":"Parketa Sala","url":"https:\/\/staging.parketasala.lv\/en\/","logo":{"@type":"ImageObject","inLanguage":"en-US","@id":"https:\/\/staging.parketasala.lv\/en\/#\/schema\/logo\/image\/","url":"https:\/\/staging.parketasala.lv\/wp-content\/uploads\/2019\/12\/Logo-x3.png","contentUrl":"https:\/\/staging.parketasala.lv\/wp-content\/uploads\/2019\/12\/Logo-x3.png","width":660,"height":137,"caption":"Parketa Sala"},"image":{"@id":"https:\/\/staging.parketasala.lv\/en\/#\/schema\/logo\/image\/"},"sameAs":["https:\/\/www.facebook.com\/parketasala\/","https:\/\/www.instagram.com\/parketasala\/"]}]}},"_links":{"self":[{"href":"https:\/\/staging.parketasala.lv\/en\/wp-json\/wp\/v2\/product\/21831","targetHints":{"allow":["GET"]}}],"collection":[{"href":"https:\/\/staging.parketasala.lv\/en\/wp-json\/wp\/v2\/product"}],"about":[{"href":"https:\/\/staging.parketasala.lv\/en\/wp-json\/wp\/v2\/types\/product"}],"wp:featuredmedia":[{"embeddable":true,"href":"https:\/\/staging.parketasala.lv\/en\/wp-json\/wp\/v2\/media\/12218"}],"wp:attachment":[{"href":"https:\/\/staging.parketasala.lv\/en\/wp-json\/wp\/v2\/media?parent=21831"}],"wp:term":[{"taxonomy":"product_brand","embeddable":true,"href":"https:\/\/staging.parketasala.lv\/en\/wp-json\/wp\/v2\/product_brand?post=21831"},{"taxonomy":"product_cat","embeddable":true,"href":"https:\/\/staging.parketasala.lv\/en\/wp-json\/wp\/v2\/product_cat?post=21831"},{"taxonomy":"product_tag","embeddable":true,"href":"https:\/\/staging.parketasala.lv\/en\/wp-json\/wp\/v2\/product_tag?post=21831"}],"curies":[{"name":"wp","href":"https:\/\/api.w.org\/{rel}","templated":true}]}}