{"id":21839,"date":"2020-01-15T13:29:27","date_gmt":"2020-01-15T13:29:27","guid":{"rendered":"https:\/\/staging.parketasala.lv\/product\/haro-silent-eco-ds\/"},"modified":"2025-03-20T08:31:02","modified_gmt":"2025-03-20T08:31:02","slug":"haro-silent-eco-ds","status":"publish","type":"product","link":"https:\/\/staging.parketasala.lv\/en\/product\/haro-silent-eco-ds\/","title":{"rendered":"HARO Silent Eco DS"},"content":{"rendered":"<p>Top quality underlay with excellent sound insulation properties, ideal for warm floors (thermal transmittance only 0.01 m\u00b2 K\/W). Ecological underlay; 90% of the raw materials are of natural origin. When Silent Eco DS underlay is laid, the sheets are bonded to each other with <strong><a href=\"https:\/\/staging.parketasala.lv\/en\/product\/aluminium-adhesive-tape-haro\/\" target=\"_blank\" rel=\"noopener noreferrer\">HARO aluminium adhesive tape<\/a><\/strong>.  <\/p>\n","protected":false},"excerpt":{"rendered":"<p>Top quality underlay with excellent sound insulation properties, ideal for warm floors (thermal transmittance only 0.01 m\u00b2 K\/W). Ecological underlay; 90% of the raw materials are of natural origin. When Silent Eco DS underlay is laid, the sheets are bonded to each other with HARO aluminium adhesive tape.<\/p>\n","protected":false},"featured_media":12247,"template":"","meta":{"_acf_changed":false},"product_brand":[],"product_cat":[424,507],"product_tag":[],"class_list":{"0":"post-21839","1":"product","2":"type-product","3":"status-publish","4":"has-post-thumbnail","6":"product_cat-accessories","7":"product_cat-underlayers","9":"first","10":"instock","11":"taxable","12":"shipping-taxable","13":"purchasable","14":"product-type-simple"},"acf":[],"yoast_head":"<!-- This site is optimized with the Yoast SEO plugin v27.2 - https:\/\/yoast.com\/product\/yoast-seo-wordpress\/ -->\n<title>HARO Silent Eco DS &#8211; Parketa Sala<\/title>\n<meta name=\"robots\" content=\"index,follow, noindex\" \/>\n<meta property=\"og:locale\" content=\"en_US\" \/>\n<meta property=\"og:type\" content=\"article\" \/>\n<meta property=\"og:title\" content=\"HARO Silent Eco DS &#8211; Parketa Sala\" \/>\n<meta property=\"og:description\" content=\"Top quality underlay with excellent sound insulation properties, ideal for warm floors (thermal transmittance only 0.01 m\u00b2 K\/W). Ecological underlay; 90% of the raw materials are of natural origin. When Silent Eco DS underlay is laid, the sheets are bonded to each other with HARO aluminium adhesive tape.\" \/>\n<meta property=\"og:url\" content=\"https:\/\/staging.parketasala.lv\/en\/product\/haro-silent-eco-ds\/\" \/>\n<meta property=\"og:site_name\" content=\"Parketa Sala\" \/>\n<meta property=\"article:publisher\" content=\"https:\/\/www.facebook.com\/parketasala\/\" \/>\n<meta property=\"article:modified_time\" content=\"2025-03-20T08:31:02+00:00\" \/>\n<meta property=\"og:image\" content=\"https:\/\/staging.parketasala.lv\/wp-content\/uploads\/2020\/01\/407850_HARO_silent_ec_ds.jpg\" \/>\n\t<meta property=\"og:image:width\" content=\"1000\" \/>\n\t<meta property=\"og:image:height\" content=\"1000\" \/>\n\t<meta property=\"og:image:type\" content=\"image\/jpeg\" \/>\n<meta name=\"twitter:card\" content=\"summary_large_image\" \/>\n<script type=\"application\/ld+json\" class=\"yoast-schema-graph\">{\"@context\":\"https:\/\/schema.org\",\"@graph\":[{\"@type\":\"WebPage\",\"@id\":\"https:\/\/staging.parketasala.lv\/en\/product\/haro-silent-eco-ds\/\",\"url\":\"https:\/\/staging.parketasala.lv\/en\/product\/haro-silent-eco-ds\/\",\"name\":\"HARO Silent Eco DS &#8211; Parketa Sala\",\"isPartOf\":{\"@id\":\"https:\/\/staging.parketasala.lv\/en\/#website\"},\"primaryImageOfPage\":{\"@id\":\"https:\/\/staging.parketasala.lv\/en\/product\/haro-silent-eco-ds\/#primaryimage\"},\"image\":{\"@id\":\"https:\/\/staging.parketasala.lv\/en\/product\/haro-silent-eco-ds\/#primaryimage\"},\"thumbnailUrl\":\"https:\/\/staging.parketasala.lv\/wp-content\/uploads\/2020\/01\/407850_HARO_silent_ec_ds.jpg\",\"datePublished\":\"2020-01-15T13:29:27+00:00\",\"dateModified\":\"2025-03-20T08:31:02+00:00\",\"breadcrumb\":{\"@id\":\"https:\/\/staging.parketasala.lv\/en\/product\/haro-silent-eco-ds\/#breadcrumb\"},\"inLanguage\":\"en-US\",\"potentialAction\":[{\"@type\":\"ReadAction\",\"target\":[\"https:\/\/staging.parketasala.lv\/en\/product\/haro-silent-eco-ds\/\"]}]},{\"@type\":\"ImageObject\",\"inLanguage\":\"en-US\",\"@id\":\"https:\/\/staging.parketasala.lv\/en\/product\/haro-silent-eco-ds\/#primaryimage\",\"url\":\"https:\/\/staging.parketasala.lv\/wp-content\/uploads\/2020\/01\/407850_HARO_silent_ec_ds.jpg\",\"contentUrl\":\"https:\/\/staging.parketasala.lv\/wp-content\/uploads\/2020\/01\/407850_HARO_silent_ec_ds.jpg\",\"width\":1000,\"height\":1000,\"caption\":\"subclass haro silent eco ds\"},{\"@type\":\"BreadcrumbList\",\"@id\":\"https:\/\/staging.parketasala.lv\/en\/product\/haro-silent-eco-ds\/#breadcrumb\",\"itemListElement\":[{\"@type\":\"ListItem\",\"position\":1,\"name\":\"Home\",\"item\":\"https:\/\/staging.parketasala.lv\/en\/home\/\"},{\"@type\":\"ListItem\",\"position\":2,\"name\":\"Shop\",\"item\":\"https:\/\/staging.parketasala.lv\/en\/shop\/\"},{\"@type\":\"ListItem\",\"position\":3,\"name\":\"HARO Silent Eco DS\"}]},{\"@type\":\"WebSite\",\"@id\":\"https:\/\/staging.parketasala.lv\/en\/#website\",\"url\":\"https:\/\/staging.parketasala.lv\/en\/\",\"name\":\"Parketa Sala\",\"description\":\"Pla&scaron;s lamin\u0101ta, vinila, parketa un kor\u0137a gr\u012bdu kl\u0101sts\",\"publisher\":{\"@id\":\"https:\/\/staging.parketasala.lv\/en\/#organization\"},\"potentialAction\":[{\"@type\":\"SearchAction\",\"target\":{\"@type\":\"EntryPoint\",\"urlTemplate\":\"https:\/\/staging.parketasala.lv\/en\/?s={search_term_string}\"},\"query-input\":{\"@type\":\"PropertyValueSpecification\",\"valueRequired\":true,\"valueName\":\"search_term_string\"}}],\"inLanguage\":\"en-US\"},{\"@type\":\"Organization\",\"@id\":\"https:\/\/staging.parketasala.lv\/en\/#organization\",\"name\":\"Parketa Sala\",\"url\":\"https:\/\/staging.parketasala.lv\/en\/\",\"logo\":{\"@type\":\"ImageObject\",\"inLanguage\":\"en-US\",\"@id\":\"https:\/\/staging.parketasala.lv\/en\/#\/schema\/logo\/image\/\",\"url\":\"https:\/\/staging.parketasala.lv\/wp-content\/uploads\/2019\/12\/Logo-x3.png\",\"contentUrl\":\"https:\/\/staging.parketasala.lv\/wp-content\/uploads\/2019\/12\/Logo-x3.png\",\"width\":660,\"height\":137,\"caption\":\"Parketa Sala\"},\"image\":{\"@id\":\"https:\/\/staging.parketasala.lv\/en\/#\/schema\/logo\/image\/\"},\"sameAs\":[\"https:\/\/www.facebook.com\/parketasala\/\",\"https:\/\/www.instagram.com\/parketasala\/\"]}]}<\/script>\n<!-- \/ Yoast SEO plugin. -->","yoast_head_json":{"title":"HARO Silent Eco DS &#8211; Parketa Sala","robots":{"index,follow":"index,follow","index":"noindex"},"og_locale":"en_US","og_type":"article","og_title":"HARO Silent Eco DS &#8211; Parketa Sala","og_description":"Top quality underlay with excellent sound insulation properties, ideal for warm floors (thermal transmittance only 0.01 m\u00b2 K\/W). Ecological underlay; 90% of the raw materials are of natural origin. When Silent Eco DS underlay is laid, the sheets are bonded to each other with HARO aluminium adhesive tape.","og_url":"https:\/\/staging.parketasala.lv\/en\/product\/haro-silent-eco-ds\/","og_site_name":"Parketa Sala","article_publisher":"https:\/\/www.facebook.com\/parketasala\/","article_modified_time":"2025-03-20T08:31:02+00:00","og_image":[{"width":1000,"height":1000,"url":"https:\/\/staging.parketasala.lv\/wp-content\/uploads\/2020\/01\/407850_HARO_silent_ec_ds.jpg","type":"image\/jpeg"}],"twitter_card":"summary_large_image","schema":{"@context":"https:\/\/schema.org","@graph":[{"@type":"WebPage","@id":"https:\/\/staging.parketasala.lv\/en\/product\/haro-silent-eco-ds\/","url":"https:\/\/staging.parketasala.lv\/en\/product\/haro-silent-eco-ds\/","name":"HARO Silent Eco DS &#8211; Parketa Sala","isPartOf":{"@id":"https:\/\/staging.parketasala.lv\/en\/#website"},"primaryImageOfPage":{"@id":"https:\/\/staging.parketasala.lv\/en\/product\/haro-silent-eco-ds\/#primaryimage"},"image":{"@id":"https:\/\/staging.parketasala.lv\/en\/product\/haro-silent-eco-ds\/#primaryimage"},"thumbnailUrl":"https:\/\/staging.parketasala.lv\/wp-content\/uploads\/2020\/01\/407850_HARO_silent_ec_ds.jpg","datePublished":"2020-01-15T13:29:27+00:00","dateModified":"2025-03-20T08:31:02+00:00","breadcrumb":{"@id":"https:\/\/staging.parketasala.lv\/en\/product\/haro-silent-eco-ds\/#breadcrumb"},"inLanguage":"en-US","potentialAction":[{"@type":"ReadAction","target":["https:\/\/staging.parketasala.lv\/en\/product\/haro-silent-eco-ds\/"]}]},{"@type":"ImageObject","inLanguage":"en-US","@id":"https:\/\/staging.parketasala.lv\/en\/product\/haro-silent-eco-ds\/#primaryimage","url":"https:\/\/staging.parketasala.lv\/wp-content\/uploads\/2020\/01\/407850_HARO_silent_ec_ds.jpg","contentUrl":"https:\/\/staging.parketasala.lv\/wp-content\/uploads\/2020\/01\/407850_HARO_silent_ec_ds.jpg","width":1000,"height":1000,"caption":"subclass haro silent eco ds"},{"@type":"BreadcrumbList","@id":"https:\/\/staging.parketasala.lv\/en\/product\/haro-silent-eco-ds\/#breadcrumb","itemListElement":[{"@type":"ListItem","position":1,"name":"Home","item":"https:\/\/staging.parketasala.lv\/en\/home\/"},{"@type":"ListItem","position":2,"name":"Shop","item":"https:\/\/staging.parketasala.lv\/en\/shop\/"},{"@type":"ListItem","position":3,"name":"HARO Silent Eco DS"}]},{"@type":"WebSite","@id":"https:\/\/staging.parketasala.lv\/en\/#website","url":"https:\/\/staging.parketasala.lv\/en\/","name":"Parketa Sala","description":"Pla&scaron;s lamin\u0101ta, vinila, parketa un kor\u0137a gr\u012bdu kl\u0101sts","publisher":{"@id":"https:\/\/staging.parketasala.lv\/en\/#organization"},"potentialAction":[{"@type":"SearchAction","target":{"@type":"EntryPoint","urlTemplate":"https:\/\/staging.parketasala.lv\/en\/?s={search_term_string}"},"query-input":{"@type":"PropertyValueSpecification","valueRequired":true,"valueName":"search_term_string"}}],"inLanguage":"en-US"},{"@type":"Organization","@id":"https:\/\/staging.parketasala.lv\/en\/#organization","name":"Parketa Sala","url":"https:\/\/staging.parketasala.lv\/en\/","logo":{"@type":"ImageObject","inLanguage":"en-US","@id":"https:\/\/staging.parketasala.lv\/en\/#\/schema\/logo\/image\/","url":"https:\/\/staging.parketasala.lv\/wp-content\/uploads\/2019\/12\/Logo-x3.png","contentUrl":"https:\/\/staging.parketasala.lv\/wp-content\/uploads\/2019\/12\/Logo-x3.png","width":660,"height":137,"caption":"Parketa Sala"},"image":{"@id":"https:\/\/staging.parketasala.lv\/en\/#\/schema\/logo\/image\/"},"sameAs":["https:\/\/www.facebook.com\/parketasala\/","https:\/\/www.instagram.com\/parketasala\/"]}]}},"_links":{"self":[{"href":"https:\/\/staging.parketasala.lv\/en\/wp-json\/wp\/v2\/product\/21839","targetHints":{"allow":["GET"]}}],"collection":[{"href":"https:\/\/staging.parketasala.lv\/en\/wp-json\/wp\/v2\/product"}],"about":[{"href":"https:\/\/staging.parketasala.lv\/en\/wp-json\/wp\/v2\/types\/product"}],"wp:featuredmedia":[{"embeddable":true,"href":"https:\/\/staging.parketasala.lv\/en\/wp-json\/wp\/v2\/media\/12247"}],"wp:attachment":[{"href":"https:\/\/staging.parketasala.lv\/en\/wp-json\/wp\/v2\/media?parent=21839"}],"wp:term":[{"taxonomy":"product_brand","embeddable":true,"href":"https:\/\/staging.parketasala.lv\/en\/wp-json\/wp\/v2\/product_brand?post=21839"},{"taxonomy":"product_cat","embeddable":true,"href":"https:\/\/staging.parketasala.lv\/en\/wp-json\/wp\/v2\/product_cat?post=21839"},{"taxonomy":"product_tag","embeddable":true,"href":"https:\/\/staging.parketasala.lv\/en\/wp-json\/wp\/v2\/product_tag?post=21839"}],"curies":[{"name":"wp","href":"https:\/\/api.w.org\/{rel}","templated":true}]}}