{"id":22094,"date":"2020-12-19T11:52:09","date_gmt":"2020-12-19T11:52:09","guid":{"rendered":"https:\/\/staging.parketasala.lv\/product\/three-layer-parquet-oak-nature-grey-rustic\/"},"modified":"2025-03-21T08:22:29","modified_gmt":"2025-03-21T08:22:29","slug":"three-layer-parquet-oak-nature-grey-rustic","status":"publish","type":"product","link":"https:\/\/staging.parketasala.lv\/en\/product\/three-layer-parquet-oak-nature-grey-rustic\/","title":{"rendered":"Three-layer parquet oak Nature Grey Rustic"},"content":{"rendered":"<p>Brushed and oiled Rustic parquet with Click joint and 4-sided bevel.<\/p>\n<p>Rustic parquet allows live branches up to 60 mm, fallen branches up to 30 mm in diameter. Healthy heartwood is acceptable. <\/p>\n<p>&nbsp;<\/p>\n","protected":false},"excerpt":{"rendered":"<p>Brushed and oiled Rustic parquet with Click joint and 4-sided bevel. Rustic parquet allows live branches up to 60 mm, fallen branches up to 30 mm in diameter. Healthy heartwood is acceptable. &nbsp;<\/p>\n","protected":false},"featured_media":14750,"template":"","meta":{"_acf_changed":false},"product_brand":[],"product_cat":[536,538,522],"product_tag":[],"class_list":{"0":"post-22094","1":"product","2":"type-product","3":"status-publish","4":"has-post-thumbnail","6":"product_cat-3-layer-parquet","7":"product_cat-notus-wood","8":"product_cat-parquet","10":"first","11":"onbackorder","12":"taxable","13":"shipping-taxable","14":"purchasable","15":"product-type-simple"},"acf":[],"yoast_head":"<!-- This site is optimized with the Yoast SEO plugin v27.2 - https:\/\/yoast.com\/product\/yoast-seo-wordpress\/ -->\n<title>Three-layer parquet oak Nature Grey Rustic &#8211; Parketa Sala<\/title>\n<meta name=\"robots\" content=\"index,follow, noindex\" \/>\n<meta property=\"og:locale\" content=\"en_US\" \/>\n<meta property=\"og:type\" content=\"article\" \/>\n<meta property=\"og:title\" content=\"Three-layer parquet oak Nature Grey Rustic &#8211; Parketa Sala\" \/>\n<meta property=\"og:description\" content=\"Brushed and oiled Rustic parquet with Click joint and 4-sided bevel. Rustic parquet allows live branches up to 60 mm, fallen branches up to 30 mm in diameter. Healthy heartwood is acceptable. &nbsp;\" \/>\n<meta property=\"og:url\" content=\"https:\/\/staging.parketasala.lv\/en\/product\/three-layer-parquet-oak-nature-grey-rustic\/\" \/>\n<meta property=\"og:site_name\" content=\"Parketa Sala\" \/>\n<meta property=\"article:publisher\" content=\"https:\/\/www.facebook.com\/parketasala\/\" \/>\n<meta property=\"article:modified_time\" content=\"2025-03-21T08:22:29+00:00\" \/>\n<meta property=\"og:image\" content=\"https:\/\/staging.parketasala.lv\/wp-content\/uploads\/2020\/12\/GREY_4423_websize.jpg\" \/>\n\t<meta property=\"og:image:width\" content=\"1600\" \/>\n\t<meta property=\"og:image:height\" content=\"1067\" \/>\n\t<meta property=\"og:image:type\" content=\"image\/jpeg\" \/>\n<meta name=\"twitter:card\" content=\"summary_large_image\" \/>\n<script type=\"application\/ld+json\" class=\"yoast-schema-graph\">{\"@context\":\"https:\/\/schema.org\",\"@graph\":[{\"@type\":\"WebPage\",\"@id\":\"https:\/\/staging.parketasala.lv\/en\/product\/three-layer-parquet-oak-nature-grey-rustic\/\",\"url\":\"https:\/\/staging.parketasala.lv\/en\/product\/three-layer-parquet-oak-nature-grey-rustic\/\",\"name\":\"Three-layer parquet oak Nature Grey Rustic &#8211; Parketa Sala\",\"isPartOf\":{\"@id\":\"https:\/\/staging.parketasala.lv\/en\/#website\"},\"primaryImageOfPage\":{\"@id\":\"https:\/\/staging.parketasala.lv\/en\/product\/three-layer-parquet-oak-nature-grey-rustic\/#primaryimage\"},\"image\":{\"@id\":\"https:\/\/staging.parketasala.lv\/en\/product\/three-layer-parquet-oak-nature-grey-rustic\/#primaryimage\"},\"thumbnailUrl\":\"https:\/\/staging.parketasala.lv\/wp-content\/uploads\/2020\/12\/GREY_4423_websize.jpg\",\"datePublished\":\"2020-12-19T11:52:09+00:00\",\"dateModified\":\"2025-03-21T08:22:29+00:00\",\"breadcrumb\":{\"@id\":\"https:\/\/staging.parketasala.lv\/en\/product\/three-layer-parquet-oak-nature-grey-rustic\/#breadcrumb\"},\"inLanguage\":\"en-US\",\"potentialAction\":[{\"@type\":\"ReadAction\",\"target\":[\"https:\/\/staging.parketasala.lv\/en\/product\/three-layer-parquet-oak-nature-grey-rustic\/\"]}]},{\"@type\":\"ImageObject\",\"inLanguage\":\"en-US\",\"@id\":\"https:\/\/staging.parketasala.lv\/en\/product\/three-layer-parquet-oak-nature-grey-rustic\/#primaryimage\",\"url\":\"https:\/\/staging.parketasala.lv\/wp-content\/uploads\/2020\/12\/GREY_4423_websize.jpg\",\"contentUrl\":\"https:\/\/staging.parketasala.lv\/wp-content\/uploads\/2020\/12\/GREY_4423_websize.jpg\",\"width\":1600,\"height\":1067,\"caption\":\"trisslan-parkets-oak-nature-grey\"},{\"@type\":\"BreadcrumbList\",\"@id\":\"https:\/\/staging.parketasala.lv\/en\/product\/three-layer-parquet-oak-nature-grey-rustic\/#breadcrumb\",\"itemListElement\":[{\"@type\":\"ListItem\",\"position\":1,\"name\":\"Home\",\"item\":\"https:\/\/staging.parketasala.lv\/en\/home\/\"},{\"@type\":\"ListItem\",\"position\":2,\"name\":\"Shop\",\"item\":\"https:\/\/staging.parketasala.lv\/en\/shop\/\"},{\"@type\":\"ListItem\",\"position\":3,\"name\":\"Three-layer parquet oak Nature Grey Rustic\"}]},{\"@type\":\"WebSite\",\"@id\":\"https:\/\/staging.parketasala.lv\/en\/#website\",\"url\":\"https:\/\/staging.parketasala.lv\/en\/\",\"name\":\"Parketa Sala\",\"description\":\"Pla&scaron;s lamin\u0101ta, vinila, parketa un kor\u0137a gr\u012bdu kl\u0101sts\",\"publisher\":{\"@id\":\"https:\/\/staging.parketasala.lv\/en\/#organization\"},\"potentialAction\":[{\"@type\":\"SearchAction\",\"target\":{\"@type\":\"EntryPoint\",\"urlTemplate\":\"https:\/\/staging.parketasala.lv\/en\/?s={search_term_string}\"},\"query-input\":{\"@type\":\"PropertyValueSpecification\",\"valueRequired\":true,\"valueName\":\"search_term_string\"}}],\"inLanguage\":\"en-US\"},{\"@type\":\"Organization\",\"@id\":\"https:\/\/staging.parketasala.lv\/en\/#organization\",\"name\":\"Parketa Sala\",\"url\":\"https:\/\/staging.parketasala.lv\/en\/\",\"logo\":{\"@type\":\"ImageObject\",\"inLanguage\":\"en-US\",\"@id\":\"https:\/\/staging.parketasala.lv\/en\/#\/schema\/logo\/image\/\",\"url\":\"https:\/\/staging.parketasala.lv\/wp-content\/uploads\/2019\/12\/Logo-x3.png\",\"contentUrl\":\"https:\/\/staging.parketasala.lv\/wp-content\/uploads\/2019\/12\/Logo-x3.png\",\"width\":660,\"height\":137,\"caption\":\"Parketa Sala\"},\"image\":{\"@id\":\"https:\/\/staging.parketasala.lv\/en\/#\/schema\/logo\/image\/\"},\"sameAs\":[\"https:\/\/www.facebook.com\/parketasala\/\",\"https:\/\/www.instagram.com\/parketasala\/\"]}]}<\/script>\n<!-- \/ Yoast SEO plugin. -->","yoast_head_json":{"title":"Three-layer parquet oak Nature Grey Rustic &#8211; Parketa Sala","robots":{"index,follow":"index,follow","index":"noindex"},"og_locale":"en_US","og_type":"article","og_title":"Three-layer parquet oak Nature Grey Rustic &#8211; Parketa Sala","og_description":"Brushed and oiled Rustic parquet with Click joint and 4-sided bevel. Rustic parquet allows live branches up to 60 mm, fallen branches up to 30 mm in diameter. Healthy heartwood is acceptable. &nbsp;","og_url":"https:\/\/staging.parketasala.lv\/en\/product\/three-layer-parquet-oak-nature-grey-rustic\/","og_site_name":"Parketa Sala","article_publisher":"https:\/\/www.facebook.com\/parketasala\/","article_modified_time":"2025-03-21T08:22:29+00:00","og_image":[{"width":1600,"height":1067,"url":"https:\/\/staging.parketasala.lv\/wp-content\/uploads\/2020\/12\/GREY_4423_websize.jpg","type":"image\/jpeg"}],"twitter_card":"summary_large_image","schema":{"@context":"https:\/\/schema.org","@graph":[{"@type":"WebPage","@id":"https:\/\/staging.parketasala.lv\/en\/product\/three-layer-parquet-oak-nature-grey-rustic\/","url":"https:\/\/staging.parketasala.lv\/en\/product\/three-layer-parquet-oak-nature-grey-rustic\/","name":"Three-layer parquet oak Nature Grey Rustic &#8211; Parketa Sala","isPartOf":{"@id":"https:\/\/staging.parketasala.lv\/en\/#website"},"primaryImageOfPage":{"@id":"https:\/\/staging.parketasala.lv\/en\/product\/three-layer-parquet-oak-nature-grey-rustic\/#primaryimage"},"image":{"@id":"https:\/\/staging.parketasala.lv\/en\/product\/three-layer-parquet-oak-nature-grey-rustic\/#primaryimage"},"thumbnailUrl":"https:\/\/staging.parketasala.lv\/wp-content\/uploads\/2020\/12\/GREY_4423_websize.jpg","datePublished":"2020-12-19T11:52:09+00:00","dateModified":"2025-03-21T08:22:29+00:00","breadcrumb":{"@id":"https:\/\/staging.parketasala.lv\/en\/product\/three-layer-parquet-oak-nature-grey-rustic\/#breadcrumb"},"inLanguage":"en-US","potentialAction":[{"@type":"ReadAction","target":["https:\/\/staging.parketasala.lv\/en\/product\/three-layer-parquet-oak-nature-grey-rustic\/"]}]},{"@type":"ImageObject","inLanguage":"en-US","@id":"https:\/\/staging.parketasala.lv\/en\/product\/three-layer-parquet-oak-nature-grey-rustic\/#primaryimage","url":"https:\/\/staging.parketasala.lv\/wp-content\/uploads\/2020\/12\/GREY_4423_websize.jpg","contentUrl":"https:\/\/staging.parketasala.lv\/wp-content\/uploads\/2020\/12\/GREY_4423_websize.jpg","width":1600,"height":1067,"caption":"trisslan-parkets-oak-nature-grey"},{"@type":"BreadcrumbList","@id":"https:\/\/staging.parketasala.lv\/en\/product\/three-layer-parquet-oak-nature-grey-rustic\/#breadcrumb","itemListElement":[{"@type":"ListItem","position":1,"name":"Home","item":"https:\/\/staging.parketasala.lv\/en\/home\/"},{"@type":"ListItem","position":2,"name":"Shop","item":"https:\/\/staging.parketasala.lv\/en\/shop\/"},{"@type":"ListItem","position":3,"name":"Three-layer parquet oak Nature Grey Rustic"}]},{"@type":"WebSite","@id":"https:\/\/staging.parketasala.lv\/en\/#website","url":"https:\/\/staging.parketasala.lv\/en\/","name":"Parketa Sala","description":"Pla&scaron;s lamin\u0101ta, vinila, parketa un kor\u0137a gr\u012bdu kl\u0101sts","publisher":{"@id":"https:\/\/staging.parketasala.lv\/en\/#organization"},"potentialAction":[{"@type":"SearchAction","target":{"@type":"EntryPoint","urlTemplate":"https:\/\/staging.parketasala.lv\/en\/?s={search_term_string}"},"query-input":{"@type":"PropertyValueSpecification","valueRequired":true,"valueName":"search_term_string"}}],"inLanguage":"en-US"},{"@type":"Organization","@id":"https:\/\/staging.parketasala.lv\/en\/#organization","name":"Parketa Sala","url":"https:\/\/staging.parketasala.lv\/en\/","logo":{"@type":"ImageObject","inLanguage":"en-US","@id":"https:\/\/staging.parketasala.lv\/en\/#\/schema\/logo\/image\/","url":"https:\/\/staging.parketasala.lv\/wp-content\/uploads\/2019\/12\/Logo-x3.png","contentUrl":"https:\/\/staging.parketasala.lv\/wp-content\/uploads\/2019\/12\/Logo-x3.png","width":660,"height":137,"caption":"Parketa Sala"},"image":{"@id":"https:\/\/staging.parketasala.lv\/en\/#\/schema\/logo\/image\/"},"sameAs":["https:\/\/www.facebook.com\/parketasala\/","https:\/\/www.instagram.com\/parketasala\/"]}]}},"_links":{"self":[{"href":"https:\/\/staging.parketasala.lv\/en\/wp-json\/wp\/v2\/product\/22094","targetHints":{"allow":["GET"]}}],"collection":[{"href":"https:\/\/staging.parketasala.lv\/en\/wp-json\/wp\/v2\/product"}],"about":[{"href":"https:\/\/staging.parketasala.lv\/en\/wp-json\/wp\/v2\/types\/product"}],"wp:featuredmedia":[{"embeddable":true,"href":"https:\/\/staging.parketasala.lv\/en\/wp-json\/wp\/v2\/media\/14750"}],"wp:attachment":[{"href":"https:\/\/staging.parketasala.lv\/en\/wp-json\/wp\/v2\/media?parent=22094"}],"wp:term":[{"taxonomy":"product_brand","embeddable":true,"href":"https:\/\/staging.parketasala.lv\/en\/wp-json\/wp\/v2\/product_brand?post=22094"},{"taxonomy":"product_cat","embeddable":true,"href":"https:\/\/staging.parketasala.lv\/en\/wp-json\/wp\/v2\/product_cat?post=22094"},{"taxonomy":"product_tag","embeddable":true,"href":"https:\/\/staging.parketasala.lv\/en\/wp-json\/wp\/v2\/product_tag?post=22094"}],"curies":[{"name":"wp","href":"https:\/\/api.w.org\/{rel}","templated":true}]}}