{"id":22191,"date":"2020-03-12T14:07:56","date_gmt":"2020-03-12T14:07:56","guid":{"rendered":"https:\/\/staging.parketasala.lv\/product\/quick-step-compact-country-raw-oak-extra-matt-parquet\/"},"modified":"2025-03-21T08:03:33","modified_gmt":"2025-03-21T08:03:33","slug":"quick-step-compact-country-raw-oak-extra-matt-parquet","status":"publish","type":"product","link":"https:\/\/staging.parketasala.lv\/en\/product\/quick-step-compact-country-raw-oak-extra-matt-parquet\/","title":{"rendered":"Quick-Step Compact Country raw oak extra matt parquet"},"content":{"rendered":"<h4 style=\"text-align: left;\">Thanks to its 12.5mm thickness and HDF backing, the Quick-Step Compact collection is ideal for underfloor heating.<\/h4>\n<h4 style=\"text-align: left;\">This collection is characterised by a special matt finish.<\/h4>\n<h4 style=\"text-align: left;\">Thanks to the narrow size of the planks, the parquet in this collection will visually enlarge any room.<\/h4>\n<p>&nbsp;<\/p>\n<p>&nbsp;<\/p>\n<ul>\n<li>Surface &amp; Edge Protect+ &#8211; Moisture-resistant, water-repellent technology prevents the build-up of mud, food residues and other dirt at joints or on the surface of wooden planks.<\/li>\n<li>Wear, scratch and stain resistant coating<\/li>\n<li>UV natural oil or matt varnish treatment &#8211; improves the resistance of wood to UV discolouration<\/li>\n<li>V-groove. Between the long edges of the boards (2V) or between all 4 edges of the boards (4V) <\/li>\n<li>Narrow boards (14,5 cm)<\/li>\n<li>Uniclic &#8211; for faster and easier installation<\/li>\n<li>HDF base<\/li>\n<li>The collection includes 10 different decors<\/li>\n<\/ul>\n","protected":false},"excerpt":{"rendered":"<p>Thanks to its 12.5mm thickness and HDF backing, the Quick-Step Compact collection is ideal for underfloor heating. This collection is characterised by a special matt finish. Thanks to the narrow size of the planks, the parquet in this collection will visually enlarge any room. &nbsp; &nbsp; Surface &amp; Edge Protect+ &#8211; Moisture-resistant, water-repellent technology prevents [&hellip;]<\/p>\n","protected":false},"featured_media":14190,"template":"","meta":{"_acf_changed":false},"product_brand":[],"product_cat":[536,522,543],"product_tag":[],"class_list":{"0":"post-22191","1":"product","2":"type-product","3":"status-publish","4":"has-post-thumbnail","6":"product_cat-3-layer-parquet","7":"product_cat-parquet","8":"product_cat-quick-step","10":"first","11":"onbackorder","12":"sale","13":"taxable","14":"shipping-taxable","15":"purchasable","16":"product-type-simple"},"acf":[],"yoast_head":"<!-- This site is optimized with the Yoast SEO plugin v27.2 - https:\/\/yoast.com\/product\/yoast-seo-wordpress\/ -->\n<title>Quick-Step Compact Country raw oak extra matt parquet &#8211; Parketa Sala<\/title>\n<meta name=\"robots\" content=\"index,follow, noindex\" \/>\n<meta property=\"og:locale\" content=\"en_US\" \/>\n<meta property=\"og:type\" content=\"article\" \/>\n<meta property=\"og:title\" content=\"Quick-Step Compact Country raw oak extra matt parquet &#8211; Parketa Sala\" \/>\n<meta property=\"og:description\" content=\"Thanks to its 12.5mm thickness and HDF backing, the Quick-Step Compact collection is ideal for underfloor heating. This collection is characterised by a special matt finish. Thanks to the narrow size of the planks, the parquet in this collection will visually enlarge any room. &nbsp; &nbsp; Surface &amp; Edge Protect+ &#8211; Moisture-resistant, water-repellent technology prevents [&hellip;]\" \/>\n<meta property=\"og:url\" content=\"https:\/\/staging.parketasala.lv\/en\/product\/quick-step-compact-country-raw-oak-extra-matt-parquet\/\" \/>\n<meta property=\"og:site_name\" content=\"Parketa Sala\" \/>\n<meta property=\"article:publisher\" content=\"https:\/\/www.facebook.com\/parketasala\/\" \/>\n<meta property=\"article:modified_time\" content=\"2025-03-21T08:03:33+00:00\" \/>\n<meta property=\"og:image\" content=\"https:\/\/staging.parketasala.lv\/wp-content\/uploads\/2020\/03\/COM3097_Interior01-m-2-scaled.jpg\" \/>\n\t<meta property=\"og:image:width\" content=\"2560\" \/>\n\t<meta property=\"og:image:height\" content=\"2262\" \/>\n\t<meta property=\"og:image:type\" content=\"image\/jpeg\" \/>\n<meta name=\"twitter:card\" content=\"summary_large_image\" \/>\n<meta name=\"twitter:label1\" content=\"Est. reading time\" \/>\n\t<meta name=\"twitter:data1\" content=\"1 minute\" \/>\n<script type=\"application\/ld+json\" class=\"yoast-schema-graph\">{\"@context\":\"https:\/\/schema.org\",\"@graph\":[{\"@type\":\"WebPage\",\"@id\":\"https:\/\/staging.parketasala.lv\/en\/product\/quick-step-compact-country-raw-oak-extra-matt-parquet\/\",\"url\":\"https:\/\/staging.parketasala.lv\/en\/product\/quick-step-compact-country-raw-oak-extra-matt-parquet\/\",\"name\":\"Quick-Step Compact Country raw oak extra matt parquet &#8211; Parketa Sala\",\"isPartOf\":{\"@id\":\"https:\/\/staging.parketasala.lv\/en\/#website\"},\"primaryImageOfPage\":{\"@id\":\"https:\/\/staging.parketasala.lv\/en\/product\/quick-step-compact-country-raw-oak-extra-matt-parquet\/#primaryimage\"},\"image\":{\"@id\":\"https:\/\/staging.parketasala.lv\/en\/product\/quick-step-compact-country-raw-oak-extra-matt-parquet\/#primaryimage\"},\"thumbnailUrl\":\"https:\/\/staging.parketasala.lv\/wp-content\/uploads\/2020\/03\/COM3097_Interior01-m-2-scaled.jpg\",\"datePublished\":\"2020-03-12T14:07:56+00:00\",\"dateModified\":\"2025-03-21T08:03:33+00:00\",\"breadcrumb\":{\"@id\":\"https:\/\/staging.parketasala.lv\/en\/product\/quick-step-compact-country-raw-oak-extra-matt-parquet\/#breadcrumb\"},\"inLanguage\":\"en-US\",\"potentialAction\":[{\"@type\":\"ReadAction\",\"target\":[\"https:\/\/staging.parketasala.lv\/en\/product\/quick-step-compact-country-raw-oak-extra-matt-parquet\/\"]}]},{\"@type\":\"ImageObject\",\"inLanguage\":\"en-US\",\"@id\":\"https:\/\/staging.parketasala.lv\/en\/product\/quick-step-compact-country-raw-oak-extra-matt-parquet\/#primaryimage\",\"url\":\"https:\/\/staging.parketasala.lv\/wp-content\/uploads\/2020\/03\/COM3097_Interior01-m-2-scaled.jpg\",\"contentUrl\":\"https:\/\/staging.parketasala.lv\/wp-content\/uploads\/2020\/03\/COM3097_Interior01-m-2-scaled.jpg\",\"width\":2560,\"height\":2262,\"caption\":\"Three-layer parquet Quick-Step Compact Country raw oak extra matt COM3097\"},{\"@type\":\"BreadcrumbList\",\"@id\":\"https:\/\/staging.parketasala.lv\/en\/product\/quick-step-compact-country-raw-oak-extra-matt-parquet\/#breadcrumb\",\"itemListElement\":[{\"@type\":\"ListItem\",\"position\":1,\"name\":\"Home\",\"item\":\"https:\/\/staging.parketasala.lv\/en\/home\/\"},{\"@type\":\"ListItem\",\"position\":2,\"name\":\"Shop\",\"item\":\"https:\/\/staging.parketasala.lv\/en\/shop\/\"},{\"@type\":\"ListItem\",\"position\":3,\"name\":\"Quick-Step Compact Country raw oak extra matt parquet\"}]},{\"@type\":\"WebSite\",\"@id\":\"https:\/\/staging.parketasala.lv\/en\/#website\",\"url\":\"https:\/\/staging.parketasala.lv\/en\/\",\"name\":\"Parketa Sala\",\"description\":\"Pla&scaron;s lamin\u0101ta, vinila, parketa un kor\u0137a gr\u012bdu kl\u0101sts\",\"publisher\":{\"@id\":\"https:\/\/staging.parketasala.lv\/en\/#organization\"},\"potentialAction\":[{\"@type\":\"SearchAction\",\"target\":{\"@type\":\"EntryPoint\",\"urlTemplate\":\"https:\/\/staging.parketasala.lv\/en\/?s={search_term_string}\"},\"query-input\":{\"@type\":\"PropertyValueSpecification\",\"valueRequired\":true,\"valueName\":\"search_term_string\"}}],\"inLanguage\":\"en-US\"},{\"@type\":\"Organization\",\"@id\":\"https:\/\/staging.parketasala.lv\/en\/#organization\",\"name\":\"Parketa Sala\",\"url\":\"https:\/\/staging.parketasala.lv\/en\/\",\"logo\":{\"@type\":\"ImageObject\",\"inLanguage\":\"en-US\",\"@id\":\"https:\/\/staging.parketasala.lv\/en\/#\/schema\/logo\/image\/\",\"url\":\"https:\/\/staging.parketasala.lv\/wp-content\/uploads\/2019\/12\/Logo-x3.png\",\"contentUrl\":\"https:\/\/staging.parketasala.lv\/wp-content\/uploads\/2019\/12\/Logo-x3.png\",\"width\":660,\"height\":137,\"caption\":\"Parketa Sala\"},\"image\":{\"@id\":\"https:\/\/staging.parketasala.lv\/en\/#\/schema\/logo\/image\/\"},\"sameAs\":[\"https:\/\/www.facebook.com\/parketasala\/\",\"https:\/\/www.instagram.com\/parketasala\/\"]}]}<\/script>\n<!-- \/ Yoast SEO plugin. -->","yoast_head_json":{"title":"Quick-Step Compact Country raw oak extra matt parquet &#8211; Parketa Sala","robots":{"index,follow":"index,follow","index":"noindex"},"og_locale":"en_US","og_type":"article","og_title":"Quick-Step Compact Country raw oak extra matt parquet &#8211; Parketa Sala","og_description":"Thanks to its 12.5mm thickness and HDF backing, the Quick-Step Compact collection is ideal for underfloor heating. This collection is characterised by a special matt finish. Thanks to the narrow size of the planks, the parquet in this collection will visually enlarge any room. &nbsp; &nbsp; Surface &amp; Edge Protect+ &#8211; Moisture-resistant, water-repellent technology prevents [&hellip;]","og_url":"https:\/\/staging.parketasala.lv\/en\/product\/quick-step-compact-country-raw-oak-extra-matt-parquet\/","og_site_name":"Parketa Sala","article_publisher":"https:\/\/www.facebook.com\/parketasala\/","article_modified_time":"2025-03-21T08:03:33+00:00","og_image":[{"width":2560,"height":2262,"url":"https:\/\/staging.parketasala.lv\/wp-content\/uploads\/2020\/03\/COM3097_Interior01-m-2-scaled.jpg","type":"image\/jpeg"}],"twitter_card":"summary_large_image","twitter_misc":{"Est. reading time":"1 minute"},"schema":{"@context":"https:\/\/schema.org","@graph":[{"@type":"WebPage","@id":"https:\/\/staging.parketasala.lv\/en\/product\/quick-step-compact-country-raw-oak-extra-matt-parquet\/","url":"https:\/\/staging.parketasala.lv\/en\/product\/quick-step-compact-country-raw-oak-extra-matt-parquet\/","name":"Quick-Step Compact Country raw oak extra matt parquet &#8211; Parketa Sala","isPartOf":{"@id":"https:\/\/staging.parketasala.lv\/en\/#website"},"primaryImageOfPage":{"@id":"https:\/\/staging.parketasala.lv\/en\/product\/quick-step-compact-country-raw-oak-extra-matt-parquet\/#primaryimage"},"image":{"@id":"https:\/\/staging.parketasala.lv\/en\/product\/quick-step-compact-country-raw-oak-extra-matt-parquet\/#primaryimage"},"thumbnailUrl":"https:\/\/staging.parketasala.lv\/wp-content\/uploads\/2020\/03\/COM3097_Interior01-m-2-scaled.jpg","datePublished":"2020-03-12T14:07:56+00:00","dateModified":"2025-03-21T08:03:33+00:00","breadcrumb":{"@id":"https:\/\/staging.parketasala.lv\/en\/product\/quick-step-compact-country-raw-oak-extra-matt-parquet\/#breadcrumb"},"inLanguage":"en-US","potentialAction":[{"@type":"ReadAction","target":["https:\/\/staging.parketasala.lv\/en\/product\/quick-step-compact-country-raw-oak-extra-matt-parquet\/"]}]},{"@type":"ImageObject","inLanguage":"en-US","@id":"https:\/\/staging.parketasala.lv\/en\/product\/quick-step-compact-country-raw-oak-extra-matt-parquet\/#primaryimage","url":"https:\/\/staging.parketasala.lv\/wp-content\/uploads\/2020\/03\/COM3097_Interior01-m-2-scaled.jpg","contentUrl":"https:\/\/staging.parketasala.lv\/wp-content\/uploads\/2020\/03\/COM3097_Interior01-m-2-scaled.jpg","width":2560,"height":2262,"caption":"Three-layer parquet Quick-Step Compact Country raw oak extra matt COM3097"},{"@type":"BreadcrumbList","@id":"https:\/\/staging.parketasala.lv\/en\/product\/quick-step-compact-country-raw-oak-extra-matt-parquet\/#breadcrumb","itemListElement":[{"@type":"ListItem","position":1,"name":"Home","item":"https:\/\/staging.parketasala.lv\/en\/home\/"},{"@type":"ListItem","position":2,"name":"Shop","item":"https:\/\/staging.parketasala.lv\/en\/shop\/"},{"@type":"ListItem","position":3,"name":"Quick-Step Compact Country raw oak extra matt parquet"}]},{"@type":"WebSite","@id":"https:\/\/staging.parketasala.lv\/en\/#website","url":"https:\/\/staging.parketasala.lv\/en\/","name":"Parketa Sala","description":"Pla&scaron;s lamin\u0101ta, vinila, parketa un kor\u0137a gr\u012bdu kl\u0101sts","publisher":{"@id":"https:\/\/staging.parketasala.lv\/en\/#organization"},"potentialAction":[{"@type":"SearchAction","target":{"@type":"EntryPoint","urlTemplate":"https:\/\/staging.parketasala.lv\/en\/?s={search_term_string}"},"query-input":{"@type":"PropertyValueSpecification","valueRequired":true,"valueName":"search_term_string"}}],"inLanguage":"en-US"},{"@type":"Organization","@id":"https:\/\/staging.parketasala.lv\/en\/#organization","name":"Parketa Sala","url":"https:\/\/staging.parketasala.lv\/en\/","logo":{"@type":"ImageObject","inLanguage":"en-US","@id":"https:\/\/staging.parketasala.lv\/en\/#\/schema\/logo\/image\/","url":"https:\/\/staging.parketasala.lv\/wp-content\/uploads\/2019\/12\/Logo-x3.png","contentUrl":"https:\/\/staging.parketasala.lv\/wp-content\/uploads\/2019\/12\/Logo-x3.png","width":660,"height":137,"caption":"Parketa Sala"},"image":{"@id":"https:\/\/staging.parketasala.lv\/en\/#\/schema\/logo\/image\/"},"sameAs":["https:\/\/www.facebook.com\/parketasala\/","https:\/\/www.instagram.com\/parketasala\/"]}]}},"_links":{"self":[{"href":"https:\/\/staging.parketasala.lv\/en\/wp-json\/wp\/v2\/product\/22191","targetHints":{"allow":["GET"]}}],"collection":[{"href":"https:\/\/staging.parketasala.lv\/en\/wp-json\/wp\/v2\/product"}],"about":[{"href":"https:\/\/staging.parketasala.lv\/en\/wp-json\/wp\/v2\/types\/product"}],"wp:featuredmedia":[{"embeddable":true,"href":"https:\/\/staging.parketasala.lv\/en\/wp-json\/wp\/v2\/media\/14190"}],"wp:attachment":[{"href":"https:\/\/staging.parketasala.lv\/en\/wp-json\/wp\/v2\/media?parent=22191"}],"wp:term":[{"taxonomy":"product_brand","embeddable":true,"href":"https:\/\/staging.parketasala.lv\/en\/wp-json\/wp\/v2\/product_brand?post=22191"},{"taxonomy":"product_cat","embeddable":true,"href":"https:\/\/staging.parketasala.lv\/en\/wp-json\/wp\/v2\/product_cat?post=22191"},{"taxonomy":"product_tag","embeddable":true,"href":"https:\/\/staging.parketasala.lv\/en\/wp-json\/wp\/v2\/product_tag?post=22191"}],"curies":[{"name":"wp","href":"https:\/\/api.w.org\/{rel}","templated":true}]}}