{"id":23160,"date":"2022-11-23T13:35:03","date_gmt":"2022-11-23T13:35:03","guid":{"rendered":"https:\/\/staging.parketasala.lv\/product\/carpet-tiles-ivc-clay-273\/"},"modified":"2025-03-21T08:32:57","modified_gmt":"2025-03-21T08:32:57","slug":"carpet-tiles-ivc-clay-273","status":"publish","type":"product","link":"https:\/\/staging.parketasala.lv\/en\/product\/carpet-tiles-ivc-clay-273\/","title":{"rendered":"Carpet tiles IVC Clay 273"},"content":{"rendered":"<p>A characteristic feature of <strong>Clay<\/strong> is the distinctive carpet tile size of 25&#215;100 cm, resulting in a longitudinally oriented pattern. Clay carpet tiles comply with 33.  wear-resistant class and will serve perfectly in public areas &#8211; offices, hotels, leisure centres, etc. <a href=\"https:\/\/staging.parketasala.lv\/en\/product\/ivc-creative-spark-362\/\">Creative Spark 362<\/a>, <a href=\"https:\/\/staging.parketasala.lv\/en\/product\/ivc-creative-spark-232-carpet-tiles\/\">Creative Spark 232<\/a>, <a href=\"https:\/\/staging.parketasala.lv\/en\/product\/ivc-clay-create-325\/\">Clay Create 325<\/a>, <a href=\"https:\/\/staging.parketasala.lv\/en\/product\/ivc-creative-spark-363\/\">Creative Spark 363<\/a><\/p>\n","protected":false},"excerpt":{"rendered":"<p>A characteristic feature of Clay is the distinctive carpet tile size of 25&#215;100 cm, resulting in a longitudinally oriented pattern. Clay carpet tiles comply with 33. wear-resistant class and will serve perfectly in public areas &#8211; offices, hotels, leisure centres, etc. Creative Spark 362, Creative Spark 232, Clay Create 325, Creative Spark 363<\/p>\n","protected":false},"featured_media":18262,"template":"","meta":{"_acf_changed":false},"product_brand":[],"product_cat":[596,597],"product_tag":[],"class_list":{"0":"post-23160","1":"product","2":"type-product","3":"status-publish","4":"has-post-thumbnail","6":"product_cat-carpet-tiles","7":"product_cat-ivc-carpet-tiles","9":"first","10":"onbackorder","11":"taxable","12":"shipping-taxable","13":"purchasable","14":"product-type-simple"},"acf":[],"yoast_head":"<!-- This site is optimized with the Yoast SEO plugin v27.2 - https:\/\/yoast.com\/product\/yoast-seo-wordpress\/ -->\n<title>Carpet tiles IVC Clay 273 &#8211; Parketa Sala<\/title>\n<meta name=\"robots\" content=\"index,follow, noindex\" \/>\n<meta property=\"og:locale\" content=\"en_US\" \/>\n<meta property=\"og:type\" content=\"article\" \/>\n<meta property=\"og:title\" content=\"Carpet tiles IVC Clay 273 &#8211; Parketa Sala\" \/>\n<meta property=\"og:description\" content=\"A characteristic feature of Clay is the distinctive carpet tile size of 25&#215;100 cm, resulting in a longitudinally oriented pattern. Clay carpet tiles comply with 33. wear-resistant class and will serve perfectly in public areas &#8211; offices, hotels, leisure centres, etc. Creative Spark 362, Creative Spark 232, Clay Create 325, Creative Spark 363\" \/>\n<meta property=\"og:url\" content=\"https:\/\/staging.parketasala.lv\/en\/product\/carpet-tiles-ivc-clay-273\/\" \/>\n<meta property=\"og:site_name\" content=\"Parketa Sala\" \/>\n<meta property=\"article:publisher\" content=\"https:\/\/www.facebook.com\/parketasala\/\" \/>\n<meta property=\"article:modified_time\" content=\"2025-03-21T08:32:57+00:00\" \/>\n<meta property=\"og:image\" content=\"https:\/\/staging.parketasala.lv\/wp-content\/uploads\/2022\/11\/Rudiments_Clay-273_packshot-PRINT2560-871x1024.jpg\" \/>\n\t<meta property=\"og:image:width\" content=\"871\" \/>\n\t<meta property=\"og:image:height\" content=\"1024\" \/>\n\t<meta property=\"og:image:type\" content=\"image\/jpeg\" \/>\n<meta name=\"twitter:card\" content=\"summary_large_image\" \/>\n<script type=\"application\/ld+json\" class=\"yoast-schema-graph\">{\"@context\":\"https:\/\/schema.org\",\"@graph\":[{\"@type\":\"WebPage\",\"@id\":\"https:\/\/staging.parketasala.lv\/en\/product\/carpet-tiles-ivc-clay-273\/\",\"url\":\"https:\/\/staging.parketasala.lv\/en\/product\/carpet-tiles-ivc-clay-273\/\",\"name\":\"Carpet tiles IVC Clay 273 &#8211; Parketa Sala\",\"isPartOf\":{\"@id\":\"https:\/\/staging.parketasala.lv\/en\/#website\"},\"primaryImageOfPage\":{\"@id\":\"https:\/\/staging.parketasala.lv\/en\/product\/carpet-tiles-ivc-clay-273\/#primaryimage\"},\"image\":{\"@id\":\"https:\/\/staging.parketasala.lv\/en\/product\/carpet-tiles-ivc-clay-273\/#primaryimage\"},\"thumbnailUrl\":\"https:\/\/staging.parketasala.lv\/wp-content\/uploads\/2022\/11\/Rudiments_Clay-273_packshot-PRINT2560.jpg\",\"datePublished\":\"2022-11-23T13:35:03+00:00\",\"dateModified\":\"2025-03-21T08:32:57+00:00\",\"breadcrumb\":{\"@id\":\"https:\/\/staging.parketasala.lv\/en\/product\/carpet-tiles-ivc-clay-273\/#breadcrumb\"},\"inLanguage\":\"en-US\",\"potentialAction\":[{\"@type\":\"ReadAction\",\"target\":[\"https:\/\/staging.parketasala.lv\/en\/product\/carpet-tiles-ivc-clay-273\/\"]}]},{\"@type\":\"ImageObject\",\"inLanguage\":\"en-US\",\"@id\":\"https:\/\/staging.parketasala.lv\/en\/product\/carpet-tiles-ivc-clay-273\/#primaryimage\",\"url\":\"https:\/\/staging.parketasala.lv\/wp-content\/uploads\/2022\/11\/Rudiments_Clay-273_packshot-PRINT2560.jpg\",\"contentUrl\":\"https:\/\/staging.parketasala.lv\/wp-content\/uploads\/2022\/11\/Rudiments_Clay-273_packshot-PRINT2560.jpg\",\"width\":2177,\"height\":2560,\"caption\":\"paklajflizes-ivc-rudiments-clay-273\"},{\"@type\":\"BreadcrumbList\",\"@id\":\"https:\/\/staging.parketasala.lv\/en\/product\/carpet-tiles-ivc-clay-273\/#breadcrumb\",\"itemListElement\":[{\"@type\":\"ListItem\",\"position\":1,\"name\":\"Home\",\"item\":\"https:\/\/staging.parketasala.lv\/en\/home\/\"},{\"@type\":\"ListItem\",\"position\":2,\"name\":\"Shop\",\"item\":\"https:\/\/staging.parketasala.lv\/en\/shop\/\"},{\"@type\":\"ListItem\",\"position\":3,\"name\":\"Carpet tiles IVC Clay 273\"}]},{\"@type\":\"WebSite\",\"@id\":\"https:\/\/staging.parketasala.lv\/en\/#website\",\"url\":\"https:\/\/staging.parketasala.lv\/en\/\",\"name\":\"Parketa Sala\",\"description\":\"Pla&scaron;s lamin\u0101ta, vinila, parketa un kor\u0137a gr\u012bdu kl\u0101sts\",\"publisher\":{\"@id\":\"https:\/\/staging.parketasala.lv\/en\/#organization\"},\"potentialAction\":[{\"@type\":\"SearchAction\",\"target\":{\"@type\":\"EntryPoint\",\"urlTemplate\":\"https:\/\/staging.parketasala.lv\/en\/?s={search_term_string}\"},\"query-input\":{\"@type\":\"PropertyValueSpecification\",\"valueRequired\":true,\"valueName\":\"search_term_string\"}}],\"inLanguage\":\"en-US\"},{\"@type\":\"Organization\",\"@id\":\"https:\/\/staging.parketasala.lv\/en\/#organization\",\"name\":\"Parketa Sala\",\"url\":\"https:\/\/staging.parketasala.lv\/en\/\",\"logo\":{\"@type\":\"ImageObject\",\"inLanguage\":\"en-US\",\"@id\":\"https:\/\/staging.parketasala.lv\/en\/#\/schema\/logo\/image\/\",\"url\":\"https:\/\/staging.parketasala.lv\/wp-content\/uploads\/2019\/12\/Logo-x3.png\",\"contentUrl\":\"https:\/\/staging.parketasala.lv\/wp-content\/uploads\/2019\/12\/Logo-x3.png\",\"width\":660,\"height\":137,\"caption\":\"Parketa Sala\"},\"image\":{\"@id\":\"https:\/\/staging.parketasala.lv\/en\/#\/schema\/logo\/image\/\"},\"sameAs\":[\"https:\/\/www.facebook.com\/parketasala\/\",\"https:\/\/www.instagram.com\/parketasala\/\"]}]}<\/script>\n<!-- \/ Yoast SEO plugin. -->","yoast_head_json":{"title":"Carpet tiles IVC Clay 273 &#8211; Parketa Sala","robots":{"index,follow":"index,follow","index":"noindex"},"og_locale":"en_US","og_type":"article","og_title":"Carpet tiles IVC Clay 273 &#8211; Parketa Sala","og_description":"A characteristic feature of Clay is the distinctive carpet tile size of 25&#215;100 cm, resulting in a longitudinally oriented pattern. Clay carpet tiles comply with 33. wear-resistant class and will serve perfectly in public areas &#8211; offices, hotels, leisure centres, etc. Creative Spark 362, Creative Spark 232, Clay Create 325, Creative Spark 363","og_url":"https:\/\/staging.parketasala.lv\/en\/product\/carpet-tiles-ivc-clay-273\/","og_site_name":"Parketa Sala","article_publisher":"https:\/\/www.facebook.com\/parketasala\/","article_modified_time":"2025-03-21T08:32:57+00:00","og_image":[{"width":871,"height":1024,"url":"https:\/\/staging.parketasala.lv\/wp-content\/uploads\/2022\/11\/Rudiments_Clay-273_packshot-PRINT2560-871x1024.jpg","type":"image\/jpeg"}],"twitter_card":"summary_large_image","schema":{"@context":"https:\/\/schema.org","@graph":[{"@type":"WebPage","@id":"https:\/\/staging.parketasala.lv\/en\/product\/carpet-tiles-ivc-clay-273\/","url":"https:\/\/staging.parketasala.lv\/en\/product\/carpet-tiles-ivc-clay-273\/","name":"Carpet tiles IVC Clay 273 &#8211; Parketa Sala","isPartOf":{"@id":"https:\/\/staging.parketasala.lv\/en\/#website"},"primaryImageOfPage":{"@id":"https:\/\/staging.parketasala.lv\/en\/product\/carpet-tiles-ivc-clay-273\/#primaryimage"},"image":{"@id":"https:\/\/staging.parketasala.lv\/en\/product\/carpet-tiles-ivc-clay-273\/#primaryimage"},"thumbnailUrl":"https:\/\/staging.parketasala.lv\/wp-content\/uploads\/2022\/11\/Rudiments_Clay-273_packshot-PRINT2560.jpg","datePublished":"2022-11-23T13:35:03+00:00","dateModified":"2025-03-21T08:32:57+00:00","breadcrumb":{"@id":"https:\/\/staging.parketasala.lv\/en\/product\/carpet-tiles-ivc-clay-273\/#breadcrumb"},"inLanguage":"en-US","potentialAction":[{"@type":"ReadAction","target":["https:\/\/staging.parketasala.lv\/en\/product\/carpet-tiles-ivc-clay-273\/"]}]},{"@type":"ImageObject","inLanguage":"en-US","@id":"https:\/\/staging.parketasala.lv\/en\/product\/carpet-tiles-ivc-clay-273\/#primaryimage","url":"https:\/\/staging.parketasala.lv\/wp-content\/uploads\/2022\/11\/Rudiments_Clay-273_packshot-PRINT2560.jpg","contentUrl":"https:\/\/staging.parketasala.lv\/wp-content\/uploads\/2022\/11\/Rudiments_Clay-273_packshot-PRINT2560.jpg","width":2177,"height":2560,"caption":"paklajflizes-ivc-rudiments-clay-273"},{"@type":"BreadcrumbList","@id":"https:\/\/staging.parketasala.lv\/en\/product\/carpet-tiles-ivc-clay-273\/#breadcrumb","itemListElement":[{"@type":"ListItem","position":1,"name":"Home","item":"https:\/\/staging.parketasala.lv\/en\/home\/"},{"@type":"ListItem","position":2,"name":"Shop","item":"https:\/\/staging.parketasala.lv\/en\/shop\/"},{"@type":"ListItem","position":3,"name":"Carpet tiles IVC Clay 273"}]},{"@type":"WebSite","@id":"https:\/\/staging.parketasala.lv\/en\/#website","url":"https:\/\/staging.parketasala.lv\/en\/","name":"Parketa Sala","description":"Pla&scaron;s lamin\u0101ta, vinila, parketa un kor\u0137a gr\u012bdu kl\u0101sts","publisher":{"@id":"https:\/\/staging.parketasala.lv\/en\/#organization"},"potentialAction":[{"@type":"SearchAction","target":{"@type":"EntryPoint","urlTemplate":"https:\/\/staging.parketasala.lv\/en\/?s={search_term_string}"},"query-input":{"@type":"PropertyValueSpecification","valueRequired":true,"valueName":"search_term_string"}}],"inLanguage":"en-US"},{"@type":"Organization","@id":"https:\/\/staging.parketasala.lv\/en\/#organization","name":"Parketa Sala","url":"https:\/\/staging.parketasala.lv\/en\/","logo":{"@type":"ImageObject","inLanguage":"en-US","@id":"https:\/\/staging.parketasala.lv\/en\/#\/schema\/logo\/image\/","url":"https:\/\/staging.parketasala.lv\/wp-content\/uploads\/2019\/12\/Logo-x3.png","contentUrl":"https:\/\/staging.parketasala.lv\/wp-content\/uploads\/2019\/12\/Logo-x3.png","width":660,"height":137,"caption":"Parketa Sala"},"image":{"@id":"https:\/\/staging.parketasala.lv\/en\/#\/schema\/logo\/image\/"},"sameAs":["https:\/\/www.facebook.com\/parketasala\/","https:\/\/www.instagram.com\/parketasala\/"]}]}},"_links":{"self":[{"href":"https:\/\/staging.parketasala.lv\/en\/wp-json\/wp\/v2\/product\/23160","targetHints":{"allow":["GET"]}}],"collection":[{"href":"https:\/\/staging.parketasala.lv\/en\/wp-json\/wp\/v2\/product"}],"about":[{"href":"https:\/\/staging.parketasala.lv\/en\/wp-json\/wp\/v2\/types\/product"}],"wp:featuredmedia":[{"embeddable":true,"href":"https:\/\/staging.parketasala.lv\/en\/wp-json\/wp\/v2\/media\/18262"}],"wp:attachment":[{"href":"https:\/\/staging.parketasala.lv\/en\/wp-json\/wp\/v2\/media?parent=23160"}],"wp:term":[{"taxonomy":"product_brand","embeddable":true,"href":"https:\/\/staging.parketasala.lv\/en\/wp-json\/wp\/v2\/product_brand?post=23160"},{"taxonomy":"product_cat","embeddable":true,"href":"https:\/\/staging.parketasala.lv\/en\/wp-json\/wp\/v2\/product_cat?post=23160"},{"taxonomy":"product_tag","embeddable":true,"href":"https:\/\/staging.parketasala.lv\/en\/wp-json\/wp\/v2\/product_tag?post=23160"}],"curies":[{"name":"wp","href":"https:\/\/api.w.org\/{rel}","templated":true}]}}