{"id":23346,"date":"2022-10-03T13:44:29","date_gmt":"2022-10-03T13:44:29","guid":{"rendered":"https:\/\/staging.parketasala.lv\/product\/ivc-creative-spark-979\/"},"modified":"2025-03-21T08:37:55","modified_gmt":"2025-03-21T08:37:55","slug":"ivc-creative-spark-979","status":"publish","type":"product","link":"https:\/\/staging.parketasala.lv\/en\/product\/ivc-creative-spark-979\/","title":{"rendered":"IVC Creative Spark 979"},"content":{"rendered":"<p>Creative Spark is a palette of 32 primary colours from the Art Intervention collection of carpet tiles. It can be combined with each other or with the Expansion Point striped and Blurred Edge variegated two-tone decors from the same collection. Art Intervention carpet tiles match 33.   wear-resistant class and will serve perfectly in public areas &#8211; offices, hotels, leisure centres, etc. Recommended in combination with <a href=\"https:\/\/staging.parketasala.lv\/en\/product\/ivc-expansion-point-972\/\">Expansion Point 972<\/a><\/p>\n","protected":false},"excerpt":{"rendered":"<p>Creative Spark is a palette of 32 primary colours from the Art Intervention collection of carpet tiles. It can be combined with each other or with the Expansion Point striped and Blurred Edge variegated two-tone decors from the same collection. Art Intervention carpet tiles match 33. wear-resistant class and will serve perfectly in public areas [&hellip;]<\/p>\n","protected":false},"featured_media":17814,"template":"","meta":{"_acf_changed":false},"product_brand":[],"product_cat":[596,597],"product_tag":[],"class_list":{"0":"post-23346","1":"product","2":"type-product","3":"status-publish","4":"has-post-thumbnail","6":"product_cat-carpet-tiles","7":"product_cat-ivc-carpet-tiles","9":"first","10":"onbackorder","11":"taxable","12":"shipping-taxable","13":"purchasable","14":"product-type-simple"},"acf":[],"yoast_head":"<!-- This site is optimized with the Yoast SEO plugin v27.2 - https:\/\/yoast.com\/product\/yoast-seo-wordpress\/ -->\n<title>IVC Creative Spark 979 &#8211; Parketa Sala<\/title>\n<meta name=\"robots\" content=\"index,follow, noindex\" \/>\n<meta property=\"og:locale\" content=\"en_US\" \/>\n<meta property=\"og:type\" content=\"article\" \/>\n<meta property=\"og:title\" content=\"IVC Creative Spark 979 &#8211; Parketa Sala\" \/>\n<meta property=\"og:description\" content=\"Creative Spark is a palette of 32 primary colours from the Art Intervention collection of carpet tiles. It can be combined with each other or with the Expansion Point striped and Blurred Edge variegated two-tone decors from the same collection. Art Intervention carpet tiles match 33. wear-resistant class and will serve perfectly in public areas [&hellip;]\" \/>\n<meta property=\"og:url\" content=\"https:\/\/staging.parketasala.lv\/en\/product\/ivc-creative-spark-979\/\" \/>\n<meta property=\"og:site_name\" content=\"Parketa Sala\" \/>\n<meta property=\"article:publisher\" content=\"https:\/\/www.facebook.com\/parketasala\/\" \/>\n<meta property=\"article:modified_time\" content=\"2025-03-21T08:37:55+00:00\" \/>\n<meta property=\"og:image\" content=\"https:\/\/staging.parketasala.lv\/wp-content\/uploads\/2022\/10\/Creative-Spark-979_PACKSHOT-PRINT2560-1024x1024.jpg\" \/>\n\t<meta property=\"og:image:width\" content=\"1024\" \/>\n\t<meta property=\"og:image:height\" content=\"1024\" \/>\n\t<meta property=\"og:image:type\" content=\"image\/jpeg\" \/>\n<meta name=\"twitter:card\" content=\"summary_large_image\" \/>\n<script type=\"application\/ld+json\" class=\"yoast-schema-graph\">{\"@context\":\"https:\/\/schema.org\",\"@graph\":[{\"@type\":\"WebPage\",\"@id\":\"https:\/\/staging.parketasala.lv\/en\/product\/ivc-creative-spark-979\/\",\"url\":\"https:\/\/staging.parketasala.lv\/en\/product\/ivc-creative-spark-979\/\",\"name\":\"IVC Creative Spark 979 &#8211; Parketa Sala\",\"isPartOf\":{\"@id\":\"https:\/\/staging.parketasala.lv\/en\/#website\"},\"primaryImageOfPage\":{\"@id\":\"https:\/\/staging.parketasala.lv\/en\/product\/ivc-creative-spark-979\/#primaryimage\"},\"image\":{\"@id\":\"https:\/\/staging.parketasala.lv\/en\/product\/ivc-creative-spark-979\/#primaryimage\"},\"thumbnailUrl\":\"https:\/\/staging.parketasala.lv\/wp-content\/uploads\/2022\/10\/Creative-Spark-979_PACKSHOT-PRINT2560.jpg\",\"datePublished\":\"2022-10-03T13:44:29+00:00\",\"dateModified\":\"2025-03-21T08:37:55+00:00\",\"breadcrumb\":{\"@id\":\"https:\/\/staging.parketasala.lv\/en\/product\/ivc-creative-spark-979\/#breadcrumb\"},\"inLanguage\":\"en-US\",\"potentialAction\":[{\"@type\":\"ReadAction\",\"target\":[\"https:\/\/staging.parketasala.lv\/en\/product\/ivc-creative-spark-979\/\"]}]},{\"@type\":\"ImageObject\",\"inLanguage\":\"en-US\",\"@id\":\"https:\/\/staging.parketasala.lv\/en\/product\/ivc-creative-spark-979\/#primaryimage\",\"url\":\"https:\/\/staging.parketasala.lv\/wp-content\/uploads\/2022\/10\/Creative-Spark-979_PACKSHOT-PRINT2560.jpg\",\"contentUrl\":\"https:\/\/staging.parketasala.lv\/wp-content\/uploads\/2022\/10\/Creative-Spark-979_PACKSHOT-PRINT2560.jpg\",\"width\":2560,\"height\":2560,\"caption\":\"paklajflizes-ivc-creative-spark-979\"},{\"@type\":\"BreadcrumbList\",\"@id\":\"https:\/\/staging.parketasala.lv\/en\/product\/ivc-creative-spark-979\/#breadcrumb\",\"itemListElement\":[{\"@type\":\"ListItem\",\"position\":1,\"name\":\"Home\",\"item\":\"https:\/\/staging.parketasala.lv\/en\/home\/\"},{\"@type\":\"ListItem\",\"position\":2,\"name\":\"Shop\",\"item\":\"https:\/\/staging.parketasala.lv\/en\/shop\/\"},{\"@type\":\"ListItem\",\"position\":3,\"name\":\"IVC Creative Spark 979\"}]},{\"@type\":\"WebSite\",\"@id\":\"https:\/\/staging.parketasala.lv\/en\/#website\",\"url\":\"https:\/\/staging.parketasala.lv\/en\/\",\"name\":\"Parketa Sala\",\"description\":\"Pla&scaron;s lamin\u0101ta, vinila, parketa un kor\u0137a gr\u012bdu kl\u0101sts\",\"publisher\":{\"@id\":\"https:\/\/staging.parketasala.lv\/en\/#organization\"},\"potentialAction\":[{\"@type\":\"SearchAction\",\"target\":{\"@type\":\"EntryPoint\",\"urlTemplate\":\"https:\/\/staging.parketasala.lv\/en\/?s={search_term_string}\"},\"query-input\":{\"@type\":\"PropertyValueSpecification\",\"valueRequired\":true,\"valueName\":\"search_term_string\"}}],\"inLanguage\":\"en-US\"},{\"@type\":\"Organization\",\"@id\":\"https:\/\/staging.parketasala.lv\/en\/#organization\",\"name\":\"Parketa Sala\",\"url\":\"https:\/\/staging.parketasala.lv\/en\/\",\"logo\":{\"@type\":\"ImageObject\",\"inLanguage\":\"en-US\",\"@id\":\"https:\/\/staging.parketasala.lv\/en\/#\/schema\/logo\/image\/\",\"url\":\"https:\/\/staging.parketasala.lv\/wp-content\/uploads\/2019\/12\/Logo-x3.png\",\"contentUrl\":\"https:\/\/staging.parketasala.lv\/wp-content\/uploads\/2019\/12\/Logo-x3.png\",\"width\":660,\"height\":137,\"caption\":\"Parketa Sala\"},\"image\":{\"@id\":\"https:\/\/staging.parketasala.lv\/en\/#\/schema\/logo\/image\/\"},\"sameAs\":[\"https:\/\/www.facebook.com\/parketasala\/\",\"https:\/\/www.instagram.com\/parketasala\/\"]}]}<\/script>\n<!-- \/ Yoast SEO plugin. -->","yoast_head_json":{"title":"IVC Creative Spark 979 &#8211; Parketa Sala","robots":{"index,follow":"index,follow","index":"noindex"},"og_locale":"en_US","og_type":"article","og_title":"IVC Creative Spark 979 &#8211; Parketa Sala","og_description":"Creative Spark is a palette of 32 primary colours from the Art Intervention collection of carpet tiles. It can be combined with each other or with the Expansion Point striped and Blurred Edge variegated two-tone decors from the same collection. Art Intervention carpet tiles match 33. wear-resistant class and will serve perfectly in public areas [&hellip;]","og_url":"https:\/\/staging.parketasala.lv\/en\/product\/ivc-creative-spark-979\/","og_site_name":"Parketa Sala","article_publisher":"https:\/\/www.facebook.com\/parketasala\/","article_modified_time":"2025-03-21T08:37:55+00:00","og_image":[{"width":1024,"height":1024,"url":"https:\/\/staging.parketasala.lv\/wp-content\/uploads\/2022\/10\/Creative-Spark-979_PACKSHOT-PRINT2560-1024x1024.jpg","type":"image\/jpeg"}],"twitter_card":"summary_large_image","schema":{"@context":"https:\/\/schema.org","@graph":[{"@type":"WebPage","@id":"https:\/\/staging.parketasala.lv\/en\/product\/ivc-creative-spark-979\/","url":"https:\/\/staging.parketasala.lv\/en\/product\/ivc-creative-spark-979\/","name":"IVC Creative Spark 979 &#8211; Parketa Sala","isPartOf":{"@id":"https:\/\/staging.parketasala.lv\/en\/#website"},"primaryImageOfPage":{"@id":"https:\/\/staging.parketasala.lv\/en\/product\/ivc-creative-spark-979\/#primaryimage"},"image":{"@id":"https:\/\/staging.parketasala.lv\/en\/product\/ivc-creative-spark-979\/#primaryimage"},"thumbnailUrl":"https:\/\/staging.parketasala.lv\/wp-content\/uploads\/2022\/10\/Creative-Spark-979_PACKSHOT-PRINT2560.jpg","datePublished":"2022-10-03T13:44:29+00:00","dateModified":"2025-03-21T08:37:55+00:00","breadcrumb":{"@id":"https:\/\/staging.parketasala.lv\/en\/product\/ivc-creative-spark-979\/#breadcrumb"},"inLanguage":"en-US","potentialAction":[{"@type":"ReadAction","target":["https:\/\/staging.parketasala.lv\/en\/product\/ivc-creative-spark-979\/"]}]},{"@type":"ImageObject","inLanguage":"en-US","@id":"https:\/\/staging.parketasala.lv\/en\/product\/ivc-creative-spark-979\/#primaryimage","url":"https:\/\/staging.parketasala.lv\/wp-content\/uploads\/2022\/10\/Creative-Spark-979_PACKSHOT-PRINT2560.jpg","contentUrl":"https:\/\/staging.parketasala.lv\/wp-content\/uploads\/2022\/10\/Creative-Spark-979_PACKSHOT-PRINT2560.jpg","width":2560,"height":2560,"caption":"paklajflizes-ivc-creative-spark-979"},{"@type":"BreadcrumbList","@id":"https:\/\/staging.parketasala.lv\/en\/product\/ivc-creative-spark-979\/#breadcrumb","itemListElement":[{"@type":"ListItem","position":1,"name":"Home","item":"https:\/\/staging.parketasala.lv\/en\/home\/"},{"@type":"ListItem","position":2,"name":"Shop","item":"https:\/\/staging.parketasala.lv\/en\/shop\/"},{"@type":"ListItem","position":3,"name":"IVC Creative Spark 979"}]},{"@type":"WebSite","@id":"https:\/\/staging.parketasala.lv\/en\/#website","url":"https:\/\/staging.parketasala.lv\/en\/","name":"Parketa Sala","description":"Pla&scaron;s lamin\u0101ta, vinila, parketa un kor\u0137a gr\u012bdu kl\u0101sts","publisher":{"@id":"https:\/\/staging.parketasala.lv\/en\/#organization"},"potentialAction":[{"@type":"SearchAction","target":{"@type":"EntryPoint","urlTemplate":"https:\/\/staging.parketasala.lv\/en\/?s={search_term_string}"},"query-input":{"@type":"PropertyValueSpecification","valueRequired":true,"valueName":"search_term_string"}}],"inLanguage":"en-US"},{"@type":"Organization","@id":"https:\/\/staging.parketasala.lv\/en\/#organization","name":"Parketa Sala","url":"https:\/\/staging.parketasala.lv\/en\/","logo":{"@type":"ImageObject","inLanguage":"en-US","@id":"https:\/\/staging.parketasala.lv\/en\/#\/schema\/logo\/image\/","url":"https:\/\/staging.parketasala.lv\/wp-content\/uploads\/2019\/12\/Logo-x3.png","contentUrl":"https:\/\/staging.parketasala.lv\/wp-content\/uploads\/2019\/12\/Logo-x3.png","width":660,"height":137,"caption":"Parketa Sala"},"image":{"@id":"https:\/\/staging.parketasala.lv\/en\/#\/schema\/logo\/image\/"},"sameAs":["https:\/\/www.facebook.com\/parketasala\/","https:\/\/www.instagram.com\/parketasala\/"]}]}},"_links":{"self":[{"href":"https:\/\/staging.parketasala.lv\/en\/wp-json\/wp\/v2\/product\/23346","targetHints":{"allow":["GET"]}}],"collection":[{"href":"https:\/\/staging.parketasala.lv\/en\/wp-json\/wp\/v2\/product"}],"about":[{"href":"https:\/\/staging.parketasala.lv\/en\/wp-json\/wp\/v2\/types\/product"}],"wp:featuredmedia":[{"embeddable":true,"href":"https:\/\/staging.parketasala.lv\/en\/wp-json\/wp\/v2\/media\/17814"}],"wp:attachment":[{"href":"https:\/\/staging.parketasala.lv\/en\/wp-json\/wp\/v2\/media?parent=23346"}],"wp:term":[{"taxonomy":"product_brand","embeddable":true,"href":"https:\/\/staging.parketasala.lv\/en\/wp-json\/wp\/v2\/product_brand?post=23346"},{"taxonomy":"product_cat","embeddable":true,"href":"https:\/\/staging.parketasala.lv\/en\/wp-json\/wp\/v2\/product_cat?post=23346"},{"taxonomy":"product_tag","embeddable":true,"href":"https:\/\/staging.parketasala.lv\/en\/wp-json\/wp\/v2\/product_tag?post=23346"}],"curies":[{"name":"wp","href":"https:\/\/api.w.org\/{rel}","templated":true}]}}