{"id":23684,"date":"2025-01-22T08:57:15","date_gmt":"2025-01-22T08:57:15","guid":{"rendered":"https:\/\/staging.parketasala.lv\/product\/three-layer-parquet-tarkett-oak-broadwalk-planks-190-mm\/"},"modified":"2025-03-21T08:49:29","modified_gmt":"2025-03-21T08:49:29","slug":"three-layer-parquet-tarkett-oak-broadwalk-planks-190-mm","status":"publish","type":"product","link":"https:\/\/staging.parketasala.lv\/en\/product\/three-layer-parquet-tarkett-oak-broadwalk-planks-190-mm\/","title":{"rendered":"Three-layer parquet TARKETT oak Broadwalk Planks 190 mm"},"content":{"rendered":"<p>Hardwax Oil-oiled oak parquet in three layers with a single-band plank appearance. Hardwax Oil is an oil combined with wax that brings out the beauty of the wood and makes it easy to maintain. <\/p>\n<h5><\/h5>\n<p>Brushed and one of the few oak parquet floors with 4-sided bevel.<\/p>\n<h5><\/h5>\n<p>Also suitable for laying on warm floors. We recommend using <a href=\"https:\/\/staging.parketasala.lv\/en\/product\/adhesive-bostik-wood-h200-elastic-21-kg\/\">BOSTIK Wood H200 Elastic<\/a> adhesive. <\/p>\n<h3><\/h3>\n<p>&nbsp;<\/p>\n<p>&nbsp;<\/p>\n<p>&nbsp;<\/p>\n","protected":false},"excerpt":{"rendered":"<p>Hardwax Oil-oiled oak parquet in three layers with a single-band plank appearance. Hardwax Oil is an oil combined with wax that brings out the beauty of the wood and makes it easy to maintain. Brushed and one of the few oak parquet floors with 4-sided bevel. Also suitable for laying on warm floors. We recommend [&hellip;]<\/p>\n","protected":false},"featured_media":21166,"template":"","meta":{"_acf_changed":false},"product_brand":[],"product_cat":[536,522,649],"product_tag":[],"class_list":{"0":"post-23684","1":"product","2":"type-product","3":"status-publish","4":"has-post-thumbnail","6":"product_cat-3-layer-parquet","7":"product_cat-parquet","8":"product_cat-tarkett-en-2","10":"first","11":"onbackorder","12":"taxable","13":"shipping-taxable","14":"purchasable","15":"product-type-simple"},"acf":[],"yoast_head":"<!-- This site is optimized with the Yoast SEO plugin v27.2 - https:\/\/yoast.com\/product\/yoast-seo-wordpress\/ -->\n<title>Three-layer parquet TARKETT oak Broadwalk Planks 190 mm &#8211; Parketa Sala<\/title>\n<meta name=\"robots\" content=\"index,follow, noindex\" \/>\n<meta property=\"og:locale\" content=\"en_US\" \/>\n<meta property=\"og:type\" content=\"article\" \/>\n<meta property=\"og:title\" content=\"Three-layer parquet TARKETT oak Broadwalk Planks 190 mm &#8211; Parketa Sala\" \/>\n<meta property=\"og:description\" content=\"Hardwax Oil-oiled oak parquet in three layers with a single-band plank appearance. Hardwax Oil is an oil combined with wax that brings out the beauty of the wood and makes it easy to maintain. Brushed and one of the few oak parquet floors with 4-sided bevel. Also suitable for laying on warm floors. We recommend [&hellip;]\" \/>\n<meta property=\"og:url\" content=\"https:\/\/staging.parketasala.lv\/en\/product\/three-layer-parquet-tarkett-oak-broadwalk-planks-190-mm\/\" \/>\n<meta property=\"og:site_name\" content=\"Parketa Sala\" \/>\n<meta property=\"article:publisher\" content=\"https:\/\/www.facebook.com\/parketasala\/\" \/>\n<meta property=\"article:modified_time\" content=\"2025-03-21T08:49:29+00:00\" \/>\n<meta property=\"og:image\" content=\"https:\/\/staging.parketasala.lv\/wp-content\/uploads\/2025\/01\/Tarkett-Oak-Broadwalk-Plank-1-strip.jpg\" \/>\n\t<meta property=\"og:image:width\" content=\"1920\" \/>\n\t<meta property=\"og:image:height\" content=\"1079\" \/>\n\t<meta property=\"og:image:type\" content=\"image\/jpeg\" \/>\n<meta name=\"twitter:card\" content=\"summary_large_image\" \/>\n<script type=\"application\/ld+json\" class=\"yoast-schema-graph\">{\"@context\":\"https:\/\/schema.org\",\"@graph\":[{\"@type\":\"WebPage\",\"@id\":\"https:\/\/staging.parketasala.lv\/en\/product\/three-layer-parquet-tarkett-oak-broadwalk-planks-190-mm\/\",\"url\":\"https:\/\/staging.parketasala.lv\/en\/product\/three-layer-parquet-tarkett-oak-broadwalk-planks-190-mm\/\",\"name\":\"Three-layer parquet TARKETT oak Broadwalk Planks 190 mm &#8211; Parketa Sala\",\"isPartOf\":{\"@id\":\"https:\/\/staging.parketasala.lv\/en\/#website\"},\"primaryImageOfPage\":{\"@id\":\"https:\/\/staging.parketasala.lv\/en\/product\/three-layer-parquet-tarkett-oak-broadwalk-planks-190-mm\/#primaryimage\"},\"image\":{\"@id\":\"https:\/\/staging.parketasala.lv\/en\/product\/three-layer-parquet-tarkett-oak-broadwalk-planks-190-mm\/#primaryimage\"},\"thumbnailUrl\":\"https:\/\/staging.parketasala.lv\/wp-content\/uploads\/2025\/01\/Tarkett-Oak-Broadwalk-Plank-1-strip.jpg\",\"datePublished\":\"2025-01-22T08:57:15+00:00\",\"dateModified\":\"2025-03-21T08:49:29+00:00\",\"breadcrumb\":{\"@id\":\"https:\/\/staging.parketasala.lv\/en\/product\/three-layer-parquet-tarkett-oak-broadwalk-planks-190-mm\/#breadcrumb\"},\"inLanguage\":\"en-US\",\"potentialAction\":[{\"@type\":\"ReadAction\",\"target\":[\"https:\/\/staging.parketasala.lv\/en\/product\/three-layer-parquet-tarkett-oak-broadwalk-planks-190-mm\/\"]}]},{\"@type\":\"ImageObject\",\"inLanguage\":\"en-US\",\"@id\":\"https:\/\/staging.parketasala.lv\/en\/product\/three-layer-parquet-tarkett-oak-broadwalk-planks-190-mm\/#primaryimage\",\"url\":\"https:\/\/staging.parketasala.lv\/wp-content\/uploads\/2025\/01\/Tarkett-Oak-Broadwalk-Plank-1-strip.jpg\",\"contentUrl\":\"https:\/\/staging.parketasala.lv\/wp-content\/uploads\/2025\/01\/Tarkett-Oak-Broadwalk-Plank-1-strip.jpg\",\"width\":1920,\"height\":1079,\"caption\":\"trisslan-parkett-ellots-oaks-broadwalk-plank-7877048\"},{\"@type\":\"BreadcrumbList\",\"@id\":\"https:\/\/staging.parketasala.lv\/en\/product\/three-layer-parquet-tarkett-oak-broadwalk-planks-190-mm\/#breadcrumb\",\"itemListElement\":[{\"@type\":\"ListItem\",\"position\":1,\"name\":\"Home\",\"item\":\"https:\/\/staging.parketasala.lv\/en\/home\/\"},{\"@type\":\"ListItem\",\"position\":2,\"name\":\"Shop\",\"item\":\"https:\/\/staging.parketasala.lv\/en\/shop\/\"},{\"@type\":\"ListItem\",\"position\":3,\"name\":\"Three-layer parquet TARKETT oak Broadwalk Planks 190 mm\"}]},{\"@type\":\"WebSite\",\"@id\":\"https:\/\/staging.parketasala.lv\/en\/#website\",\"url\":\"https:\/\/staging.parketasala.lv\/en\/\",\"name\":\"Parketa Sala\",\"description\":\"Pla&scaron;s lamin\u0101ta, vinila, parketa un kor\u0137a gr\u012bdu kl\u0101sts\",\"publisher\":{\"@id\":\"https:\/\/staging.parketasala.lv\/en\/#organization\"},\"potentialAction\":[{\"@type\":\"SearchAction\",\"target\":{\"@type\":\"EntryPoint\",\"urlTemplate\":\"https:\/\/staging.parketasala.lv\/en\/?s={search_term_string}\"},\"query-input\":{\"@type\":\"PropertyValueSpecification\",\"valueRequired\":true,\"valueName\":\"search_term_string\"}}],\"inLanguage\":\"en-US\"},{\"@type\":\"Organization\",\"@id\":\"https:\/\/staging.parketasala.lv\/en\/#organization\",\"name\":\"Parketa Sala\",\"url\":\"https:\/\/staging.parketasala.lv\/en\/\",\"logo\":{\"@type\":\"ImageObject\",\"inLanguage\":\"en-US\",\"@id\":\"https:\/\/staging.parketasala.lv\/en\/#\/schema\/logo\/image\/\",\"url\":\"https:\/\/staging.parketasala.lv\/wp-content\/uploads\/2019\/12\/Logo-x3.png\",\"contentUrl\":\"https:\/\/staging.parketasala.lv\/wp-content\/uploads\/2019\/12\/Logo-x3.png\",\"width\":660,\"height\":137,\"caption\":\"Parketa Sala\"},\"image\":{\"@id\":\"https:\/\/staging.parketasala.lv\/en\/#\/schema\/logo\/image\/\"},\"sameAs\":[\"https:\/\/www.facebook.com\/parketasala\/\",\"https:\/\/www.instagram.com\/parketasala\/\"]}]}<\/script>\n<!-- \/ Yoast SEO plugin. -->","yoast_head_json":{"title":"Three-layer parquet TARKETT oak Broadwalk Planks 190 mm &#8211; Parketa Sala","robots":{"index,follow":"index,follow","index":"noindex"},"og_locale":"en_US","og_type":"article","og_title":"Three-layer parquet TARKETT oak Broadwalk Planks 190 mm &#8211; Parketa Sala","og_description":"Hardwax Oil-oiled oak parquet in three layers with a single-band plank appearance. Hardwax Oil is an oil combined with wax that brings out the beauty of the wood and makes it easy to maintain. Brushed and one of the few oak parquet floors with 4-sided bevel. Also suitable for laying on warm floors. We recommend [&hellip;]","og_url":"https:\/\/staging.parketasala.lv\/en\/product\/three-layer-parquet-tarkett-oak-broadwalk-planks-190-mm\/","og_site_name":"Parketa Sala","article_publisher":"https:\/\/www.facebook.com\/parketasala\/","article_modified_time":"2025-03-21T08:49:29+00:00","og_image":[{"width":1920,"height":1079,"url":"https:\/\/staging.parketasala.lv\/wp-content\/uploads\/2025\/01\/Tarkett-Oak-Broadwalk-Plank-1-strip.jpg","type":"image\/jpeg"}],"twitter_card":"summary_large_image","schema":{"@context":"https:\/\/schema.org","@graph":[{"@type":"WebPage","@id":"https:\/\/staging.parketasala.lv\/en\/product\/three-layer-parquet-tarkett-oak-broadwalk-planks-190-mm\/","url":"https:\/\/staging.parketasala.lv\/en\/product\/three-layer-parquet-tarkett-oak-broadwalk-planks-190-mm\/","name":"Three-layer parquet TARKETT oak Broadwalk Planks 190 mm &#8211; Parketa Sala","isPartOf":{"@id":"https:\/\/staging.parketasala.lv\/en\/#website"},"primaryImageOfPage":{"@id":"https:\/\/staging.parketasala.lv\/en\/product\/three-layer-parquet-tarkett-oak-broadwalk-planks-190-mm\/#primaryimage"},"image":{"@id":"https:\/\/staging.parketasala.lv\/en\/product\/three-layer-parquet-tarkett-oak-broadwalk-planks-190-mm\/#primaryimage"},"thumbnailUrl":"https:\/\/staging.parketasala.lv\/wp-content\/uploads\/2025\/01\/Tarkett-Oak-Broadwalk-Plank-1-strip.jpg","datePublished":"2025-01-22T08:57:15+00:00","dateModified":"2025-03-21T08:49:29+00:00","breadcrumb":{"@id":"https:\/\/staging.parketasala.lv\/en\/product\/three-layer-parquet-tarkett-oak-broadwalk-planks-190-mm\/#breadcrumb"},"inLanguage":"en-US","potentialAction":[{"@type":"ReadAction","target":["https:\/\/staging.parketasala.lv\/en\/product\/three-layer-parquet-tarkett-oak-broadwalk-planks-190-mm\/"]}]},{"@type":"ImageObject","inLanguage":"en-US","@id":"https:\/\/staging.parketasala.lv\/en\/product\/three-layer-parquet-tarkett-oak-broadwalk-planks-190-mm\/#primaryimage","url":"https:\/\/staging.parketasala.lv\/wp-content\/uploads\/2025\/01\/Tarkett-Oak-Broadwalk-Plank-1-strip.jpg","contentUrl":"https:\/\/staging.parketasala.lv\/wp-content\/uploads\/2025\/01\/Tarkett-Oak-Broadwalk-Plank-1-strip.jpg","width":1920,"height":1079,"caption":"trisslan-parkett-ellots-oaks-broadwalk-plank-7877048"},{"@type":"BreadcrumbList","@id":"https:\/\/staging.parketasala.lv\/en\/product\/three-layer-parquet-tarkett-oak-broadwalk-planks-190-mm\/#breadcrumb","itemListElement":[{"@type":"ListItem","position":1,"name":"Home","item":"https:\/\/staging.parketasala.lv\/en\/home\/"},{"@type":"ListItem","position":2,"name":"Shop","item":"https:\/\/staging.parketasala.lv\/en\/shop\/"},{"@type":"ListItem","position":3,"name":"Three-layer parquet TARKETT oak Broadwalk Planks 190 mm"}]},{"@type":"WebSite","@id":"https:\/\/staging.parketasala.lv\/en\/#website","url":"https:\/\/staging.parketasala.lv\/en\/","name":"Parketa Sala","description":"Pla&scaron;s lamin\u0101ta, vinila, parketa un kor\u0137a gr\u012bdu kl\u0101sts","publisher":{"@id":"https:\/\/staging.parketasala.lv\/en\/#organization"},"potentialAction":[{"@type":"SearchAction","target":{"@type":"EntryPoint","urlTemplate":"https:\/\/staging.parketasala.lv\/en\/?s={search_term_string}"},"query-input":{"@type":"PropertyValueSpecification","valueRequired":true,"valueName":"search_term_string"}}],"inLanguage":"en-US"},{"@type":"Organization","@id":"https:\/\/staging.parketasala.lv\/en\/#organization","name":"Parketa Sala","url":"https:\/\/staging.parketasala.lv\/en\/","logo":{"@type":"ImageObject","inLanguage":"en-US","@id":"https:\/\/staging.parketasala.lv\/en\/#\/schema\/logo\/image\/","url":"https:\/\/staging.parketasala.lv\/wp-content\/uploads\/2019\/12\/Logo-x3.png","contentUrl":"https:\/\/staging.parketasala.lv\/wp-content\/uploads\/2019\/12\/Logo-x3.png","width":660,"height":137,"caption":"Parketa Sala"},"image":{"@id":"https:\/\/staging.parketasala.lv\/en\/#\/schema\/logo\/image\/"},"sameAs":["https:\/\/www.facebook.com\/parketasala\/","https:\/\/www.instagram.com\/parketasala\/"]}]}},"_links":{"self":[{"href":"https:\/\/staging.parketasala.lv\/en\/wp-json\/wp\/v2\/product\/23684","targetHints":{"allow":["GET"]}}],"collection":[{"href":"https:\/\/staging.parketasala.lv\/en\/wp-json\/wp\/v2\/product"}],"about":[{"href":"https:\/\/staging.parketasala.lv\/en\/wp-json\/wp\/v2\/types\/product"}],"wp:featuredmedia":[{"embeddable":true,"href":"https:\/\/staging.parketasala.lv\/en\/wp-json\/wp\/v2\/media\/21166"}],"wp:attachment":[{"href":"https:\/\/staging.parketasala.lv\/en\/wp-json\/wp\/v2\/media?parent=23684"}],"wp:term":[{"taxonomy":"product_brand","embeddable":true,"href":"https:\/\/staging.parketasala.lv\/en\/wp-json\/wp\/v2\/product_brand?post=23684"},{"taxonomy":"product_cat","embeddable":true,"href":"https:\/\/staging.parketasala.lv\/en\/wp-json\/wp\/v2\/product_cat?post=23684"},{"taxonomy":"product_tag","embeddable":true,"href":"https:\/\/staging.parketasala.lv\/en\/wp-json\/wp\/v2\/product_tag?post=23684"}],"curies":[{"name":"wp","href":"https:\/\/api.w.org\/{rel}","templated":true}]}}