{"id":23716,"date":"2023-11-20T12:10:38","date_gmt":"2023-11-20T12:10:38","guid":{"rendered":"https:\/\/staging.parketasala.lv\/product\/carpet-tiles-tarkett-desso-desert-ac89-7921\/"},"modified":"2025-03-21T08:53:13","modified_gmt":"2025-03-21T08:53:13","slug":"carpet-tiles-tarkett-desso-desert-ac89-7921","status":"publish","type":"product","link":"https:\/\/staging.parketasala.lv\/en\/product\/carpet-tiles-tarkett-desso-desert-ac89-7921\/","title":{"rendered":"Carpet tiles TARKETT Desso Desert AC89 7921"},"content":{"rendered":"<p>Desert gives rooms a feeling of wide open spaces with its subtly layered organic design. Like the shifting sands of the desert, this textured carpet tile collection allows you to play with the space to create a tranquil floor covering. With a wider range of new muted shades to combine existing neutrals and accent colours, the redesigned DESSO Desert palette offers multiple combinations for creative expression.  <\/p>\n<p>DESSO Desert carpet tiles are manufactured with the available ProBase base as standard. With the addition of the recyclable EcoBase carpet tile backing, this collection achieves Cradle to Cradle\u00ae Silver level certification, is fully recyclable and has an impressively low carbon footprint of 2.32 kg CO2\/m2*.  In addition, the new SoundMaster XLite acoustic base can be added to improve sound absorption.<\/p>\n<p>DESSO Desert AC89 7921 carpet tiles are greenish brown and can be combined with other colours from the Desert collection. Recommended shades: <a href=\"https:\/\/staging.parketasala.lv\/en\/product\/carpet-tiles-tarkett-desso-desert-ac89-7852\/\"><span class=\"tksb-primary-link_cta-link__label\">DESERT AC89 7852<\/span><\/a> and <a href=\"https:\/\/staging.parketasala.lv\/en\/product\/carpet-tiles-tarkett-desso-desert-ac89-6431\/\"><span class=\"tksb-primary-link_cta-link__label\">DESERT AC89 6431<\/span><\/a>. <\/p>\n","protected":false},"excerpt":{"rendered":"<p>Desert gives rooms a feeling of wide open spaces with its subtly layered organic design. Like the shifting sands of the desert, this textured carpet tile collection allows you to play with the space to create a tranquil floor covering. With a wider range of new muted shades to combine existing neutrals and accent colours, [&hellip;]<\/p>\n","protected":false},"featured_media":20146,"template":"","meta":{"_acf_changed":false},"product_brand":[],"product_cat":[596,635],"product_tag":[],"class_list":{"0":"post-23716","1":"product","2":"type-product","3":"status-publish","4":"has-post-thumbnail","6":"product_cat-carpet-tiles","7":"product_cat-tarkett","9":"first","10":"onbackorder","11":"taxable","12":"shipping-taxable","13":"purchasable","14":"product-type-simple"},"acf":[],"yoast_head":"<!-- This site is optimized with the Yoast SEO plugin v27.2 - https:\/\/yoast.com\/product\/yoast-seo-wordpress\/ -->\n<title>Carpet tiles TARKETT Desso Desert AC89 7921 &#8211; Parketa Sala<\/title>\n<meta name=\"description\" content=\"Now even more possibilities to create unique interior designs with Tarkett Desso Desert carpet tiles. A practical and tasteful solution for home and office.\" \/>\n<meta name=\"robots\" content=\"index,follow, noindex\" \/>\n<meta property=\"og:locale\" content=\"en_US\" \/>\n<meta property=\"og:type\" content=\"article\" \/>\n<meta property=\"og:title\" content=\"Carpet tiles TARKETT Desso Desert AC89 7921 &#8211; Parketa Sala\" \/>\n<meta property=\"og:description\" content=\"Now even more possibilities to create unique interior designs with Tarkett Desso Desert carpet tiles. A practical and tasteful solution for home and office.\" \/>\n<meta property=\"og:url\" content=\"https:\/\/staging.parketasala.lv\/en\/product\/carpet-tiles-tarkett-desso-desert-ac89-7921\/\" \/>\n<meta property=\"og:site_name\" content=\"Parketa Sala\" \/>\n<meta property=\"article:publisher\" content=\"https:\/\/www.facebook.com\/parketasala\/\" \/>\n<meta property=\"article:modified_time\" content=\"2025-03-21T08:53:13+00:00\" \/>\n<meta property=\"og:image\" content=\"https:\/\/staging.parketasala.lv\/wp-content\/uploads\/2023\/11\/TH_Desert_7921.jpg\" \/>\n\t<meta property=\"og:image:width\" content=\"1920\" \/>\n\t<meta property=\"og:image:height\" content=\"1920\" \/>\n\t<meta property=\"og:image:type\" content=\"image\/jpeg\" \/>\n<meta name=\"twitter:card\" content=\"summary_large_image\" \/>\n<meta name=\"twitter:label1\" content=\"Est. reading time\" \/>\n\t<meta name=\"twitter:data1\" content=\"1 minute\" \/>\n<script type=\"application\/ld+json\" class=\"yoast-schema-graph\">{\"@context\":\"https:\/\/schema.org\",\"@graph\":[{\"@type\":\"WebPage\",\"@id\":\"https:\/\/staging.parketasala.lv\/en\/product\/carpet-tiles-tarkett-desso-desert-ac89-7921\/\",\"url\":\"https:\/\/staging.parketasala.lv\/en\/product\/carpet-tiles-tarkett-desso-desert-ac89-7921\/\",\"name\":\"Carpet tiles TARKETT Desso Desert AC89 7921 &#8211; Parketa Sala\",\"isPartOf\":{\"@id\":\"https:\/\/staging.parketasala.lv\/en\/#website\"},\"primaryImageOfPage\":{\"@id\":\"https:\/\/staging.parketasala.lv\/en\/product\/carpet-tiles-tarkett-desso-desert-ac89-7921\/#primaryimage\"},\"image\":{\"@id\":\"https:\/\/staging.parketasala.lv\/en\/product\/carpet-tiles-tarkett-desso-desert-ac89-7921\/#primaryimage\"},\"thumbnailUrl\":\"https:\/\/staging.parketasala.lv\/wp-content\/uploads\/2023\/11\/TH_Desert_7921.jpg\",\"datePublished\":\"2023-11-20T12:10:38+00:00\",\"dateModified\":\"2025-03-21T08:53:13+00:00\",\"description\":\"Now even more possibilities to create unique interior designs with Tarkett Desso Desert carpet tiles. A practical and tasteful solution for home and office.\",\"breadcrumb\":{\"@id\":\"https:\/\/staging.parketasala.lv\/en\/product\/carpet-tiles-tarkett-desso-desert-ac89-7921\/#breadcrumb\"},\"inLanguage\":\"en-US\",\"potentialAction\":[{\"@type\":\"ReadAction\",\"target\":[\"https:\/\/staging.parketasala.lv\/en\/product\/carpet-tiles-tarkett-desso-desert-ac89-7921\/\"]}]},{\"@type\":\"ImageObject\",\"inLanguage\":\"en-US\",\"@id\":\"https:\/\/staging.parketasala.lv\/en\/product\/carpet-tiles-tarkett-desso-desert-ac89-7921\/#primaryimage\",\"url\":\"https:\/\/staging.parketasala.lv\/wp-content\/uploads\/2023\/11\/TH_Desert_7921.jpg\",\"contentUrl\":\"https:\/\/staging.parketasala.lv\/wp-content\/uploads\/2023\/11\/TH_Desert_7921.jpg\",\"width\":1920,\"height\":1920,\"caption\":\"Carpet tiles Tarkett Desso Desert AC89 7921\"},{\"@type\":\"BreadcrumbList\",\"@id\":\"https:\/\/staging.parketasala.lv\/en\/product\/carpet-tiles-tarkett-desso-desert-ac89-7921\/#breadcrumb\",\"itemListElement\":[{\"@type\":\"ListItem\",\"position\":1,\"name\":\"Home\",\"item\":\"https:\/\/staging.parketasala.lv\/en\/home\/\"},{\"@type\":\"ListItem\",\"position\":2,\"name\":\"Shop\",\"item\":\"https:\/\/staging.parketasala.lv\/en\/shop\/\"},{\"@type\":\"ListItem\",\"position\":3,\"name\":\"Carpet tiles TARKETT Desso Desert AC89 7921\"}]},{\"@type\":\"WebSite\",\"@id\":\"https:\/\/staging.parketasala.lv\/en\/#website\",\"url\":\"https:\/\/staging.parketasala.lv\/en\/\",\"name\":\"Parketa Sala\",\"description\":\"Pla&scaron;s lamin\u0101ta, vinila, parketa un kor\u0137a gr\u012bdu kl\u0101sts\",\"publisher\":{\"@id\":\"https:\/\/staging.parketasala.lv\/en\/#organization\"},\"potentialAction\":[{\"@type\":\"SearchAction\",\"target\":{\"@type\":\"EntryPoint\",\"urlTemplate\":\"https:\/\/staging.parketasala.lv\/en\/?s={search_term_string}\"},\"query-input\":{\"@type\":\"PropertyValueSpecification\",\"valueRequired\":true,\"valueName\":\"search_term_string\"}}],\"inLanguage\":\"en-US\"},{\"@type\":\"Organization\",\"@id\":\"https:\/\/staging.parketasala.lv\/en\/#organization\",\"name\":\"Parketa Sala\",\"url\":\"https:\/\/staging.parketasala.lv\/en\/\",\"logo\":{\"@type\":\"ImageObject\",\"inLanguage\":\"en-US\",\"@id\":\"https:\/\/staging.parketasala.lv\/en\/#\/schema\/logo\/image\/\",\"url\":\"https:\/\/staging.parketasala.lv\/wp-content\/uploads\/2019\/12\/Logo-x3.png\",\"contentUrl\":\"https:\/\/staging.parketasala.lv\/wp-content\/uploads\/2019\/12\/Logo-x3.png\",\"width\":660,\"height\":137,\"caption\":\"Parketa Sala\"},\"image\":{\"@id\":\"https:\/\/staging.parketasala.lv\/en\/#\/schema\/logo\/image\/\"},\"sameAs\":[\"https:\/\/www.facebook.com\/parketasala\/\",\"https:\/\/www.instagram.com\/parketasala\/\"]}]}<\/script>\n<!-- \/ Yoast SEO plugin. -->","yoast_head_json":{"title":"Carpet tiles TARKETT Desso Desert AC89 7921 &#8211; Parketa Sala","description":"Now even more possibilities to create unique interior designs with Tarkett Desso Desert carpet tiles. A practical and tasteful solution for home and office.","robots":{"index,follow":"index,follow","index":"noindex"},"og_locale":"en_US","og_type":"article","og_title":"Carpet tiles TARKETT Desso Desert AC89 7921 &#8211; Parketa Sala","og_description":"Now even more possibilities to create unique interior designs with Tarkett Desso Desert carpet tiles. A practical and tasteful solution for home and office.","og_url":"https:\/\/staging.parketasala.lv\/en\/product\/carpet-tiles-tarkett-desso-desert-ac89-7921\/","og_site_name":"Parketa Sala","article_publisher":"https:\/\/www.facebook.com\/parketasala\/","article_modified_time":"2025-03-21T08:53:13+00:00","og_image":[{"width":1920,"height":1920,"url":"https:\/\/staging.parketasala.lv\/wp-content\/uploads\/2023\/11\/TH_Desert_7921.jpg","type":"image\/jpeg"}],"twitter_card":"summary_large_image","twitter_misc":{"Est. reading time":"1 minute"},"schema":{"@context":"https:\/\/schema.org","@graph":[{"@type":"WebPage","@id":"https:\/\/staging.parketasala.lv\/en\/product\/carpet-tiles-tarkett-desso-desert-ac89-7921\/","url":"https:\/\/staging.parketasala.lv\/en\/product\/carpet-tiles-tarkett-desso-desert-ac89-7921\/","name":"Carpet tiles TARKETT Desso Desert AC89 7921 &#8211; Parketa Sala","isPartOf":{"@id":"https:\/\/staging.parketasala.lv\/en\/#website"},"primaryImageOfPage":{"@id":"https:\/\/staging.parketasala.lv\/en\/product\/carpet-tiles-tarkett-desso-desert-ac89-7921\/#primaryimage"},"image":{"@id":"https:\/\/staging.parketasala.lv\/en\/product\/carpet-tiles-tarkett-desso-desert-ac89-7921\/#primaryimage"},"thumbnailUrl":"https:\/\/staging.parketasala.lv\/wp-content\/uploads\/2023\/11\/TH_Desert_7921.jpg","datePublished":"2023-11-20T12:10:38+00:00","dateModified":"2025-03-21T08:53:13+00:00","description":"Now even more possibilities to create unique interior designs with Tarkett Desso Desert carpet tiles. A practical and tasteful solution for home and office.","breadcrumb":{"@id":"https:\/\/staging.parketasala.lv\/en\/product\/carpet-tiles-tarkett-desso-desert-ac89-7921\/#breadcrumb"},"inLanguage":"en-US","potentialAction":[{"@type":"ReadAction","target":["https:\/\/staging.parketasala.lv\/en\/product\/carpet-tiles-tarkett-desso-desert-ac89-7921\/"]}]},{"@type":"ImageObject","inLanguage":"en-US","@id":"https:\/\/staging.parketasala.lv\/en\/product\/carpet-tiles-tarkett-desso-desert-ac89-7921\/#primaryimage","url":"https:\/\/staging.parketasala.lv\/wp-content\/uploads\/2023\/11\/TH_Desert_7921.jpg","contentUrl":"https:\/\/staging.parketasala.lv\/wp-content\/uploads\/2023\/11\/TH_Desert_7921.jpg","width":1920,"height":1920,"caption":"Carpet tiles Tarkett Desso Desert AC89 7921"},{"@type":"BreadcrumbList","@id":"https:\/\/staging.parketasala.lv\/en\/product\/carpet-tiles-tarkett-desso-desert-ac89-7921\/#breadcrumb","itemListElement":[{"@type":"ListItem","position":1,"name":"Home","item":"https:\/\/staging.parketasala.lv\/en\/home\/"},{"@type":"ListItem","position":2,"name":"Shop","item":"https:\/\/staging.parketasala.lv\/en\/shop\/"},{"@type":"ListItem","position":3,"name":"Carpet tiles TARKETT Desso Desert AC89 7921"}]},{"@type":"WebSite","@id":"https:\/\/staging.parketasala.lv\/en\/#website","url":"https:\/\/staging.parketasala.lv\/en\/","name":"Parketa Sala","description":"Pla&scaron;s lamin\u0101ta, vinila, parketa un kor\u0137a gr\u012bdu kl\u0101sts","publisher":{"@id":"https:\/\/staging.parketasala.lv\/en\/#organization"},"potentialAction":[{"@type":"SearchAction","target":{"@type":"EntryPoint","urlTemplate":"https:\/\/staging.parketasala.lv\/en\/?s={search_term_string}"},"query-input":{"@type":"PropertyValueSpecification","valueRequired":true,"valueName":"search_term_string"}}],"inLanguage":"en-US"},{"@type":"Organization","@id":"https:\/\/staging.parketasala.lv\/en\/#organization","name":"Parketa Sala","url":"https:\/\/staging.parketasala.lv\/en\/","logo":{"@type":"ImageObject","inLanguage":"en-US","@id":"https:\/\/staging.parketasala.lv\/en\/#\/schema\/logo\/image\/","url":"https:\/\/staging.parketasala.lv\/wp-content\/uploads\/2019\/12\/Logo-x3.png","contentUrl":"https:\/\/staging.parketasala.lv\/wp-content\/uploads\/2019\/12\/Logo-x3.png","width":660,"height":137,"caption":"Parketa Sala"},"image":{"@id":"https:\/\/staging.parketasala.lv\/en\/#\/schema\/logo\/image\/"},"sameAs":["https:\/\/www.facebook.com\/parketasala\/","https:\/\/www.instagram.com\/parketasala\/"]}]}},"_links":{"self":[{"href":"https:\/\/staging.parketasala.lv\/en\/wp-json\/wp\/v2\/product\/23716","targetHints":{"allow":["GET"]}}],"collection":[{"href":"https:\/\/staging.parketasala.lv\/en\/wp-json\/wp\/v2\/product"}],"about":[{"href":"https:\/\/staging.parketasala.lv\/en\/wp-json\/wp\/v2\/types\/product"}],"wp:featuredmedia":[{"embeddable":true,"href":"https:\/\/staging.parketasala.lv\/en\/wp-json\/wp\/v2\/media\/20146"}],"wp:attachment":[{"href":"https:\/\/staging.parketasala.lv\/en\/wp-json\/wp\/v2\/media?parent=23716"}],"wp:term":[{"taxonomy":"product_brand","embeddable":true,"href":"https:\/\/staging.parketasala.lv\/en\/wp-json\/wp\/v2\/product_brand?post=23716"},{"taxonomy":"product_cat","embeddable":true,"href":"https:\/\/staging.parketasala.lv\/en\/wp-json\/wp\/v2\/product_cat?post=23716"},{"taxonomy":"product_tag","embeddable":true,"href":"https:\/\/staging.parketasala.lv\/en\/wp-json\/wp\/v2\/product_tag?post=23716"}],"curies":[{"name":"wp","href":"https:\/\/api.w.org\/{rel}","templated":true}]}}