{"id":23814,"date":"2023-12-06T11:31:33","date_gmt":"2023-12-06T11:31:33","guid":{"rendered":"https:\/\/staging.parketasala.lv\/product\/mapei-ultrabond-ms-rapid\/"},"modified":"2025-03-21T08:52:51","modified_gmt":"2025-03-21T08:52:51","slug":"mapei-ultrabond-ms-rapid","status":"publish","type":"product","link":"https:\/\/staging.parketasala.lv\/en\/product\/mapei-ultrabond-ms-rapid\/","title":{"rendered":"Mapei Ultrabond MS Rapid"},"content":{"rendered":"<p><strong>Fast-setting assembly adhesive with high initial adhesion for interior and exterior work.<\/strong><\/p>\n<p><em>MAPEI ULTRABOND MS RAPID<\/em> is a one-component, flexible, thixotropic adhesive with high initial adhesion and fast curing.<\/p>\n<p>Suitable for bonding to surfaces subject to deformation, where high initial adhesion and mechanical strength are required after a short curing time.<\/p>\n<p><em>ULTRABOND MS RAPID<\/em> &#8216;s rapid polymerisation and compatibility with most absorbent and non-absorbent building material surfaces, including wet surfaces, make it easy to use, practical and a good replacement for mechanical fasteners for fixing various components.<\/p>\n<p>The adhesive is suitable for the installation of window surrounds, balconies, stone window sills, skirting boards, parquet, wood and plastic cable ducts, thermal and acoustic insulation, tiles, door surrounds and cornice mouldings, panels and prefabricated elements in interior and exterior applications.<\/p>\n<p><em>ULTRABOND MS RAPID assembly adhesive is suitable for<\/em>bonding and assembly of the following materials:<\/p>\n<ul>\n<li>cement and cement-based materials<\/li>\n<li>bricks;<\/li>\n<li>stone;<\/li>\n<li>wood and wood products<\/li>\n<li>metal;<\/li>\n<li>painted surfaces<\/li>\n<li>ceramic materials<\/li>\n<li>Glass.<\/li>\n<\/ul>\n<p>The contents of one cartridge are enough to glue about 10 metres of skirting boards.<\/p>\n","protected":false},"excerpt":{"rendered":"<p>Fast-setting assembly adhesive with high initial adhesion for interior and exterior work. MAPEI ULTRABOND MS RAPID is a one-component, flexible, thixotropic adhesive with high initial adhesion and fast curing. Suitable for bonding to surfaces subject to deformation, where high initial adhesion and mechanical strength are required after a short curing time. ULTRABOND MS RAPID &#8216;s [&hellip;]<\/p>\n","protected":false},"featured_media":20371,"template":"","meta":{"_acf_changed":false},"product_brand":[],"product_cat":[424,540],"product_tag":[],"class_list":{"0":"post-23814","1":"product","2":"type-product","3":"status-publish","4":"has-post-thumbnail","6":"product_cat-accessories","7":"product_cat-adhesives","9":"first","10":"onbackorder","11":"taxable","12":"shipping-taxable","13":"purchasable","14":"product-type-simple"},"acf":[],"yoast_head":"<!-- This site is optimized with the Yoast SEO plugin v27.2 - https:\/\/yoast.com\/product\/yoast-seo-wordpress\/ -->\n<title>Mapei Ultrabond MS Rapid &#8211; Parketa Sala<\/title>\n<meta name=\"description\" content=\"A strong interior and exterior assembly adhesive with high initial adhesion. Ideal for gluing skirting boards and door casings.\" \/>\n<meta name=\"robots\" content=\"index,follow, noindex\" \/>\n<meta property=\"og:locale\" content=\"en_US\" \/>\n<meta property=\"og:type\" content=\"article\" \/>\n<meta property=\"og:title\" content=\"Mapei Ultrabond MS Rapid &#8211; Parketa Sala\" \/>\n<meta property=\"og:description\" content=\"A strong interior and exterior assembly adhesive with high initial adhesion. Ideal for gluing skirting boards and door casings.\" \/>\n<meta property=\"og:url\" content=\"https:\/\/staging.parketasala.lv\/en\/product\/mapei-ultrabond-ms-rapid\/\" \/>\n<meta property=\"og:site_name\" content=\"Parketa Sala\" \/>\n<meta property=\"article:publisher\" content=\"https:\/\/www.facebook.com\/parketasala\/\" \/>\n<meta property=\"article:modified_time\" content=\"2025-03-21T08:52:51+00:00\" \/>\n<meta property=\"og:image\" content=\"https:\/\/staging.parketasala.lv\/wp-content\/uploads\/2023\/12\/mapei_ultrabond_ms_rapid.jpg\" \/>\n\t<meta property=\"og:image:width\" content=\"1080\" \/>\n\t<meta property=\"og:image:height\" content=\"1080\" \/>\n\t<meta property=\"og:image:type\" content=\"image\/jpeg\" \/>\n<meta name=\"twitter:card\" content=\"summary_large_image\" \/>\n<meta name=\"twitter:label1\" content=\"Est. reading time\" \/>\n\t<meta name=\"twitter:data1\" content=\"1 minute\" \/>\n<script type=\"application\/ld+json\" class=\"yoast-schema-graph\">{\"@context\":\"https:\/\/schema.org\",\"@graph\":[{\"@type\":\"WebPage\",\"@id\":\"https:\/\/staging.parketasala.lv\/en\/product\/mapei-ultrabond-ms-rapid\/\",\"url\":\"https:\/\/staging.parketasala.lv\/en\/product\/mapei-ultrabond-ms-rapid\/\",\"name\":\"Mapei Ultrabond MS Rapid &#8211; Parketa Sala\",\"isPartOf\":{\"@id\":\"https:\/\/staging.parketasala.lv\/en\/#website\"},\"primaryImageOfPage\":{\"@id\":\"https:\/\/staging.parketasala.lv\/en\/product\/mapei-ultrabond-ms-rapid\/#primaryimage\"},\"image\":{\"@id\":\"https:\/\/staging.parketasala.lv\/en\/product\/mapei-ultrabond-ms-rapid\/#primaryimage\"},\"thumbnailUrl\":\"https:\/\/staging.parketasala.lv\/wp-content\/uploads\/2023\/12\/mapei_ultrabond_ms_rapid.jpg\",\"datePublished\":\"2023-12-06T11:31:33+00:00\",\"dateModified\":\"2025-03-21T08:52:51+00:00\",\"description\":\"A strong interior and exterior assembly adhesive with high initial adhesion. Ideal for gluing skirting boards and door casings.\",\"breadcrumb\":{\"@id\":\"https:\/\/staging.parketasala.lv\/en\/product\/mapei-ultrabond-ms-rapid\/#breadcrumb\"},\"inLanguage\":\"en-US\",\"potentialAction\":[{\"@type\":\"ReadAction\",\"target\":[\"https:\/\/staging.parketasala.lv\/en\/product\/mapei-ultrabond-ms-rapid\/\"]}]},{\"@type\":\"ImageObject\",\"inLanguage\":\"en-US\",\"@id\":\"https:\/\/staging.parketasala.lv\/en\/product\/mapei-ultrabond-ms-rapid\/#primaryimage\",\"url\":\"https:\/\/staging.parketasala.lv\/wp-content\/uploads\/2023\/12\/mapei_ultrabond_ms_rapid.jpg\",\"contentUrl\":\"https:\/\/staging.parketasala.lv\/wp-content\/uploads\/2023\/12\/mapei_ultrabond_ms_rapid.jpg\",\"width\":1080,\"height\":1080,\"caption\":\"MAPEI Ultrabond MS Rapid\"},{\"@type\":\"BreadcrumbList\",\"@id\":\"https:\/\/staging.parketasala.lv\/en\/product\/mapei-ultrabond-ms-rapid\/#breadcrumb\",\"itemListElement\":[{\"@type\":\"ListItem\",\"position\":1,\"name\":\"Home\",\"item\":\"https:\/\/staging.parketasala.lv\/en\/home\/\"},{\"@type\":\"ListItem\",\"position\":2,\"name\":\"Shop\",\"item\":\"https:\/\/staging.parketasala.lv\/en\/shop\/\"},{\"@type\":\"ListItem\",\"position\":3,\"name\":\"Mapei Ultrabond MS Rapid\"}]},{\"@type\":\"WebSite\",\"@id\":\"https:\/\/staging.parketasala.lv\/en\/#website\",\"url\":\"https:\/\/staging.parketasala.lv\/en\/\",\"name\":\"Parketa Sala\",\"description\":\"Pla&scaron;s lamin\u0101ta, vinila, parketa un kor\u0137a gr\u012bdu kl\u0101sts\",\"publisher\":{\"@id\":\"https:\/\/staging.parketasala.lv\/en\/#organization\"},\"potentialAction\":[{\"@type\":\"SearchAction\",\"target\":{\"@type\":\"EntryPoint\",\"urlTemplate\":\"https:\/\/staging.parketasala.lv\/en\/?s={search_term_string}\"},\"query-input\":{\"@type\":\"PropertyValueSpecification\",\"valueRequired\":true,\"valueName\":\"search_term_string\"}}],\"inLanguage\":\"en-US\"},{\"@type\":\"Organization\",\"@id\":\"https:\/\/staging.parketasala.lv\/en\/#organization\",\"name\":\"Parketa Sala\",\"url\":\"https:\/\/staging.parketasala.lv\/en\/\",\"logo\":{\"@type\":\"ImageObject\",\"inLanguage\":\"en-US\",\"@id\":\"https:\/\/staging.parketasala.lv\/en\/#\/schema\/logo\/image\/\",\"url\":\"https:\/\/staging.parketasala.lv\/wp-content\/uploads\/2019\/12\/Logo-x3.png\",\"contentUrl\":\"https:\/\/staging.parketasala.lv\/wp-content\/uploads\/2019\/12\/Logo-x3.png\",\"width\":660,\"height\":137,\"caption\":\"Parketa Sala\"},\"image\":{\"@id\":\"https:\/\/staging.parketasala.lv\/en\/#\/schema\/logo\/image\/\"},\"sameAs\":[\"https:\/\/www.facebook.com\/parketasala\/\",\"https:\/\/www.instagram.com\/parketasala\/\"]}]}<\/script>\n<!-- \/ Yoast SEO plugin. -->","yoast_head_json":{"title":"Mapei Ultrabond MS Rapid &#8211; Parketa Sala","description":"A strong interior and exterior assembly adhesive with high initial adhesion. Ideal for gluing skirting boards and door casings.","robots":{"index,follow":"index,follow","index":"noindex"},"og_locale":"en_US","og_type":"article","og_title":"Mapei Ultrabond MS Rapid &#8211; Parketa Sala","og_description":"A strong interior and exterior assembly adhesive with high initial adhesion. Ideal for gluing skirting boards and door casings.","og_url":"https:\/\/staging.parketasala.lv\/en\/product\/mapei-ultrabond-ms-rapid\/","og_site_name":"Parketa Sala","article_publisher":"https:\/\/www.facebook.com\/parketasala\/","article_modified_time":"2025-03-21T08:52:51+00:00","og_image":[{"width":1080,"height":1080,"url":"https:\/\/staging.parketasala.lv\/wp-content\/uploads\/2023\/12\/mapei_ultrabond_ms_rapid.jpg","type":"image\/jpeg"}],"twitter_card":"summary_large_image","twitter_misc":{"Est. reading time":"1 minute"},"schema":{"@context":"https:\/\/schema.org","@graph":[{"@type":"WebPage","@id":"https:\/\/staging.parketasala.lv\/en\/product\/mapei-ultrabond-ms-rapid\/","url":"https:\/\/staging.parketasala.lv\/en\/product\/mapei-ultrabond-ms-rapid\/","name":"Mapei Ultrabond MS Rapid &#8211; Parketa Sala","isPartOf":{"@id":"https:\/\/staging.parketasala.lv\/en\/#website"},"primaryImageOfPage":{"@id":"https:\/\/staging.parketasala.lv\/en\/product\/mapei-ultrabond-ms-rapid\/#primaryimage"},"image":{"@id":"https:\/\/staging.parketasala.lv\/en\/product\/mapei-ultrabond-ms-rapid\/#primaryimage"},"thumbnailUrl":"https:\/\/staging.parketasala.lv\/wp-content\/uploads\/2023\/12\/mapei_ultrabond_ms_rapid.jpg","datePublished":"2023-12-06T11:31:33+00:00","dateModified":"2025-03-21T08:52:51+00:00","description":"A strong interior and exterior assembly adhesive with high initial adhesion. Ideal for gluing skirting boards and door casings.","breadcrumb":{"@id":"https:\/\/staging.parketasala.lv\/en\/product\/mapei-ultrabond-ms-rapid\/#breadcrumb"},"inLanguage":"en-US","potentialAction":[{"@type":"ReadAction","target":["https:\/\/staging.parketasala.lv\/en\/product\/mapei-ultrabond-ms-rapid\/"]}]},{"@type":"ImageObject","inLanguage":"en-US","@id":"https:\/\/staging.parketasala.lv\/en\/product\/mapei-ultrabond-ms-rapid\/#primaryimage","url":"https:\/\/staging.parketasala.lv\/wp-content\/uploads\/2023\/12\/mapei_ultrabond_ms_rapid.jpg","contentUrl":"https:\/\/staging.parketasala.lv\/wp-content\/uploads\/2023\/12\/mapei_ultrabond_ms_rapid.jpg","width":1080,"height":1080,"caption":"MAPEI Ultrabond MS Rapid"},{"@type":"BreadcrumbList","@id":"https:\/\/staging.parketasala.lv\/en\/product\/mapei-ultrabond-ms-rapid\/#breadcrumb","itemListElement":[{"@type":"ListItem","position":1,"name":"Home","item":"https:\/\/staging.parketasala.lv\/en\/home\/"},{"@type":"ListItem","position":2,"name":"Shop","item":"https:\/\/staging.parketasala.lv\/en\/shop\/"},{"@type":"ListItem","position":3,"name":"Mapei Ultrabond MS Rapid"}]},{"@type":"WebSite","@id":"https:\/\/staging.parketasala.lv\/en\/#website","url":"https:\/\/staging.parketasala.lv\/en\/","name":"Parketa Sala","description":"Pla&scaron;s lamin\u0101ta, vinila, parketa un kor\u0137a gr\u012bdu kl\u0101sts","publisher":{"@id":"https:\/\/staging.parketasala.lv\/en\/#organization"},"potentialAction":[{"@type":"SearchAction","target":{"@type":"EntryPoint","urlTemplate":"https:\/\/staging.parketasala.lv\/en\/?s={search_term_string}"},"query-input":{"@type":"PropertyValueSpecification","valueRequired":true,"valueName":"search_term_string"}}],"inLanguage":"en-US"},{"@type":"Organization","@id":"https:\/\/staging.parketasala.lv\/en\/#organization","name":"Parketa Sala","url":"https:\/\/staging.parketasala.lv\/en\/","logo":{"@type":"ImageObject","inLanguage":"en-US","@id":"https:\/\/staging.parketasala.lv\/en\/#\/schema\/logo\/image\/","url":"https:\/\/staging.parketasala.lv\/wp-content\/uploads\/2019\/12\/Logo-x3.png","contentUrl":"https:\/\/staging.parketasala.lv\/wp-content\/uploads\/2019\/12\/Logo-x3.png","width":660,"height":137,"caption":"Parketa Sala"},"image":{"@id":"https:\/\/staging.parketasala.lv\/en\/#\/schema\/logo\/image\/"},"sameAs":["https:\/\/www.facebook.com\/parketasala\/","https:\/\/www.instagram.com\/parketasala\/"]}]}},"_links":{"self":[{"href":"https:\/\/staging.parketasala.lv\/en\/wp-json\/wp\/v2\/product\/23814","targetHints":{"allow":["GET"]}}],"collection":[{"href":"https:\/\/staging.parketasala.lv\/en\/wp-json\/wp\/v2\/product"}],"about":[{"href":"https:\/\/staging.parketasala.lv\/en\/wp-json\/wp\/v2\/types\/product"}],"wp:featuredmedia":[{"embeddable":true,"href":"https:\/\/staging.parketasala.lv\/en\/wp-json\/wp\/v2\/media\/20371"}],"wp:attachment":[{"href":"https:\/\/staging.parketasala.lv\/en\/wp-json\/wp\/v2\/media?parent=23814"}],"wp:term":[{"taxonomy":"product_brand","embeddable":true,"href":"https:\/\/staging.parketasala.lv\/en\/wp-json\/wp\/v2\/product_brand?post=23814"},{"taxonomy":"product_cat","embeddable":true,"href":"https:\/\/staging.parketasala.lv\/en\/wp-json\/wp\/v2\/product_cat?post=23814"},{"taxonomy":"product_tag","embeddable":true,"href":"https:\/\/staging.parketasala.lv\/en\/wp-json\/wp\/v2\/product_tag?post=23814"}],"curies":[{"name":"wp","href":"https:\/\/api.w.org\/{rel}","templated":true}]}}