{"id":23819,"date":"2023-11-21T12:02:07","date_gmt":"2023-11-21T12:02:07","guid":{"rendered":"https:\/\/staging.parketasala.lv\/product\/heterogeneous-linoleum-ivc-optimise-70\/"},"modified":"2025-03-21T08:53:05","modified_gmt":"2025-03-21T08:53:05","slug":"heterogeneous-linoleum-ivc-optimise-70","status":"publish","type":"product","link":"https:\/\/staging.parketasala.lv\/en\/product\/heterogeneous-linoleum-ivc-optimise-70\/","title":{"rendered":"Heterogeneous linoleum IVC Optimise 70"},"content":{"rendered":"<p>By reducing sound and embracing vibrant colours, Optimize 70 highlights high-traffic areas from the ordinary, making your rooms quieter and brighter. This vinyl floor offers 54 colour and material effects with 19 dB of impact sound reduction, providing a high-performance solution for any high-traffic room. Optimize 70 is designed to make high-traffic areas more comfortable and beautiful. Healthcare and educational facilities, social housing, office and retail projects that require a durable and easy to maintain finish to set spaces apart from the ordinary, Optimize 70 vinyl delivers it all.   <\/p>\n<h2><\/h2>\n<p>Optimize 70 vinyl characteristics:<\/p>\n<ul>\n<li>impact sound reduction &#8211; 19 dB<\/li>\n<li>0.7 mm surface protection layer for long service life under the highest load conditions (wear resistance class 42)<\/li>\n<li>thanks to Hyperguard+ and Sanitec\u2122 technologies, Optimize 70 is very easy to care for<\/li>\n<li>anti-slip class &#8211; R10<\/li>\n<li>2 m wide roll for easy laying<\/li>\n<li>The wide 54 shade palette allows for creative designs<\/li>\n<\/ul>\n","protected":false},"excerpt":{"rendered":"<p>By reducing sound and embracing vibrant colours, Optimize 70 highlights high-traffic areas from the ordinary, making your rooms quieter and brighter. This vinyl floor offers 54 colour and material effects with 19 dB of impact sound reduction, providing a high-performance solution for any high-traffic room. Optimize 70 is designed to make high-traffic areas more comfortable [&hellip;]<\/p>\n","protected":false},"featured_media":20282,"template":"","meta":{"_acf_changed":false},"product_brand":[],"product_cat":[672,638],"product_tag":[],"class_list":{"0":"post-23819","1":"product","2":"type-product","3":"status-publish","4":"has-post-thumbnail","6":"product_cat-ivc","7":"product_cat-linoleum","9":"first","10":"onbackorder","11":"taxable","12":"shipping-taxable","13":"purchasable","14":"product-type-simple"},"acf":[],"yoast_head":"<!-- This site is optimized with the Yoast SEO plugin v27.2 - https:\/\/yoast.com\/product\/yoast-seo-wordpress\/ -->\n<title>Heterogeneous linoleum IVC Optimise 70 &#8211; Parketa Sala<\/title>\n<meta name=\"description\" content=\"IVC Optimise 70 heterogeneous linoleum is suitable for the highest demands on durability, longevity and acoustics in schools, medical facilities and offices.\" \/>\n<meta name=\"robots\" content=\"index,follow, noindex\" \/>\n<meta property=\"og:locale\" content=\"en_US\" \/>\n<meta property=\"og:type\" content=\"article\" \/>\n<meta property=\"og:title\" content=\"Heterogeneous linoleum IVC Optimise 70 &#8211; Parketa Sala\" \/>\n<meta property=\"og:description\" content=\"IVC Optimise 70 heterogeneous linoleum is suitable for the highest demands on durability, longevity and acoustics in schools, medical facilities and offices.\" \/>\n<meta property=\"og:url\" content=\"https:\/\/staging.parketasala.lv\/en\/product\/heterogeneous-linoleum-ivc-optimise-70\/\" \/>\n<meta property=\"og:site_name\" content=\"Parketa Sala\" \/>\n<meta property=\"article:publisher\" content=\"https:\/\/www.facebook.com\/parketasala\/\" \/>\n<meta property=\"article:modified_time\" content=\"2025-03-21T08:53:05+00:00\" \/>\n<meta property=\"og:image\" content=\"https:\/\/staging.parketasala.lv\/wp-content\/uploads\/2023\/11\/IntSho_Crystal24_Ombra65_15_Pinnacles83-PRINT2560-1024x724.jpg\" \/>\n\t<meta property=\"og:image:width\" content=\"1024\" \/>\n\t<meta property=\"og:image:height\" content=\"724\" \/>\n\t<meta property=\"og:image:type\" content=\"image\/jpeg\" \/>\n<meta name=\"twitter:card\" content=\"summary_large_image\" \/>\n<meta name=\"twitter:label1\" content=\"Est. reading time\" \/>\n\t<meta name=\"twitter:data1\" content=\"1 minute\" \/>\n<script type=\"application\/ld+json\" class=\"yoast-schema-graph\">{\"@context\":\"https:\/\/schema.org\",\"@graph\":[{\"@type\":\"WebPage\",\"@id\":\"https:\/\/staging.parketasala.lv\/en\/product\/heterogeneous-linoleum-ivc-optimise-70\/\",\"url\":\"https:\/\/staging.parketasala.lv\/en\/product\/heterogeneous-linoleum-ivc-optimise-70\/\",\"name\":\"Heterogeneous linoleum IVC Optimise 70 &#8211; Parketa Sala\",\"isPartOf\":{\"@id\":\"https:\/\/staging.parketasala.lv\/en\/#website\"},\"primaryImageOfPage\":{\"@id\":\"https:\/\/staging.parketasala.lv\/en\/product\/heterogeneous-linoleum-ivc-optimise-70\/#primaryimage\"},\"image\":{\"@id\":\"https:\/\/staging.parketasala.lv\/en\/product\/heterogeneous-linoleum-ivc-optimise-70\/#primaryimage\"},\"thumbnailUrl\":\"https:\/\/staging.parketasala.lv\/wp-content\/uploads\/2023\/11\/IntSho_Crystal24_Ombra65_15_Pinnacles83-PRINT2560.jpg\",\"datePublished\":\"2023-11-21T12:02:07+00:00\",\"dateModified\":\"2025-03-21T08:53:05+00:00\",\"description\":\"IVC Optimise 70 heterogeneous linoleum is suitable for the highest demands on durability, longevity and acoustics in schools, medical facilities and offices.\",\"breadcrumb\":{\"@id\":\"https:\/\/staging.parketasala.lv\/en\/product\/heterogeneous-linoleum-ivc-optimise-70\/#breadcrumb\"},\"inLanguage\":\"en-US\",\"potentialAction\":[{\"@type\":\"ReadAction\",\"target\":[\"https:\/\/staging.parketasala.lv\/en\/product\/heterogeneous-linoleum-ivc-optimise-70\/\"]}]},{\"@type\":\"ImageObject\",\"inLanguage\":\"en-US\",\"@id\":\"https:\/\/staging.parketasala.lv\/en\/product\/heterogeneous-linoleum-ivc-optimise-70\/#primaryimage\",\"url\":\"https:\/\/staging.parketasala.lv\/wp-content\/uploads\/2023\/11\/IntSho_Crystal24_Ombra65_15_Pinnacles83-PRINT2560.jpg\",\"contentUrl\":\"https:\/\/staging.parketasala.lv\/wp-content\/uploads\/2023\/11\/IntSho_Crystal24_Ombra65_15_Pinnacles83-PRINT2560.jpg\",\"width\":2560,\"height\":1810,\"caption\":\"Linoleum IVC Optimise70, shades - OmbraT15, CrystalT24, OmbraT65, PinnaclesT83\"},{\"@type\":\"BreadcrumbList\",\"@id\":\"https:\/\/staging.parketasala.lv\/en\/product\/heterogeneous-linoleum-ivc-optimise-70\/#breadcrumb\",\"itemListElement\":[{\"@type\":\"ListItem\",\"position\":1,\"name\":\"Home\",\"item\":\"https:\/\/staging.parketasala.lv\/en\/home\/\"},{\"@type\":\"ListItem\",\"position\":2,\"name\":\"Shop\",\"item\":\"https:\/\/staging.parketasala.lv\/en\/shop\/\"},{\"@type\":\"ListItem\",\"position\":3,\"name\":\"Heterogeneous linoleum IVC Optimise 70\"}]},{\"@type\":\"WebSite\",\"@id\":\"https:\/\/staging.parketasala.lv\/en\/#website\",\"url\":\"https:\/\/staging.parketasala.lv\/en\/\",\"name\":\"Parketa Sala\",\"description\":\"Pla&scaron;s lamin\u0101ta, vinila, parketa un kor\u0137a gr\u012bdu kl\u0101sts\",\"publisher\":{\"@id\":\"https:\/\/staging.parketasala.lv\/en\/#organization\"},\"potentialAction\":[{\"@type\":\"SearchAction\",\"target\":{\"@type\":\"EntryPoint\",\"urlTemplate\":\"https:\/\/staging.parketasala.lv\/en\/?s={search_term_string}\"},\"query-input\":{\"@type\":\"PropertyValueSpecification\",\"valueRequired\":true,\"valueName\":\"search_term_string\"}}],\"inLanguage\":\"en-US\"},{\"@type\":\"Organization\",\"@id\":\"https:\/\/staging.parketasala.lv\/en\/#organization\",\"name\":\"Parketa Sala\",\"url\":\"https:\/\/staging.parketasala.lv\/en\/\",\"logo\":{\"@type\":\"ImageObject\",\"inLanguage\":\"en-US\",\"@id\":\"https:\/\/staging.parketasala.lv\/en\/#\/schema\/logo\/image\/\",\"url\":\"https:\/\/staging.parketasala.lv\/wp-content\/uploads\/2019\/12\/Logo-x3.png\",\"contentUrl\":\"https:\/\/staging.parketasala.lv\/wp-content\/uploads\/2019\/12\/Logo-x3.png\",\"width\":660,\"height\":137,\"caption\":\"Parketa Sala\"},\"image\":{\"@id\":\"https:\/\/staging.parketasala.lv\/en\/#\/schema\/logo\/image\/\"},\"sameAs\":[\"https:\/\/www.facebook.com\/parketasala\/\",\"https:\/\/www.instagram.com\/parketasala\/\"]}]}<\/script>\n<!-- \/ Yoast SEO plugin. -->","yoast_head_json":{"title":"Heterogeneous linoleum IVC Optimise 70 &#8211; Parketa Sala","description":"IVC Optimise 70 heterogeneous linoleum is suitable for the highest demands on durability, longevity and acoustics in schools, medical facilities and offices.","robots":{"index,follow":"index,follow","index":"noindex"},"og_locale":"en_US","og_type":"article","og_title":"Heterogeneous linoleum IVC Optimise 70 &#8211; Parketa Sala","og_description":"IVC Optimise 70 heterogeneous linoleum is suitable for the highest demands on durability, longevity and acoustics in schools, medical facilities and offices.","og_url":"https:\/\/staging.parketasala.lv\/en\/product\/heterogeneous-linoleum-ivc-optimise-70\/","og_site_name":"Parketa Sala","article_publisher":"https:\/\/www.facebook.com\/parketasala\/","article_modified_time":"2025-03-21T08:53:05+00:00","og_image":[{"width":1024,"height":724,"url":"https:\/\/staging.parketasala.lv\/wp-content\/uploads\/2023\/11\/IntSho_Crystal24_Ombra65_15_Pinnacles83-PRINT2560-1024x724.jpg","type":"image\/jpeg"}],"twitter_card":"summary_large_image","twitter_misc":{"Est. reading time":"1 minute"},"schema":{"@context":"https:\/\/schema.org","@graph":[{"@type":"WebPage","@id":"https:\/\/staging.parketasala.lv\/en\/product\/heterogeneous-linoleum-ivc-optimise-70\/","url":"https:\/\/staging.parketasala.lv\/en\/product\/heterogeneous-linoleum-ivc-optimise-70\/","name":"Heterogeneous linoleum IVC Optimise 70 &#8211; Parketa Sala","isPartOf":{"@id":"https:\/\/staging.parketasala.lv\/en\/#website"},"primaryImageOfPage":{"@id":"https:\/\/staging.parketasala.lv\/en\/product\/heterogeneous-linoleum-ivc-optimise-70\/#primaryimage"},"image":{"@id":"https:\/\/staging.parketasala.lv\/en\/product\/heterogeneous-linoleum-ivc-optimise-70\/#primaryimage"},"thumbnailUrl":"https:\/\/staging.parketasala.lv\/wp-content\/uploads\/2023\/11\/IntSho_Crystal24_Ombra65_15_Pinnacles83-PRINT2560.jpg","datePublished":"2023-11-21T12:02:07+00:00","dateModified":"2025-03-21T08:53:05+00:00","description":"IVC Optimise 70 heterogeneous linoleum is suitable for the highest demands on durability, longevity and acoustics in schools, medical facilities and offices.","breadcrumb":{"@id":"https:\/\/staging.parketasala.lv\/en\/product\/heterogeneous-linoleum-ivc-optimise-70\/#breadcrumb"},"inLanguage":"en-US","potentialAction":[{"@type":"ReadAction","target":["https:\/\/staging.parketasala.lv\/en\/product\/heterogeneous-linoleum-ivc-optimise-70\/"]}]},{"@type":"ImageObject","inLanguage":"en-US","@id":"https:\/\/staging.parketasala.lv\/en\/product\/heterogeneous-linoleum-ivc-optimise-70\/#primaryimage","url":"https:\/\/staging.parketasala.lv\/wp-content\/uploads\/2023\/11\/IntSho_Crystal24_Ombra65_15_Pinnacles83-PRINT2560.jpg","contentUrl":"https:\/\/staging.parketasala.lv\/wp-content\/uploads\/2023\/11\/IntSho_Crystal24_Ombra65_15_Pinnacles83-PRINT2560.jpg","width":2560,"height":1810,"caption":"Linoleum IVC Optimise70, shades - OmbraT15, CrystalT24, OmbraT65, PinnaclesT83"},{"@type":"BreadcrumbList","@id":"https:\/\/staging.parketasala.lv\/en\/product\/heterogeneous-linoleum-ivc-optimise-70\/#breadcrumb","itemListElement":[{"@type":"ListItem","position":1,"name":"Home","item":"https:\/\/staging.parketasala.lv\/en\/home\/"},{"@type":"ListItem","position":2,"name":"Shop","item":"https:\/\/staging.parketasala.lv\/en\/shop\/"},{"@type":"ListItem","position":3,"name":"Heterogeneous linoleum IVC Optimise 70"}]},{"@type":"WebSite","@id":"https:\/\/staging.parketasala.lv\/en\/#website","url":"https:\/\/staging.parketasala.lv\/en\/","name":"Parketa Sala","description":"Pla&scaron;s lamin\u0101ta, vinila, parketa un kor\u0137a gr\u012bdu kl\u0101sts","publisher":{"@id":"https:\/\/staging.parketasala.lv\/en\/#organization"},"potentialAction":[{"@type":"SearchAction","target":{"@type":"EntryPoint","urlTemplate":"https:\/\/staging.parketasala.lv\/en\/?s={search_term_string}"},"query-input":{"@type":"PropertyValueSpecification","valueRequired":true,"valueName":"search_term_string"}}],"inLanguage":"en-US"},{"@type":"Organization","@id":"https:\/\/staging.parketasala.lv\/en\/#organization","name":"Parketa Sala","url":"https:\/\/staging.parketasala.lv\/en\/","logo":{"@type":"ImageObject","inLanguage":"en-US","@id":"https:\/\/staging.parketasala.lv\/en\/#\/schema\/logo\/image\/","url":"https:\/\/staging.parketasala.lv\/wp-content\/uploads\/2019\/12\/Logo-x3.png","contentUrl":"https:\/\/staging.parketasala.lv\/wp-content\/uploads\/2019\/12\/Logo-x3.png","width":660,"height":137,"caption":"Parketa Sala"},"image":{"@id":"https:\/\/staging.parketasala.lv\/en\/#\/schema\/logo\/image\/"},"sameAs":["https:\/\/www.facebook.com\/parketasala\/","https:\/\/www.instagram.com\/parketasala\/"]}]}},"_links":{"self":[{"href":"https:\/\/staging.parketasala.lv\/en\/wp-json\/wp\/v2\/product\/23819","targetHints":{"allow":["GET"]}}],"collection":[{"href":"https:\/\/staging.parketasala.lv\/en\/wp-json\/wp\/v2\/product"}],"about":[{"href":"https:\/\/staging.parketasala.lv\/en\/wp-json\/wp\/v2\/types\/product"}],"wp:featuredmedia":[{"embeddable":true,"href":"https:\/\/staging.parketasala.lv\/en\/wp-json\/wp\/v2\/media\/20282"}],"wp:attachment":[{"href":"https:\/\/staging.parketasala.lv\/en\/wp-json\/wp\/v2\/media?parent=23819"}],"wp:term":[{"taxonomy":"product_brand","embeddable":true,"href":"https:\/\/staging.parketasala.lv\/en\/wp-json\/wp\/v2\/product_brand?post=23819"},{"taxonomy":"product_cat","embeddable":true,"href":"https:\/\/staging.parketasala.lv\/en\/wp-json\/wp\/v2\/product_cat?post=23819"},{"taxonomy":"product_tag","embeddable":true,"href":"https:\/\/staging.parketasala.lv\/en\/wp-json\/wp\/v2\/product_tag?post=23819"}],"curies":[{"name":"wp","href":"https:\/\/api.w.org\/{rel}","templated":true}]}}