{"id":24070,"date":"2019-12-09T06:47:16","date_gmt":"2019-12-09T06:47:16","guid":{"rendered":"https:\/\/staging.parketasala.lv\/%d0%bc%d0%be%d0%b9-%d1%81%d1%87%d0%b5%d1%82\/"},"modified":"2025-07-07T08:13:51","modified_gmt":"2025-07-07T08:13:51","slug":"%d0%bc%d0%be%d0%b9-%d1%81%d1%87%d0%b5%d1%82","status":"publish","type":"page","link":"https:\/\/staging.parketasala.lv\/ru\/%d0%bc%d0%be%d0%b9-%d1%81%d1%87%d0%b5%d1%82\/","title":{"rendered":"\u041c\u043e\u0439 \u0441\u0447\u0435\u0442"},"content":{"rendered":"<div class=\"woocommerce\"><\/div>\n","protected":false},"excerpt":{"rendered":"","protected":false},"author":1,"featured_media":0,"parent":0,"menu_order":0,"comment_status":"closed","ping_status":"closed","template":"","meta":{"_acf_changed":false,"footnotes":""},"class_list":["post-24070","page","type-page","status-publish","hentry"],"acf":[],"yoast_head":"<!-- This site is optimized with the Yoast SEO plugin v27.2 - https:\/\/yoast.com\/product\/yoast-seo-wordpress\/ -->\n<title>\u041c\u043e\u0439 \u0441\u0447\u0435\u0442 &#8211; Parketa Sala<\/title>\n<meta name=\"robots\" content=\"index,follow, noindex\" \/>\n<meta property=\"og:locale\" content=\"ru_RU\" \/>\n<meta property=\"og:type\" content=\"article\" \/>\n<meta property=\"og:title\" content=\"\u041c\u043e\u0439 \u0441\u0447\u0435\u0442 &#8211; Parketa Sala\" \/>\n<meta property=\"og:url\" content=\"https:\/\/staging.parketasala.lv\/ru\/%d0%bc%d0%be%d0%b9-%d1%81%d1%87%d0%b5%d1%82\/\" \/>\n<meta property=\"og:site_name\" content=\"Parketa Sala\" \/>\n<meta property=\"article:publisher\" content=\"https:\/\/www.facebook.com\/parketasala\/\" \/>\n<meta property=\"article:modified_time\" content=\"2025-07-07T08:13:51+00:00\" \/>\n<meta name=\"twitter:card\" content=\"summary_large_image\" \/>\n<script type=\"application\/ld+json\" class=\"yoast-schema-graph\">{\"@context\":\"https:\/\/schema.org\",\"@graph\":[{\"@type\":\"WebPage\",\"@id\":\"https:\/\/staging.parketasala.lv\/ru\/%d0%bc%d0%be%d0%b9-%d1%81%d1%87%d0%b5%d1%82\/\",\"url\":\"https:\/\/staging.parketasala.lv\/ru\/%d0%bc%d0%be%d0%b9-%d1%81%d1%87%d0%b5%d1%82\/\",\"name\":\"\u041c\u043e\u0439 \u0441\u0447\u0435\u0442 &#8211; Parketa Sala\",\"isPartOf\":{\"@id\":\"https:\/\/staging.parketasala.lv\/ru\/#website\"},\"datePublished\":\"2019-12-09T06:47:16+00:00\",\"dateModified\":\"2025-07-07T08:13:51+00:00\",\"breadcrumb\":{\"@id\":\"https:\/\/staging.parketasala.lv\/ru\/%d0%bc%d0%be%d0%b9-%d1%81%d1%87%d0%b5%d1%82\/#breadcrumb\"},\"inLanguage\":\"ru-RU\",\"potentialAction\":[{\"@type\":\"ReadAction\",\"target\":[\"https:\/\/staging.parketasala.lv\/ru\/%d0%bc%d0%be%d0%b9-%d1%81%d1%87%d0%b5%d1%82\/\"]}]},{\"@type\":\"BreadcrumbList\",\"@id\":\"https:\/\/staging.parketasala.lv\/ru\/%d0%bc%d0%be%d0%b9-%d1%81%d1%87%d0%b5%d1%82\/#breadcrumb\",\"itemListElement\":[{\"@type\":\"ListItem\",\"position\":1,\"name\":\"Home\",\"item\":\"https:\/\/staging.parketasala.lv\/ru\/%d0%b3%d0%bb%d0%b0%d0%b2%d0%bd%d0%b0%d1%8f\/\"},{\"@type\":\"ListItem\",\"position\":2,\"name\":\"\u041c\u043e\u0439 \u0441\u0447\u0435\u0442\"}]},{\"@type\":\"WebSite\",\"@id\":\"https:\/\/staging.parketasala.lv\/ru\/#website\",\"url\":\"https:\/\/staging.parketasala.lv\/ru\/\",\"name\":\"Parketa Sala\",\"description\":\"Pla&scaron;s lamin\u0101ta, vinila, parketa un kor\u0137a gr\u012bdu kl\u0101sts\",\"publisher\":{\"@id\":\"https:\/\/staging.parketasala.lv\/ru\/#organization\"},\"potentialAction\":[{\"@type\":\"SearchAction\",\"target\":{\"@type\":\"EntryPoint\",\"urlTemplate\":\"https:\/\/staging.parketasala.lv\/ru\/?s={search_term_string}\"},\"query-input\":{\"@type\":\"PropertyValueSpecification\",\"valueRequired\":true,\"valueName\":\"search_term_string\"}}],\"inLanguage\":\"ru-RU\"},{\"@type\":\"Organization\",\"@id\":\"https:\/\/staging.parketasala.lv\/ru\/#organization\",\"name\":\"Parketa Sala\",\"url\":\"https:\/\/staging.parketasala.lv\/ru\/\",\"logo\":{\"@type\":\"ImageObject\",\"inLanguage\":\"ru-RU\",\"@id\":\"https:\/\/staging.parketasala.lv\/ru\/#\/schema\/logo\/image\/\",\"url\":\"https:\/\/staging.parketasala.lv\/wp-content\/uploads\/2019\/12\/Logo-x3.png\",\"contentUrl\":\"https:\/\/staging.parketasala.lv\/wp-content\/uploads\/2019\/12\/Logo-x3.png\",\"width\":660,\"height\":137,\"caption\":\"Parketa Sala\"},\"image\":{\"@id\":\"https:\/\/staging.parketasala.lv\/ru\/#\/schema\/logo\/image\/\"},\"sameAs\":[\"https:\/\/www.facebook.com\/parketasala\/\",\"https:\/\/www.instagram.com\/parketasala\/\"]}]}<\/script>\n<!-- \/ Yoast SEO plugin. -->","yoast_head_json":{"title":"\u041c\u043e\u0439 \u0441\u0447\u0435\u0442 &#8211; Parketa Sala","robots":{"index,follow":"index,follow","index":"noindex"},"og_locale":"ru_RU","og_type":"article","og_title":"\u041c\u043e\u0439 \u0441\u0447\u0435\u0442 &#8211; Parketa Sala","og_url":"https:\/\/staging.parketasala.lv\/ru\/%d0%bc%d0%be%d0%b9-%d1%81%d1%87%d0%b5%d1%82\/","og_site_name":"Parketa Sala","article_publisher":"https:\/\/www.facebook.com\/parketasala\/","article_modified_time":"2025-07-07T08:13:51+00:00","twitter_card":"summary_large_image","schema":{"@context":"https:\/\/schema.org","@graph":[{"@type":"WebPage","@id":"https:\/\/staging.parketasala.lv\/ru\/%d0%bc%d0%be%d0%b9-%d1%81%d1%87%d0%b5%d1%82\/","url":"https:\/\/staging.parketasala.lv\/ru\/%d0%bc%d0%be%d0%b9-%d1%81%d1%87%d0%b5%d1%82\/","name":"\u041c\u043e\u0439 \u0441\u0447\u0435\u0442 &#8211; Parketa Sala","isPartOf":{"@id":"https:\/\/staging.parketasala.lv\/ru\/#website"},"datePublished":"2019-12-09T06:47:16+00:00","dateModified":"2025-07-07T08:13:51+00:00","breadcrumb":{"@id":"https:\/\/staging.parketasala.lv\/ru\/%d0%bc%d0%be%d0%b9-%d1%81%d1%87%d0%b5%d1%82\/#breadcrumb"},"inLanguage":"ru-RU","potentialAction":[{"@type":"ReadAction","target":["https:\/\/staging.parketasala.lv\/ru\/%d0%bc%d0%be%d0%b9-%d1%81%d1%87%d0%b5%d1%82\/"]}]},{"@type":"BreadcrumbList","@id":"https:\/\/staging.parketasala.lv\/ru\/%d0%bc%d0%be%d0%b9-%d1%81%d1%87%d0%b5%d1%82\/#breadcrumb","itemListElement":[{"@type":"ListItem","position":1,"name":"Home","item":"https:\/\/staging.parketasala.lv\/ru\/%d0%b3%d0%bb%d0%b0%d0%b2%d0%bd%d0%b0%d1%8f\/"},{"@type":"ListItem","position":2,"name":"\u041c\u043e\u0439 \u0441\u0447\u0435\u0442"}]},{"@type":"WebSite","@id":"https:\/\/staging.parketasala.lv\/ru\/#website","url":"https:\/\/staging.parketasala.lv\/ru\/","name":"Parketa Sala","description":"Pla&scaron;s lamin\u0101ta, vinila, parketa un kor\u0137a gr\u012bdu kl\u0101sts","publisher":{"@id":"https:\/\/staging.parketasala.lv\/ru\/#organization"},"potentialAction":[{"@type":"SearchAction","target":{"@type":"EntryPoint","urlTemplate":"https:\/\/staging.parketasala.lv\/ru\/?s={search_term_string}"},"query-input":{"@type":"PropertyValueSpecification","valueRequired":true,"valueName":"search_term_string"}}],"inLanguage":"ru-RU"},{"@type":"Organization","@id":"https:\/\/staging.parketasala.lv\/ru\/#organization","name":"Parketa Sala","url":"https:\/\/staging.parketasala.lv\/ru\/","logo":{"@type":"ImageObject","inLanguage":"ru-RU","@id":"https:\/\/staging.parketasala.lv\/ru\/#\/schema\/logo\/image\/","url":"https:\/\/staging.parketasala.lv\/wp-content\/uploads\/2019\/12\/Logo-x3.png","contentUrl":"https:\/\/staging.parketasala.lv\/wp-content\/uploads\/2019\/12\/Logo-x3.png","width":660,"height":137,"caption":"Parketa Sala"},"image":{"@id":"https:\/\/staging.parketasala.lv\/ru\/#\/schema\/logo\/image\/"},"sameAs":["https:\/\/www.facebook.com\/parketasala\/","https:\/\/www.instagram.com\/parketasala\/"]}]}},"_links":{"self":[{"href":"https:\/\/staging.parketasala.lv\/ru\/wp-json\/wp\/v2\/pages\/24070","targetHints":{"allow":["GET"]}}],"collection":[{"href":"https:\/\/staging.parketasala.lv\/ru\/wp-json\/wp\/v2\/pages"}],"about":[{"href":"https:\/\/staging.parketasala.lv\/ru\/wp-json\/wp\/v2\/types\/page"}],"author":[{"embeddable":true,"href":"https:\/\/staging.parketasala.lv\/ru\/wp-json\/wp\/v2\/users\/1"}],"replies":[{"embeddable":true,"href":"https:\/\/staging.parketasala.lv\/ru\/wp-json\/wp\/v2\/comments?post=24070"}],"version-history":[{"count":1,"href":"https:\/\/staging.parketasala.lv\/ru\/wp-json\/wp\/v2\/pages\/24070\/revisions"}],"predecessor-version":[{"id":24071,"href":"https:\/\/staging.parketasala.lv\/ru\/wp-json\/wp\/v2\/pages\/24070\/revisions\/24071"}],"wp:attachment":[{"href":"https:\/\/staging.parketasala.lv\/ru\/wp-json\/wp\/v2\/media?parent=24070"}],"curies":[{"name":"wp","href":"https:\/\/api.w.org\/{rel}","templated":true}]}}