{"id":24077,"date":"2024-02-20T11:22:05","date_gmt":"2024-02-20T11:22:05","guid":{"rendered":"https:\/\/staging.parketasala.lv\/%d0%b4%d0%be%d1%81%d1%82%d0%b0%d0%b2%d0%ba%d0%b0-%d0%b8-%d1%81%d0%b1%d0%be%d1%80\/"},"modified":"2025-07-07T08:14:06","modified_gmt":"2025-07-07T08:14:06","slug":"%d0%b4%d0%be%d1%81%d1%82%d0%b0%d0%b2%d0%ba%d0%b0-%d0%b8-%d1%81%d0%b1%d0%be%d1%80","status":"publish","type":"page","link":"https:\/\/staging.parketasala.lv\/ru\/%d0%b4%d0%be%d1%81%d1%82%d0%b0%d0%b2%d0%ba%d0%b0-%d0%b8-%d1%81%d0%b1%d0%be%d1%80\/","title":{"rendered":"\u0414\u043e\u0441\u0442\u0430\u0432\u043a\u0430 \u0438 \u0441\u0431\u043e\u0440"},"content":{"rendered":"\n<h1 class=\"wp-block-heading\">\u0414\u043e\u0441\u0442\u0430\u0432\u043a\u0430 \u0438 \u0441\u0431\u043e\u0440<\/h1>\n\n<p>\u0421\u0442\u043e\u0438\u043c\u043e\u0441\u0442\u044c \u0434\u043e\u0441\u0442\u0430\u0432\u043a\u0438 \u043d\u0435 \u0432\u043a\u043b\u044e\u0447\u0435\u043d\u0430 \u0432 \u0446\u0435\u043d\u0443 \u0442\u043e\u0432\u0430\u0440\u043e\u0432 \u0432 \u0438\u043d\u0442\u0435\u0440\u043d\u0435\u0442-\u043c\u0430\u0433\u0430\u0437\u0438\u043d\u0435. \u0421\u0442\u043e\u0438\u043c\u043e\u0441\u0442\u044c \u0434\u043e\u0441\u0442\u0430\u0432\u043a\u0438 \u0443\u043a\u0430\u0437\u0430\u043d\u0430 \u0441 \u0443\u0447\u0435\u0442\u043e\u043c \u041d\u0414\u0421 (21%). <\/p>\n\n<p>\u0422\u043e\u0432\u0430\u0440\u044b, \u0438\u043c\u0435\u044e\u0449\u0438\u0435\u0441\u044f \u043d\u0430 \u0441\u043a\u043b\u0430\u0434\u0435 Parketa Sala, \u0434\u043e\u0441\u0442\u0430\u0432\u043b\u044f\u044e\u0442\u0441\u044f \u0432 \u0442\u0435\u0447\u0435\u043d\u0438\u0435 1-3 \u0440\u0430\u0431\u043e\u0447\u0438\u0445 \u0434\u043d\u0435\u0439. \u0422\u043e\u0432\u0430\u0440\u044b, \u043a\u043e\u0442\u043e\u0440\u044b\u0435 \u0434\u043e\u0441\u0442\u0443\u043f\u043d\u044b \u0442\u043e\u043b\u044c\u043a\u043e \u043f\u043e \u0437\u0430\u043f\u0440\u043e\u0441\u0443, \u0434\u043e\u0441\u0442\u0430\u0432\u043b\u044f\u044e\u0442\u0441\u044f \u0432 \u0442\u0435\u0447\u0435\u043d\u0438\u0435 2-4 \u043d\u0435\u0434\u0435\u043b\u044c. <\/p>\n\n<h2 class=\"wp-block-heading\">\u0411\u0435\u0441\u043f\u043b\u0430\u0442\u043d\u0430\u044f \u043a\u043e\u043b\u043b\u0435\u043a\u0446\u0438\u044f \u0432 \u043c\u0430\u0433\u0430\u0437\u0438\u043d\u0435<\/h2>\n\n<p>\u041c\u0430\u0433\u0430\u0437\u0438\u043d &#171;Parketa Sala&#187; &#8212; \u0443\u043b. \u041b\u0430\u0442\u0433\u0430\u043b\u0435\u0441, 250, \u0420\u0438\u0433\u0430, \u043f\u0440\u0435\u0434\u0432\u0430\u0440\u0438\u0442\u0435\u043b\u044c\u043d\u043e \u0441\u043e\u043e\u0431\u0449\u0438\u0432 \u043e\u0431 \u044d\u0442\u043e\u043c \u043c\u0435\u043d\u0435\u0434\u0436\u0435\u0440\u0430\u043c \u043f\u043e \u0440\u0430\u0431\u043e\u0442\u0435 \u0441 \u043a\u043b\u0438\u0435\u043d\u0442\u0430\u043c\u0438 \u043f\u043e \u0442\u0435\u043b\u0435\u0444\u043e\u043d\u0443 67189991.<br\/>\u0427\u0430\u0441\u044b \u0440\u0430\u0431\u043e\u0442\u044b<br\/>\u0411\u0443\u0434\u043d\u0438 &#8212; 10:00-19:00<br\/>\u0421\u0443\u0431\u0431\u043e\u0442\u0430 &#8212; 10:00-16:00<br\/>\u0412\u043e\u0441\u043a\u0440\u0435\u0441\u0435\u043d\u044c\u0435 &#8212; \u0417\u0430\u043a\u0440\u044b\u0442\u043e.<\/p>\n\n<p>\u0417\u0430\u043a\u0440\u044b\u0442\u043e \u0432 \u043f\u0440\u0430\u0437\u0434\u043d\u0438\u0447\u043d\u044b\u0435 \u0434\u043d\u0438.<\/p>\n\n<p>\u041f\u0440\u0438\u0445\u043e\u0434\u0438\u0442\u0435 \u043a \u043d\u0430\u043c \u0441 <a href=\"https:\/\/www.waze.com\/live-map\/directions\/riga?to=place.ws.row.8146656.250\" data-type=\"link\" data-id=\"https:\/\/www.waze.com\/live-map\/directions\/riga?to=place.ws.row.8146656.250\">WAZE<\/a><\/p>\n\n<h2 class=\"wp-block-heading\">\u0413\u0440\u0443\u0437\u043e\u0432\u043e\u0439 \u043c\u0438\u043a\u0440\u043e\u0430\u0432\u0442\u043e\u0431\u0443\u0441 &#8212; \u0432 \u043f\u0440\u0435\u0434\u0435\u043b\u0430\u0445 \u0420\u0438\u0433\u0438, \u0434\u043b\u044f \u0433\u0440\u0443\u0437\u043e\u0432 \u0432\u0435\u0441\u043e\u043c \u0434\u043e 1,5 \u0442<\/h2>\n\n<p>\u041f\u0440\u0438 \u0437\u0430\u043a\u0430\u0437\u0435 \u0434\u043e\u0441\u0442\u0430\u0432\u043a\u0438:<\/p>\n\n<ul class=\"wp-block-list\">\n<li>\u041f\u043e\u043a\u0443\u043f\u0430\u0442\u0435\u043b\u044c \u0434\u043e\u043b\u0436\u0435\u043d \u0443\u043a\u0430\u0437\u0430\u0442\u044c \u0442\u043e\u0447\u043d\u044b\u0439 \u0430\u0434\u0440\u0435\u0441 \u0434\u043e\u0441\u0442\u0430\u0432\u043a\u0438 \u0438 \u0443\u0431\u0435\u0434\u0438\u0442\u044c\u0441\u044f, \u0447\u0442\u043e \u0443\u0441\u043b\u043e\u0432\u0438\u044f \u043f\u043e\u0434\u0445\u043e\u0434\u044f\u0442 \u0434\u043b\u044f \u0440\u0430\u0437\u0433\u0440\u0443\u0437\u043a\u0438 \u0442\u043e\u0432\u0430\u0440\u0430 (\u043e\u0442\u043f\u0435\u0440\u0435\u0442\u044c \u0432\u043e\u0440\u043e\u0442\u0430, \u043f\u043e\u0434\u043d\u044f\u0442\u044c \u0448\u043b\u0430\u0433\u0431\u0430\u0443\u043c, \u043e\u0442\u043a\u0440\u044b\u0442\u044c \u0434\u0432\u0435\u0440\u044c \u0438 \u0442.\u0434.);<\/li>\n\n\n\n<li>\u0422\u043e\u0432\u0430\u0440\u044b \u043d\u0435 \u0434\u043e\u0441\u0442\u0430\u0432\u043b\u044f\u044e\u0442\u0441\u044f \u0432 \u0437\u0430\u043f\u0440\u0435\u0442\u043d\u044b\u0435 \u0437\u043e\u043d\u044b, \u043d\u0430 \u043f\u0430\u0440\u043a\u043e\u0432\u043a\u0438 \u0438\u043b\u0438 \u0432 \u043c\u0435\u0441\u0442\u0430, \u0433\u0434\u0435 \u0434\u0432\u0438\u0436\u0435\u043d\u0438\u0435 \u0442\u0440\u0430\u043d\u0441\u043f\u043e\u0440\u0442\u0430 \u043c\u043e\u0436\u0435\u0442 \u0431\u044b\u0442\u044c \u043e\u0433\u0440\u0430\u043d\u0438\u0447\u0435\u043d\u043e, \u043f\u043e\u0441\u0442\u0430\u0432\u043b\u0435\u043d\u043e \u043f\u043e\u0434 \u0443\u0433\u0440\u043e\u0437\u0443 \u0438\u043b\u0438 \u0438\u043d\u044b\u043c \u043e\u0431\u0440\u0430\u0437\u043e\u043c \u043d\u0430\u0440\u0443\u0448\u0435\u043d\u043e.<\/li>\n\n\n\n<li>\u0412\u044b \u0442\u0430\u043a\u0436\u0435 \u043c\u043e\u0436\u0435\u0442\u0435 \u0437\u0430\u043a\u0430\u0437\u0430\u0442\u044c \u0434\u043e\u0441\u0442\u0430\u0432\u043a\u0443 \u0442\u043e\u0432\u0430\u0440\u0430 \u043d\u0430 \u043d\u0443\u0436\u043d\u044b\u0439 \u0412\u0430\u043c \u044d\u0442\u0430\u0436. \u042d\u0442\u0430 \u043f\u043b\u0430\u0442\u043d\u0430\u044f \u0443\u0441\u043b\u0443\u0433\u0430 \u0434\u043e\u043b\u0436\u043d\u0430 \u0431\u044b\u0442\u044c \u0437\u0430\u0440\u0430\u043d\u0435\u0435 \u0441\u043e\u0433\u043b\u0430\u0441\u043e\u0432\u0430\u043d\u0430 \u0441 \u043c\u0435\u043d\u0435\u0434\u0436\u0435\u0440\u043e\u043c \u043f\u043e \u0440\u0430\u0431\u043e\u0442\u0435 \u0441 \u043a\u043b\u0438\u0435\u043d\u0442\u0430\u043c\u0438 Parketa Sala (\u043d\u0435\u043e\u0431\u0445\u043e\u0434\u0438\u043c\u043e \u0443\u043a\u0430\u0437\u0430\u0442\u044c \u0446\u0435\u043d\u0443 \u0437\u0430 \u043f\u043e\u043b\/\u043a\u0433). <\/li>\n<\/ul>\n\n<figure class=\"wp-block-table is-style-regular\"><table><tbody><tr><td>\u041c\u0430\u0440\u0448\u0440\u0443\u0442, \u0440\u0430\u0431\u043e\u0442\u0430<\/td><td>\u0426\u0435\u043d\u0430 \u0432 \u0435\u0432\u0440\u043e<\/td><\/tr><tr><td>\u0413\u043e\u0440\u043e\u0434 \u0420\u0438\u0433\u0430<\/td><td>30<\/td><\/tr><tr><td>\u0421\u0430\u043b\u0430\u0441\u043f\u0438\u043b\u0441, \u041f\u0438\u043d\u043a\u0438, \u0411\u0430\u0431\u0438\u0442\u0435, \u041c\u0430\u0440\u0443\u043f\u0435, \u0411\u0430\u043b\u0442\u0435\u0437\u0435\u0440\u0441, \u0411\u0430\u043b\u043e\u0436\u0438<\/td><td>35<\/td><\/tr><tr><td>\u042e\u0440\u043c\u0430\u043b\u0430<br\/>(\u0432 \u0414\u0436\u0430\u0443\u043d\u0434\u0443\u0431\u0443\u043b\u0442\u0438)<\/td><td>35<\/td><\/tr><tr><td>\u042e\u0440\u043c\u0430\u043b\u0430<br\/>(\u0437\u0430 \u0414\u0436\u0430\u0443\u043d\u0434\u0443\u0431\u0443\u043b\u0442\u0438)<\/td><td>40<\/td><\/tr><tr><td>\u0100da\u017ei, Jaunm\u0101rupe, Garciems, Kalngale, Ik\u0161\u0137ile, Garkalne, Olaine, Plakanciems, \u0136ekava<\/td><td>35<\/td><\/tr><tr><td>\u0412\u0430\u043d\u0433\u0430\u0436\u0438, \u0418\u0435\u0446\u0430\u0432\u0430, \u0420\u043e\u043f\u0430\u0436\u0438, \u041a\u0430\u0440\u043d\u0438\u043a\u0430\u0432\u0430, \u0418\u043d\u0447\u0443\u043a\u0430\u043b\u043d\u0441, \u042f\u043d\u044e\u043f\u0435<\/td><td>40<\/td><\/tr><tr><td>\u0415\u043b\u0433\u0430\u0432\u0430, \u041e\u0433\u0440\u0435, \u0421\u0438\u0433\u0443\u043b\u0434\u0430<\/td><td>50<\/td><\/tr><tr><td>\u0422\u0443\u043a\u0443\u043c\u0441<\/td><td>60<\/td><\/tr><tr><td>\u0421\u0430\u0443\u043b\u043a\u0440\u0430\u0441\u0442\u0438<\/td><td>55<\/td><\/tr><tr><td>\u0411\u0430\u0443\u0441\u043a\u0430<\/td><td>55<\/td><\/tr><tr><td>\u0417\u0430 \u043f\u0440\u0435\u0434\u0435\u043b\u0430\u043c\u0438 100 \u043a\u043c<\/td><td>\u0418\u043d\u0434\u0438\u0432\u0438\u0434\u0443\u0430\u043b\u044c\u043d\u043e\u0435 \u0441\u043e\u0433\u043b\u0430\u0448\u0435\u043d\u0438\u0435<br\/><\/td><\/tr><tr><td>\u041f\u0440\u0438\u043b\u043e\u0436\u0435\u043d\u0438\u0435<\/td><td>\u0418\u043d\u0434\u0438\u0432\u0438\u0434\u0443\u0430\u043b\u044c\u043d\u043e\u0435 \u0441\u043e\u0433\u043b\u0430\u0448\u0435\u043d\u0438\u0435<br\/><\/td><\/tr><tr><td>\u0423\u0441\u043b\u0443\u0433\u0438 \u043a\u0440\u0430\u043d\u0430 (\u043e\u0434\u0438\u043d \u0447\u0435\u043b\u043e\u0432\u0435\u043a, \u043e\u0434\u0438\u043d \u0447\u0430\u0441)<\/td><td>20<\/td><\/tr><\/tbody><\/table><\/figure>\n\n<h2 class=\"wp-block-heading\">\u0414\u043e\u0441\u0442\u0430\u0432\u043a\u0430 \u0432 \u0415\u0432\u0440\u043e\u043f\u0443<\/h2>\n\n<ul class=\"wp-block-list\">\n<li>\u0421\u0442\u043e\u0438\u043c\u043e\u0441\u0442\u044c \u0438 \u0432\u0440\u0435\u043c\u044f \u0434\u043e\u0441\u0442\u0430\u0432\u043a\u0438 \u0440\u0430\u0441\u0441\u0447\u0438\u0442\u044b\u0432\u0430\u044e\u0442\u0441\u044f \u0438\u043d\u0434\u0438\u0432\u0438\u0434\u0443\u0430\u043b\u044c\u043d\u043e, \u0441 \u0443\u0447\u0435\u0442\u043e\u043c \u043c\u0435\u0441\u0442\u0430 \u0434\u043e\u0441\u0442\u0430\u0432\u043a\u0438 \u0438 \u0433\u0440\u0443\u0437\u0430.<\/li>\n\n\n\n<li>\u0417\u0430\u043f\u0440\u043e\u0441\u044b \u043d\u0430 \u0434\u043e\u0441\u0442\u0430\u0432\u043a\u0443 \u0441\u043b\u0435\u0434\u0443\u0435\u0442 \u043d\u0430\u043f\u0440\u0430\u0432\u043b\u044f\u0442\u044c \u043f\u043e \u0430\u0434\u0440\u0435\u0441\u0443 <a href=\"mailto:info@parketsala.lv\">info@parketsala.lv<\/a>.<\/li>\n\n\n\n<li>\u041f\u043e\u043a\u0443\u043f\u0430\u0442\u0435\u043b\u044c \u0434\u043e\u043b\u0436\u0435\u043d \u0443\u043a\u0430\u0437\u0430\u0442\u044c \u0442\u043e\u0447\u043d\u044b\u0439 \u0430\u0434\u0440\u0435\u0441 \u0434\u043e\u0441\u0442\u0430\u0432\u043a\u0438 \u0438 \u0443\u0431\u0435\u0434\u0438\u0442\u044c\u0441\u044f, \u0447\u0442\u043e \u0443\u0441\u043b\u043e\u0432\u0438\u044f \u043f\u043e\u0434\u0445\u043e\u0434\u044f\u0442 \u0434\u043b\u044f \u0440\u0430\u0437\u0433\u0440\u0443\u0437\u043a\u0438 \u0442\u043e\u0432\u0430\u0440\u0430 (\u043e\u0442\u043f\u0435\u0440\u0435\u0442\u044c \u0432\u043e\u0440\u043e\u0442\u0430, \u043f\u043e\u0434\u043d\u044f\u0442\u044c \u0448\u043b\u0430\u0433\u0431\u0430\u0443\u043c, \u043e\u0442\u043a\u0440\u044b\u0442\u044c \u0434\u0432\u0435\u0440\u044c \u0438 \u0442.\u0434.);<\/li>\n\n\n\n<li>\u0422\u043e\u0432\u0430\u0440\u044b \u043d\u0435 \u0434\u043e\u0441\u0442\u0430\u0432\u043b\u044f\u044e\u0442\u0441\u044f \u0432 \u0437\u0430\u043f\u0440\u0435\u0442\u043d\u044b\u0435 \u0437\u043e\u043d\u044b, \u043d\u0430 \u043f\u0430\u0440\u043a\u043e\u0432\u043a\u0438 \u0438\u043b\u0438 \u0432 \u043c\u0435\u0441\u0442\u0430, \u0433\u0434\u0435 \u0434\u0432\u0438\u0436\u0435\u043d\u0438\u0435 \u0442\u0440\u0430\u043d\u0441\u043f\u043e\u0440\u0442\u0430 \u043c\u043e\u0436\u0435\u0442 \u0431\u044b\u0442\u044c \u043e\u0433\u0440\u0430\u043d\u0438\u0447\u0435\u043d\u043e, \u043f\u043e\u0441\u0442\u0430\u0432\u043b\u0435\u043d\u043e \u043f\u043e\u0434 \u0443\u0433\u0440\u043e\u0437\u0443 \u0438\u043b\u0438 \u0438\u043d\u044b\u043c \u043e\u0431\u0440\u0430\u0437\u043e\u043c \u043d\u0430\u0440\u0443\u0448\u0435\u043d\u043e.<\/li>\n<\/ul>\n","protected":false},"excerpt":{"rendered":"<p>\u0414\u043e\u0441\u0442\u0430\u0432\u043a\u0430 \u0438 \u0441\u0431\u043e\u0440 \u0421\u0442\u043e\u0438\u043c\u043e\u0441\u0442\u044c \u0434\u043e\u0441\u0442\u0430\u0432\u043a\u0438 \u043d\u0435 \u0432\u043a\u043b\u044e\u0447\u0435\u043d\u0430 \u0432 \u0446\u0435\u043d\u0443 \u0442\u043e\u0432\u0430\u0440\u043e\u0432 \u0432 \u0438\u043d\u0442\u0435\u0440\u043d\u0435\u0442-\u043c\u0430\u0433\u0430\u0437\u0438\u043d\u0435. \u0421\u0442\u043e\u0438\u043c\u043e\u0441\u0442\u044c \u0434\u043e\u0441\u0442\u0430\u0432\u043a\u0438 \u0443\u043a\u0430\u0437\u0430\u043d\u0430 \u0441 \u0443\u0447\u0435\u0442\u043e\u043c \u041d\u0414\u0421 (21%). \u0422\u043e\u0432\u0430\u0440\u044b, \u0438\u043c\u0435\u044e\u0449\u0438\u0435\u0441\u044f \u043d\u0430 \u0441\u043a\u043b\u0430\u0434\u0435 Parketa Sala, \u0434\u043e\u0441\u0442\u0430\u0432\u043b\u044f\u044e\u0442\u0441\u044f \u0432 \u0442\u0435\u0447\u0435\u043d\u0438\u0435 1-3 \u0440\u0430\u0431\u043e\u0447\u0438\u0445 \u0434\u043d\u0435\u0439. \u0422\u043e\u0432\u0430\u0440\u044b, \u043a\u043e\u0442\u043e\u0440\u044b\u0435 \u0434\u043e\u0441\u0442\u0443\u043f\u043d\u044b \u0442\u043e\u043b\u044c\u043a\u043e \u043f\u043e \u0437\u0430\u043f\u0440\u043e\u0441\u0443, \u0434\u043e\u0441\u0442\u0430\u0432\u043b\u044f\u044e\u0442\u0441\u044f \u0432 \u0442\u0435\u0447\u0435\u043d\u0438\u0435 2-4 \u043d\u0435\u0434\u0435\u043b\u044c. \u0411\u0435\u0441\u043f\u043b\u0430\u0442\u043d\u0430\u044f \u043a\u043e\u043b\u043b\u0435\u043a\u0446\u0438\u044f \u0432 \u043c\u0430\u0433\u0430\u0437\u0438\u043d\u0435 \u041c\u0430\u0433\u0430\u0437\u0438\u043d &#171;Parketa Sala&#187; &#8212; \u0443\u043b. \u041b\u0430\u0442\u0433\u0430\u043b\u0435\u0441, 250, \u0420\u0438\u0433\u0430, \u043f\u0440\u0435\u0434\u0432\u0430\u0440\u0438\u0442\u0435\u043b\u044c\u043d\u043e [&hellip;]<\/p>\n","protected":false},"author":3,"featured_media":0,"parent":0,"menu_order":0,"comment_status":"closed","ping_status":"closed","template":"","meta":{"_acf_changed":false,"footnotes":""},"class_list":["post-24077","page","type-page","status-publish","hentry"],"acf":[],"yoast_head":"<!-- This site is optimized with the Yoast SEO plugin v27.2 - https:\/\/yoast.com\/product\/yoast-seo-wordpress\/ -->\n<title>\u0414\u043e\u0441\u0442\u0430\u0432\u043a\u0430 \u0438 \u0441\u0431\u043e\u0440 &#8211; Parketa Sala<\/title>\n<meta name=\"description\" content=\"Parkets Sala \u0434\u043e\u0441\u0442\u0430\u0432\u043b\u044f\u0435\u0442 \u043a\u0443\u043f\u043b\u0435\u043d\u043d\u044b\u0435 \u0432 \u043c\u0430\u0433\u0430\u0437\u0438\u043d\u0435 \u0442\u043e\u0432\u0430\u0440\u044b \u043f\u043e \u0430\u0434\u0440\u0435\u0441\u0443, \u0443\u043a\u0430\u0437\u0430\u043d\u043d\u043e\u043c\u0443 \u043f\u043e\u043a\u0443\u043f\u0430\u0442\u0435\u043b\u0435\u043c. \u0414\u043e\u0441\u0442\u0430\u0432\u043a\u0430 \u0432\u043e\u0437\u043c\u043e\u0436\u043d\u0430 \u043f\u043e \u041b\u0430\u0442\u0432\u0438\u0438 \u0438 \u0432\u0441\u0435\u043c \u0435\u0432\u0440\u043e\u043f\u0435\u0439\u0441\u043a\u0438\u043c \u0441\u0442\u0440\u0430\u043d\u0430\u043c.\" \/>\n<meta name=\"robots\" content=\"index,follow, noindex\" \/>\n<meta property=\"og:locale\" content=\"ru_RU\" \/>\n<meta property=\"og:type\" content=\"article\" \/>\n<meta property=\"og:title\" content=\"\u0414\u043e\u0441\u0442\u0430\u0432\u043a\u0430 \u0438 \u0441\u0431\u043e\u0440 &#8211; Parketa Sala\" \/>\n<meta property=\"og:description\" content=\"Parkets Sala \u0434\u043e\u0441\u0442\u0430\u0432\u043b\u044f\u0435\u0442 \u043a\u0443\u043f\u043b\u0435\u043d\u043d\u044b\u0435 \u0432 \u043c\u0430\u0433\u0430\u0437\u0438\u043d\u0435 \u0442\u043e\u0432\u0430\u0440\u044b \u043f\u043e \u0430\u0434\u0440\u0435\u0441\u0443, \u0443\u043a\u0430\u0437\u0430\u043d\u043d\u043e\u043c\u0443 \u043f\u043e\u043a\u0443\u043f\u0430\u0442\u0435\u043b\u0435\u043c. \u0414\u043e\u0441\u0442\u0430\u0432\u043a\u0430 \u0432\u043e\u0437\u043c\u043e\u0436\u043d\u0430 \u043f\u043e \u041b\u0430\u0442\u0432\u0438\u0438 \u0438 \u0432\u0441\u0435\u043c \u0435\u0432\u0440\u043e\u043f\u0435\u0439\u0441\u043a\u0438\u043c \u0441\u0442\u0440\u0430\u043d\u0430\u043c.\" \/>\n<meta property=\"og:url\" content=\"https:\/\/staging.parketasala.lv\/ru\/%d0%b4%d0%be%d1%81%d1%82%d0%b0%d0%b2%d0%ba%d0%b0-%d0%b8-%d1%81%d0%b1%d0%be%d1%80\/\" \/>\n<meta property=\"og:site_name\" content=\"Parketa Sala\" \/>\n<meta property=\"article:publisher\" content=\"https:\/\/www.facebook.com\/parketasala\/\" \/>\n<meta property=\"article:modified_time\" content=\"2025-07-07T08:14:06+00:00\" \/>\n<meta name=\"twitter:card\" content=\"summary_large_image\" \/>\n<script type=\"application\/ld+json\" class=\"yoast-schema-graph\">{\"@context\":\"https:\/\/schema.org\",\"@graph\":[{\"@type\":\"WebPage\",\"@id\":\"https:\/\/staging.parketasala.lv\/ru\/%d0%b4%d0%be%d1%81%d1%82%d0%b0%d0%b2%d0%ba%d0%b0-%d0%b8-%d1%81%d0%b1%d0%be%d1%80\/\",\"url\":\"https:\/\/staging.parketasala.lv\/ru\/%d0%b4%d0%be%d1%81%d1%82%d0%b0%d0%b2%d0%ba%d0%b0-%d0%b8-%d1%81%d0%b1%d0%be%d1%80\/\",\"name\":\"\u0414\u043e\u0441\u0442\u0430\u0432\u043a\u0430 \u0438 \u0441\u0431\u043e\u0440 &#8211; Parketa Sala\",\"isPartOf\":{\"@id\":\"https:\/\/staging.parketasala.lv\/ru\/#website\"},\"datePublished\":\"2024-02-20T11:22:05+00:00\",\"dateModified\":\"2025-07-07T08:14:06+00:00\",\"description\":\"Parkets Sala \u0434\u043e\u0441\u0442\u0430\u0432\u043b\u044f\u0435\u0442 \u043a\u0443\u043f\u043b\u0435\u043d\u043d\u044b\u0435 \u0432 \u043c\u0430\u0433\u0430\u0437\u0438\u043d\u0435 \u0442\u043e\u0432\u0430\u0440\u044b \u043f\u043e \u0430\u0434\u0440\u0435\u0441\u0443, \u0443\u043a\u0430\u0437\u0430\u043d\u043d\u043e\u043c\u0443 \u043f\u043e\u043a\u0443\u043f\u0430\u0442\u0435\u043b\u0435\u043c. \u0414\u043e\u0441\u0442\u0430\u0432\u043a\u0430 \u0432\u043e\u0437\u043c\u043e\u0436\u043d\u0430 \u043f\u043e \u041b\u0430\u0442\u0432\u0438\u0438 \u0438 \u0432\u0441\u0435\u043c \u0435\u0432\u0440\u043e\u043f\u0435\u0439\u0441\u043a\u0438\u043c \u0441\u0442\u0440\u0430\u043d\u0430\u043c.\",\"breadcrumb\":{\"@id\":\"https:\/\/staging.parketasala.lv\/ru\/%d0%b4%d0%be%d1%81%d1%82%d0%b0%d0%b2%d0%ba%d0%b0-%d0%b8-%d1%81%d0%b1%d0%be%d1%80\/#breadcrumb\"},\"inLanguage\":\"ru-RU\",\"potentialAction\":[{\"@type\":\"ReadAction\",\"target\":[\"https:\/\/staging.parketasala.lv\/ru\/%d0%b4%d0%be%d1%81%d1%82%d0%b0%d0%b2%d0%ba%d0%b0-%d0%b8-%d1%81%d0%b1%d0%be%d1%80\/\"]}]},{\"@type\":\"BreadcrumbList\",\"@id\":\"https:\/\/staging.parketasala.lv\/ru\/%d0%b4%d0%be%d1%81%d1%82%d0%b0%d0%b2%d0%ba%d0%b0-%d0%b8-%d1%81%d0%b1%d0%be%d1%80\/#breadcrumb\",\"itemListElement\":[{\"@type\":\"ListItem\",\"position\":1,\"name\":\"Home\",\"item\":\"https:\/\/staging.parketasala.lv\/ru\/%d0%b3%d0%bb%d0%b0%d0%b2%d0%bd%d0%b0%d1%8f\/\"},{\"@type\":\"ListItem\",\"position\":2,\"name\":\"\u0414\u043e\u0441\u0442\u0430\u0432\u043a\u0430 \u0438 \u0441\u0431\u043e\u0440\"}]},{\"@type\":\"WebSite\",\"@id\":\"https:\/\/staging.parketasala.lv\/ru\/#website\",\"url\":\"https:\/\/staging.parketasala.lv\/ru\/\",\"name\":\"Parketa Sala\",\"description\":\"Pla&scaron;s lamin\u0101ta, vinila, parketa un kor\u0137a gr\u012bdu kl\u0101sts\",\"publisher\":{\"@id\":\"https:\/\/staging.parketasala.lv\/ru\/#organization\"},\"potentialAction\":[{\"@type\":\"SearchAction\",\"target\":{\"@type\":\"EntryPoint\",\"urlTemplate\":\"https:\/\/staging.parketasala.lv\/ru\/?s={search_term_string}\"},\"query-input\":{\"@type\":\"PropertyValueSpecification\",\"valueRequired\":true,\"valueName\":\"search_term_string\"}}],\"inLanguage\":\"ru-RU\"},{\"@type\":\"Organization\",\"@id\":\"https:\/\/staging.parketasala.lv\/ru\/#organization\",\"name\":\"Parketa Sala\",\"url\":\"https:\/\/staging.parketasala.lv\/ru\/\",\"logo\":{\"@type\":\"ImageObject\",\"inLanguage\":\"ru-RU\",\"@id\":\"https:\/\/staging.parketasala.lv\/ru\/#\/schema\/logo\/image\/\",\"url\":\"https:\/\/staging.parketasala.lv\/wp-content\/uploads\/2019\/12\/Logo-x3.png\",\"contentUrl\":\"https:\/\/staging.parketasala.lv\/wp-content\/uploads\/2019\/12\/Logo-x3.png\",\"width\":660,\"height\":137,\"caption\":\"Parketa Sala\"},\"image\":{\"@id\":\"https:\/\/staging.parketasala.lv\/ru\/#\/schema\/logo\/image\/\"},\"sameAs\":[\"https:\/\/www.facebook.com\/parketasala\/\",\"https:\/\/www.instagram.com\/parketasala\/\"]}]}<\/script>\n<!-- \/ Yoast SEO plugin. -->","yoast_head_json":{"title":"\u0414\u043e\u0441\u0442\u0430\u0432\u043a\u0430 \u0438 \u0441\u0431\u043e\u0440 &#8211; Parketa Sala","description":"Parkets Sala \u0434\u043e\u0441\u0442\u0430\u0432\u043b\u044f\u0435\u0442 \u043a\u0443\u043f\u043b\u0435\u043d\u043d\u044b\u0435 \u0432 \u043c\u0430\u0433\u0430\u0437\u0438\u043d\u0435 \u0442\u043e\u0432\u0430\u0440\u044b \u043f\u043e \u0430\u0434\u0440\u0435\u0441\u0443, \u0443\u043a\u0430\u0437\u0430\u043d\u043d\u043e\u043c\u0443 \u043f\u043e\u043a\u0443\u043f\u0430\u0442\u0435\u043b\u0435\u043c. \u0414\u043e\u0441\u0442\u0430\u0432\u043a\u0430 \u0432\u043e\u0437\u043c\u043e\u0436\u043d\u0430 \u043f\u043e \u041b\u0430\u0442\u0432\u0438\u0438 \u0438 \u0432\u0441\u0435\u043c \u0435\u0432\u0440\u043e\u043f\u0435\u0439\u0441\u043a\u0438\u043c \u0441\u0442\u0440\u0430\u043d\u0430\u043c.","robots":{"index,follow":"index,follow","index":"noindex"},"og_locale":"ru_RU","og_type":"article","og_title":"\u0414\u043e\u0441\u0442\u0430\u0432\u043a\u0430 \u0438 \u0441\u0431\u043e\u0440 &#8211; Parketa Sala","og_description":"Parkets Sala \u0434\u043e\u0441\u0442\u0430\u0432\u043b\u044f\u0435\u0442 \u043a\u0443\u043f\u043b\u0435\u043d\u043d\u044b\u0435 \u0432 \u043c\u0430\u0433\u0430\u0437\u0438\u043d\u0435 \u0442\u043e\u0432\u0430\u0440\u044b \u043f\u043e \u0430\u0434\u0440\u0435\u0441\u0443, \u0443\u043a\u0430\u0437\u0430\u043d\u043d\u043e\u043c\u0443 \u043f\u043e\u043a\u0443\u043f\u0430\u0442\u0435\u043b\u0435\u043c. \u0414\u043e\u0441\u0442\u0430\u0432\u043a\u0430 \u0432\u043e\u0437\u043c\u043e\u0436\u043d\u0430 \u043f\u043e \u041b\u0430\u0442\u0432\u0438\u0438 \u0438 \u0432\u0441\u0435\u043c \u0435\u0432\u0440\u043e\u043f\u0435\u0439\u0441\u043a\u0438\u043c \u0441\u0442\u0440\u0430\u043d\u0430\u043c.","og_url":"https:\/\/staging.parketasala.lv\/ru\/%d0%b4%d0%be%d1%81%d1%82%d0%b0%d0%b2%d0%ba%d0%b0-%d0%b8-%d1%81%d0%b1%d0%be%d1%80\/","og_site_name":"Parketa Sala","article_publisher":"https:\/\/www.facebook.com\/parketasala\/","article_modified_time":"2025-07-07T08:14:06+00:00","twitter_card":"summary_large_image","schema":{"@context":"https:\/\/schema.org","@graph":[{"@type":"WebPage","@id":"https:\/\/staging.parketasala.lv\/ru\/%d0%b4%d0%be%d1%81%d1%82%d0%b0%d0%b2%d0%ba%d0%b0-%d0%b8-%d1%81%d0%b1%d0%be%d1%80\/","url":"https:\/\/staging.parketasala.lv\/ru\/%d0%b4%d0%be%d1%81%d1%82%d0%b0%d0%b2%d0%ba%d0%b0-%d0%b8-%d1%81%d0%b1%d0%be%d1%80\/","name":"\u0414\u043e\u0441\u0442\u0430\u0432\u043a\u0430 \u0438 \u0441\u0431\u043e\u0440 &#8211; Parketa Sala","isPartOf":{"@id":"https:\/\/staging.parketasala.lv\/ru\/#website"},"datePublished":"2024-02-20T11:22:05+00:00","dateModified":"2025-07-07T08:14:06+00:00","description":"Parkets Sala \u0434\u043e\u0441\u0442\u0430\u0432\u043b\u044f\u0435\u0442 \u043a\u0443\u043f\u043b\u0435\u043d\u043d\u044b\u0435 \u0432 \u043c\u0430\u0433\u0430\u0437\u0438\u043d\u0435 \u0442\u043e\u0432\u0430\u0440\u044b \u043f\u043e \u0430\u0434\u0440\u0435\u0441\u0443, \u0443\u043a\u0430\u0437\u0430\u043d\u043d\u043e\u043c\u0443 \u043f\u043e\u043a\u0443\u043f\u0430\u0442\u0435\u043b\u0435\u043c. \u0414\u043e\u0441\u0442\u0430\u0432\u043a\u0430 \u0432\u043e\u0437\u043c\u043e\u0436\u043d\u0430 \u043f\u043e \u041b\u0430\u0442\u0432\u0438\u0438 \u0438 \u0432\u0441\u0435\u043c \u0435\u0432\u0440\u043e\u043f\u0435\u0439\u0441\u043a\u0438\u043c \u0441\u0442\u0440\u0430\u043d\u0430\u043c.","breadcrumb":{"@id":"https:\/\/staging.parketasala.lv\/ru\/%d0%b4%d0%be%d1%81%d1%82%d0%b0%d0%b2%d0%ba%d0%b0-%d0%b8-%d1%81%d0%b1%d0%be%d1%80\/#breadcrumb"},"inLanguage":"ru-RU","potentialAction":[{"@type":"ReadAction","target":["https:\/\/staging.parketasala.lv\/ru\/%d0%b4%d0%be%d1%81%d1%82%d0%b0%d0%b2%d0%ba%d0%b0-%d0%b8-%d1%81%d0%b1%d0%be%d1%80\/"]}]},{"@type":"BreadcrumbList","@id":"https:\/\/staging.parketasala.lv\/ru\/%d0%b4%d0%be%d1%81%d1%82%d0%b0%d0%b2%d0%ba%d0%b0-%d0%b8-%d1%81%d0%b1%d0%be%d1%80\/#breadcrumb","itemListElement":[{"@type":"ListItem","position":1,"name":"Home","item":"https:\/\/staging.parketasala.lv\/ru\/%d0%b3%d0%bb%d0%b0%d0%b2%d0%bd%d0%b0%d1%8f\/"},{"@type":"ListItem","position":2,"name":"\u0414\u043e\u0441\u0442\u0430\u0432\u043a\u0430 \u0438 \u0441\u0431\u043e\u0440"}]},{"@type":"WebSite","@id":"https:\/\/staging.parketasala.lv\/ru\/#website","url":"https:\/\/staging.parketasala.lv\/ru\/","name":"Parketa Sala","description":"Pla&scaron;s lamin\u0101ta, vinila, parketa un kor\u0137a gr\u012bdu kl\u0101sts","publisher":{"@id":"https:\/\/staging.parketasala.lv\/ru\/#organization"},"potentialAction":[{"@type":"SearchAction","target":{"@type":"EntryPoint","urlTemplate":"https:\/\/staging.parketasala.lv\/ru\/?s={search_term_string}"},"query-input":{"@type":"PropertyValueSpecification","valueRequired":true,"valueName":"search_term_string"}}],"inLanguage":"ru-RU"},{"@type":"Organization","@id":"https:\/\/staging.parketasala.lv\/ru\/#organization","name":"Parketa Sala","url":"https:\/\/staging.parketasala.lv\/ru\/","logo":{"@type":"ImageObject","inLanguage":"ru-RU","@id":"https:\/\/staging.parketasala.lv\/ru\/#\/schema\/logo\/image\/","url":"https:\/\/staging.parketasala.lv\/wp-content\/uploads\/2019\/12\/Logo-x3.png","contentUrl":"https:\/\/staging.parketasala.lv\/wp-content\/uploads\/2019\/12\/Logo-x3.png","width":660,"height":137,"caption":"Parketa Sala"},"image":{"@id":"https:\/\/staging.parketasala.lv\/ru\/#\/schema\/logo\/image\/"},"sameAs":["https:\/\/www.facebook.com\/parketasala\/","https:\/\/www.instagram.com\/parketasala\/"]}]}},"_links":{"self":[{"href":"https:\/\/staging.parketasala.lv\/ru\/wp-json\/wp\/v2\/pages\/24077","targetHints":{"allow":["GET"]}}],"collection":[{"href":"https:\/\/staging.parketasala.lv\/ru\/wp-json\/wp\/v2\/pages"}],"about":[{"href":"https:\/\/staging.parketasala.lv\/ru\/wp-json\/wp\/v2\/types\/page"}],"author":[{"embeddable":true,"href":"https:\/\/staging.parketasala.lv\/ru\/wp-json\/wp\/v2\/users\/3"}],"replies":[{"embeddable":true,"href":"https:\/\/staging.parketasala.lv\/ru\/wp-json\/wp\/v2\/comments?post=24077"}],"version-history":[{"count":1,"href":"https:\/\/staging.parketasala.lv\/ru\/wp-json\/wp\/v2\/pages\/24077\/revisions"}],"predecessor-version":[{"id":24078,"href":"https:\/\/staging.parketasala.lv\/ru\/wp-json\/wp\/v2\/pages\/24077\/revisions\/24078"}],"wp:attachment":[{"href":"https:\/\/staging.parketasala.lv\/ru\/wp-json\/wp\/v2\/media?parent=24077"}],"curies":[{"name":"wp","href":"https:\/\/api.w.org\/{rel}","templated":true}]}}