{"id":24092,"date":"2024-02-20T12:52:57","date_gmt":"2024-02-20T12:52:57","guid":{"rendered":"https:\/\/staging.parketasala.lv\/%d1%80%d0%b5%d0%ba%d0%b2%d0%b8%d0%b7%d0%b8%d1%82%d1%8b\/"},"modified":"2025-07-07T08:14:07","modified_gmt":"2025-07-07T08:14:07","slug":"%d1%80%d0%b5%d0%ba%d0%b2%d0%b8%d0%b7%d0%b8%d1%82%d1%8b","status":"publish","type":"page","link":"https:\/\/staging.parketasala.lv\/ru\/%d1%80%d0%b5%d0%ba%d0%b2%d0%b8%d0%b7%d0%b8%d1%82%d1%8b\/","title":{"rendered":"\u0420\u0435\u043a\u0432\u0438\u0437\u0438\u0442\u044b"},"content":{"rendered":"\n<h1 class=\"wp-block-heading\">\u0420\u0435\u043a\u0432\u0438\u0437\u0438\u0442\u044b<\/h1>\n\n<p>SIA Baltic Floors<br\/>Re\u0123. No.: 40103947968<br\/>VAT. \u2116: LV 40103947968<br\/>\u0410\u0434\u0440\u0435\u0441: 250 Maskavas Street, Riga, LV-1063<br\/>\u0422\u0435\u043b\u0435\u0444\u043e\u043d: +371 67189991; e-mail: info@parketsala.lv<br\/>Lursoft: <a href=\"https:\/\/company.lursoft.lv\/baltic-floors\/40103947968\">View<\/a><br\/>\u0411\u0430\u043d\u043a: Swedbank<br\/>SWIFT: HABALV22<br\/>\u0421\u0447\u0435\u0442: LV49HABA0551040943223  <\/p>\n","protected":false},"excerpt":{"rendered":"<p>\u0420\u0435\u043a\u0432\u0438\u0437\u0438\u0442\u044b SIA Baltic FloorsRe\u0123. No.: 40103947968VAT. \u2116: LV 40103947968\u0410\u0434\u0440\u0435\u0441: 250 Maskavas Street, Riga, LV-1063\u0422\u0435\u043b\u0435\u0444\u043e\u043d: +371 67189991; e-mail: info@parketsala.lvLursoft: View\u0411\u0430\u043d\u043a: SwedbankSWIFT: HABALV22\u0421\u0447\u0435\u0442: LV49HABA0551040943223<\/p>\n","protected":false},"author":3,"featured_media":0,"parent":0,"menu_order":0,"comment_status":"closed","ping_status":"closed","template":"","meta":{"_acf_changed":false,"footnotes":""},"class_list":["post-24092","page","type-page","status-publish","hentry"],"acf":[],"yoast_head":"<!-- This site is optimized with the Yoast SEO plugin v27.2 - https:\/\/yoast.com\/product\/yoast-seo-wordpress\/ -->\n<title>\u0420\u0435\u043a\u0432\u0438\u0437\u0438\u0442\u044b &#8211; Parketa Sala<\/title>\n<meta name=\"robots\" content=\"index,follow, noindex\" \/>\n<meta property=\"og:locale\" content=\"ru_RU\" \/>\n<meta property=\"og:type\" content=\"article\" \/>\n<meta property=\"og:title\" content=\"\u0420\u0435\u043a\u0432\u0438\u0437\u0438\u0442\u044b &#8211; Parketa Sala\" \/>\n<meta property=\"og:description\" content=\"\u0420\u0435\u043a\u0432\u0438\u0437\u0438\u0442\u044b SIA Baltic FloorsRe\u0123. No.: 40103947968VAT. \u2116: LV 40103947968\u0410\u0434\u0440\u0435\u0441: 250 Maskavas Street, Riga, LV-1063\u0422\u0435\u043b\u0435\u0444\u043e\u043d: +371 67189991; e-mail: info@parketsala.lvLursoft: View\u0411\u0430\u043d\u043a: SwedbankSWIFT: HABALV22\u0421\u0447\u0435\u0442: LV49HABA0551040943223\" \/>\n<meta property=\"og:url\" content=\"https:\/\/staging.parketasala.lv\/ru\/%d1%80%d0%b5%d0%ba%d0%b2%d0%b8%d0%b7%d0%b8%d1%82%d1%8b\/\" \/>\n<meta property=\"og:site_name\" content=\"Parketa Sala\" \/>\n<meta property=\"article:publisher\" content=\"https:\/\/www.facebook.com\/parketasala\/\" \/>\n<meta property=\"article:modified_time\" content=\"2025-07-07T08:14:07+00:00\" \/>\n<meta name=\"twitter:card\" content=\"summary_large_image\" \/>\n<script type=\"application\/ld+json\" class=\"yoast-schema-graph\">{\"@context\":\"https:\/\/schema.org\",\"@graph\":[{\"@type\":\"WebPage\",\"@id\":\"https:\/\/staging.parketasala.lv\/ru\/%d1%80%d0%b5%d0%ba%d0%b2%d0%b8%d0%b7%d0%b8%d1%82%d1%8b\/\",\"url\":\"https:\/\/staging.parketasala.lv\/ru\/%d1%80%d0%b5%d0%ba%d0%b2%d0%b8%d0%b7%d0%b8%d1%82%d1%8b\/\",\"name\":\"\u0420\u0435\u043a\u0432\u0438\u0437\u0438\u0442\u044b &#8211; Parketa Sala\",\"isPartOf\":{\"@id\":\"https:\/\/staging.parketasala.lv\/ru\/#website\"},\"datePublished\":\"2024-02-20T12:52:57+00:00\",\"dateModified\":\"2025-07-07T08:14:07+00:00\",\"breadcrumb\":{\"@id\":\"https:\/\/staging.parketasala.lv\/ru\/%d1%80%d0%b5%d0%ba%d0%b2%d0%b8%d0%b7%d0%b8%d1%82%d1%8b\/#breadcrumb\"},\"inLanguage\":\"ru-RU\",\"potentialAction\":[{\"@type\":\"ReadAction\",\"target\":[\"https:\/\/staging.parketasala.lv\/ru\/%d1%80%d0%b5%d0%ba%d0%b2%d0%b8%d0%b7%d0%b8%d1%82%d1%8b\/\"]}]},{\"@type\":\"BreadcrumbList\",\"@id\":\"https:\/\/staging.parketasala.lv\/ru\/%d1%80%d0%b5%d0%ba%d0%b2%d0%b8%d0%b7%d0%b8%d1%82%d1%8b\/#breadcrumb\",\"itemListElement\":[{\"@type\":\"ListItem\",\"position\":1,\"name\":\"Home\",\"item\":\"https:\/\/staging.parketasala.lv\/ru\/%d0%b3%d0%bb%d0%b0%d0%b2%d0%bd%d0%b0%d1%8f\/\"},{\"@type\":\"ListItem\",\"position\":2,\"name\":\"\u0420\u0435\u043a\u0432\u0438\u0437\u0438\u0442\u044b\"}]},{\"@type\":\"WebSite\",\"@id\":\"https:\/\/staging.parketasala.lv\/ru\/#website\",\"url\":\"https:\/\/staging.parketasala.lv\/ru\/\",\"name\":\"Parketa Sala\",\"description\":\"Pla&scaron;s lamin\u0101ta, vinila, parketa un kor\u0137a gr\u012bdu kl\u0101sts\",\"publisher\":{\"@id\":\"https:\/\/staging.parketasala.lv\/ru\/#organization\"},\"potentialAction\":[{\"@type\":\"SearchAction\",\"target\":{\"@type\":\"EntryPoint\",\"urlTemplate\":\"https:\/\/staging.parketasala.lv\/ru\/?s={search_term_string}\"},\"query-input\":{\"@type\":\"PropertyValueSpecification\",\"valueRequired\":true,\"valueName\":\"search_term_string\"}}],\"inLanguage\":\"ru-RU\"},{\"@type\":\"Organization\",\"@id\":\"https:\/\/staging.parketasala.lv\/ru\/#organization\",\"name\":\"Parketa Sala\",\"url\":\"https:\/\/staging.parketasala.lv\/ru\/\",\"logo\":{\"@type\":\"ImageObject\",\"inLanguage\":\"ru-RU\",\"@id\":\"https:\/\/staging.parketasala.lv\/ru\/#\/schema\/logo\/image\/\",\"url\":\"https:\/\/staging.parketasala.lv\/wp-content\/uploads\/2019\/12\/Logo-x3.png\",\"contentUrl\":\"https:\/\/staging.parketasala.lv\/wp-content\/uploads\/2019\/12\/Logo-x3.png\",\"width\":660,\"height\":137,\"caption\":\"Parketa Sala\"},\"image\":{\"@id\":\"https:\/\/staging.parketasala.lv\/ru\/#\/schema\/logo\/image\/\"},\"sameAs\":[\"https:\/\/www.facebook.com\/parketasala\/\",\"https:\/\/www.instagram.com\/parketasala\/\"]}]}<\/script>\n<!-- \/ Yoast SEO plugin. -->","yoast_head_json":{"title":"\u0420\u0435\u043a\u0432\u0438\u0437\u0438\u0442\u044b &#8211; Parketa Sala","robots":{"index,follow":"index,follow","index":"noindex"},"og_locale":"ru_RU","og_type":"article","og_title":"\u0420\u0435\u043a\u0432\u0438\u0437\u0438\u0442\u044b &#8211; Parketa Sala","og_description":"\u0420\u0435\u043a\u0432\u0438\u0437\u0438\u0442\u044b SIA Baltic FloorsRe\u0123. No.: 40103947968VAT. \u2116: LV 40103947968\u0410\u0434\u0440\u0435\u0441: 250 Maskavas Street, Riga, LV-1063\u0422\u0435\u043b\u0435\u0444\u043e\u043d: +371 67189991; e-mail: info@parketsala.lvLursoft: View\u0411\u0430\u043d\u043a: SwedbankSWIFT: HABALV22\u0421\u0447\u0435\u0442: LV49HABA0551040943223","og_url":"https:\/\/staging.parketasala.lv\/ru\/%d1%80%d0%b5%d0%ba%d0%b2%d0%b8%d0%b7%d0%b8%d1%82%d1%8b\/","og_site_name":"Parketa Sala","article_publisher":"https:\/\/www.facebook.com\/parketasala\/","article_modified_time":"2025-07-07T08:14:07+00:00","twitter_card":"summary_large_image","schema":{"@context":"https:\/\/schema.org","@graph":[{"@type":"WebPage","@id":"https:\/\/staging.parketasala.lv\/ru\/%d1%80%d0%b5%d0%ba%d0%b2%d0%b8%d0%b7%d0%b8%d1%82%d1%8b\/","url":"https:\/\/staging.parketasala.lv\/ru\/%d1%80%d0%b5%d0%ba%d0%b2%d0%b8%d0%b7%d0%b8%d1%82%d1%8b\/","name":"\u0420\u0435\u043a\u0432\u0438\u0437\u0438\u0442\u044b &#8211; Parketa Sala","isPartOf":{"@id":"https:\/\/staging.parketasala.lv\/ru\/#website"},"datePublished":"2024-02-20T12:52:57+00:00","dateModified":"2025-07-07T08:14:07+00:00","breadcrumb":{"@id":"https:\/\/staging.parketasala.lv\/ru\/%d1%80%d0%b5%d0%ba%d0%b2%d0%b8%d0%b7%d0%b8%d1%82%d1%8b\/#breadcrumb"},"inLanguage":"ru-RU","potentialAction":[{"@type":"ReadAction","target":["https:\/\/staging.parketasala.lv\/ru\/%d1%80%d0%b5%d0%ba%d0%b2%d0%b8%d0%b7%d0%b8%d1%82%d1%8b\/"]}]},{"@type":"BreadcrumbList","@id":"https:\/\/staging.parketasala.lv\/ru\/%d1%80%d0%b5%d0%ba%d0%b2%d0%b8%d0%b7%d0%b8%d1%82%d1%8b\/#breadcrumb","itemListElement":[{"@type":"ListItem","position":1,"name":"Home","item":"https:\/\/staging.parketasala.lv\/ru\/%d0%b3%d0%bb%d0%b0%d0%b2%d0%bd%d0%b0%d1%8f\/"},{"@type":"ListItem","position":2,"name":"\u0420\u0435\u043a\u0432\u0438\u0437\u0438\u0442\u044b"}]},{"@type":"WebSite","@id":"https:\/\/staging.parketasala.lv\/ru\/#website","url":"https:\/\/staging.parketasala.lv\/ru\/","name":"Parketa Sala","description":"Pla&scaron;s lamin\u0101ta, vinila, parketa un kor\u0137a gr\u012bdu kl\u0101sts","publisher":{"@id":"https:\/\/staging.parketasala.lv\/ru\/#organization"},"potentialAction":[{"@type":"SearchAction","target":{"@type":"EntryPoint","urlTemplate":"https:\/\/staging.parketasala.lv\/ru\/?s={search_term_string}"},"query-input":{"@type":"PropertyValueSpecification","valueRequired":true,"valueName":"search_term_string"}}],"inLanguage":"ru-RU"},{"@type":"Organization","@id":"https:\/\/staging.parketasala.lv\/ru\/#organization","name":"Parketa Sala","url":"https:\/\/staging.parketasala.lv\/ru\/","logo":{"@type":"ImageObject","inLanguage":"ru-RU","@id":"https:\/\/staging.parketasala.lv\/ru\/#\/schema\/logo\/image\/","url":"https:\/\/staging.parketasala.lv\/wp-content\/uploads\/2019\/12\/Logo-x3.png","contentUrl":"https:\/\/staging.parketasala.lv\/wp-content\/uploads\/2019\/12\/Logo-x3.png","width":660,"height":137,"caption":"Parketa Sala"},"image":{"@id":"https:\/\/staging.parketasala.lv\/ru\/#\/schema\/logo\/image\/"},"sameAs":["https:\/\/www.facebook.com\/parketasala\/","https:\/\/www.instagram.com\/parketasala\/"]}]}},"_links":{"self":[{"href":"https:\/\/staging.parketasala.lv\/ru\/wp-json\/wp\/v2\/pages\/24092","targetHints":{"allow":["GET"]}}],"collection":[{"href":"https:\/\/staging.parketasala.lv\/ru\/wp-json\/wp\/v2\/pages"}],"about":[{"href":"https:\/\/staging.parketasala.lv\/ru\/wp-json\/wp\/v2\/types\/page"}],"author":[{"embeddable":true,"href":"https:\/\/staging.parketasala.lv\/ru\/wp-json\/wp\/v2\/users\/3"}],"replies":[{"embeddable":true,"href":"https:\/\/staging.parketasala.lv\/ru\/wp-json\/wp\/v2\/comments?post=24092"}],"version-history":[{"count":1,"href":"https:\/\/staging.parketasala.lv\/ru\/wp-json\/wp\/v2\/pages\/24092\/revisions"}],"predecessor-version":[{"id":24093,"href":"https:\/\/staging.parketasala.lv\/ru\/wp-json\/wp\/v2\/pages\/24092\/revisions\/24093"}],"wp:attachment":[{"href":"https:\/\/staging.parketasala.lv\/ru\/wp-json\/wp\/v2\/media?parent=24092"}],"curies":[{"name":"wp","href":"https:\/\/api.w.org\/{rel}","templated":true}]}}