{"id":27155,"date":"2021-04-03T12:16:42","date_gmt":"2021-04-03T12:16:42","guid":{"rendered":"https:\/\/staging.parketasala.lv\/product\/%d0%bf%d0%b0%d1%80%d0%ba%d0%b5%d1%82-quick-step-disegno-cinnamon-raw-oak-extra-matt\/"},"modified":"2021-04-03T12:16:42","modified_gmt":"2021-04-03T12:16:42","slug":"%d0%bf%d0%b0%d1%80%d0%ba%d0%b5%d1%82-quick-step-disegno-cinnamon-raw-oak-extra-matt","status":"publish","type":"product","link":"https:\/\/staging.parketasala.lv\/ru\/product\/%d0%bf%d0%b0%d1%80%d0%ba%d0%b5%d1%82-quick-step-disegno-cinnamon-raw-oak-extra-matt\/","title":{"rendered":"\u041f\u0430\u0440\u043a\u0435\u0442 Quick-Step Disegno Cinnamon raw oak extra matt"},"content":{"rendered":"<p>\u041d\u0438\u0447\u0442\u043e \u043d\u0435 \u0441\u0440\u0430\u0432\u043d\u0438\u0442\u0441\u044f \u0441 \u043f\u0440\u0438\u0440\u043e\u0434\u043d\u044b\u043c \u043e\u0447\u0430\u0440\u043e\u0432\u0430\u043d\u0438\u0435\u043c \u043d\u0430\u0441\u0442\u043e\u044f\u0449\u0435\u0433\u043e \u0434\u0435\u0440\u0435\u0432\u0430. Quick-Step Disegno &#8212; \u044d\u0442\u043e \u044d\u043b\u0435\u0433\u0430\u043d\u0442\u043d\u044b\u0439 \u0438 \u0438\u0437\u044b\u0441\u043a\u0430\u043d\u043d\u044b\u0439 \u043f\u0430\u0440\u043a\u0435\u0442 \u0441 \u0440\u0438\u0441\u0443\u043d\u043a\u043e\u043c<em>&#171;\u0415\u043b\u043e\u0447\u043a\u0430&#187;<\/em>, \u043a\u043e\u0442\u043e\u0440\u044b\u0439 \u043f\u0440\u0438\u0434\u0430\u0441\u0442 \u0443\u043d\u0438\u043a\u0430\u043b\u044c\u043d\u043e\u0441\u0442\u044c \u0438 \u0440\u043e\u0441\u043a\u043e\u0448\u043d\u044b\u0439 \u0432\u0438\u0434 \u043b\u044e\u0431\u043e\u0439 \u043a\u043e\u043c\u043d\u0430\u0442\u0435. <\/p>\n<ul>\n<li>Surface &amp; Edge Protect+ &#8212; \u0432\u043b\u0430\u0433\u043e\u0441\u0442\u043e\u0439\u043a\u0430\u044f, \u0432\u043e\u0434\u043e\u043e\u0442\u0442\u0430\u043b\u043a\u0438\u0432\u0430\u044e\u0449\u0430\u044f \u0442\u0435\u0445\u043d\u043e\u043b\u043e\u0433\u0438\u044f \u043f\u0440\u0435\u0434\u043e\u0442\u0432\u0440\u0430\u0449\u0430\u0435\u0442 \u0441\u043a\u043e\u043f\u043b\u0435\u043d\u0438\u0435 \u0433\u0440\u044f\u0437\u0438, \u043e\u0441\u0442\u0430\u0442\u043a\u043e\u0432 \u043f\u0438\u0449\u0438 \u0438 \u0434\u0440\u0443\u0433\u0438\u0445 \u0437\u0430\u0433\u0440\u044f\u0437\u043d\u0435\u043d\u0438\u0439 \u0432 \u0441\u0442\u044b\u043a\u0430\u0445 \u0438\u043b\u0438 \u043d\u0430 \u043f\u043e\u0432\u0435\u0440\u0445\u043d\u043e\u0441\u0442\u0438 \u0434\u0435\u0440\u0435\u0432\u044f\u043d\u043d\u044b\u0445 \u0434\u043e\u0441\u043e\u043a.<\/li>\n<li>\u041f\u043e\u043a\u0440\u044b\u0442\u0438\u0435, \u0443\u0441\u0442\u043e\u0439\u0447\u0438\u0432\u043e\u0435 \u043a \u0438\u0437\u043d\u043e\u0441\u0443, \u0446\u0430\u0440\u0430\u043f\u0438\u043d\u0430\u043c \u0438 \u043f\u044f\u0442\u043d\u0430\u043c<\/li>\n<li>\u0421\u043f\u0435\u0446\u0438\u0430\u043b\u044c\u043d\u0430\u044f \u043e\u0431\u0440\u0430\u0431\u043e\u0442\u043a\u0430 \u043c\u0430\u0442\u043e\u0432\u044b\u043c \u043b\u0430\u043a\u043e\u043c &#8212; \u043f\u043e\u0432\u044b\u0448\u0430\u0435\u0442 \u0443\u0441\u0442\u043e\u0439\u0447\u0438\u0432\u043e\u0441\u0442\u044c \u0434\u0440\u0435\u0432\u0435\u0441\u0438\u043d\u044b \u043a \u0443\u043b\u044c\u0442\u0440\u0430\u0444\u0438\u043e\u043b\u0435\u0442\u043e\u0432\u043e\u043c\u0443 \u0438\u0437\u043b\u0443\u0447\u0435\u043d\u0438\u044e<\/li>\n<li>V-\u043e\u0431\u0440\u0430\u0437\u043d\u044b\u0439 \u043f\u0430\u0437 \u043c\u0435\u0436\u0434\u0443 \u0432\u0441\u0435\u043c\u0438 4 \u043a\u0440\u0430\u044f\u043c\u0438 \u0434\u043e\u0441\u043e\u043a<\/li>\n<li>Uniclic &#8212; \u0434\u043b\u044f \u0431\u043e\u043b\u0435\u0435 \u0431\u044b\u0441\u0442\u0440\u043e\u0439 \u0438 \u043b\u0435\u0433\u043a\u043e\u0439 \u0443\u0441\u0442\u0430\u043d\u043e\u0432\u043a\u0438<\/li>\n<li>\u041a\u043e\u043b\u043b\u0435\u043a\u0446\u0438\u044f \u0432\u043a\u043b\u044e\u0447\u0430\u0435\u0442 3 \u0440\u0430\u0437\u043b\u0438\u0447\u043d\u044b\u0445 \u0434\u0435\u043a\u043e\u0440\u0430<\/li>\n<li>\u0412\u044b \u043c\u043e\u0436\u0435\u0442\u0435 \u0432\u044b\u0431\u0440\u0430\u0442\u044c \u0438\u0437 3 \u0440\u0430\u0437\u043b\u0438\u0447\u043d\u044b\u0445 \u0441\u0442\u0430\u0442\u0435\u0439.<\/li>\n<\/ul>\n<p>&nbsp;<\/p>\n","protected":false},"excerpt":{"rendered":"<p>\u041d\u0438\u0447\u0442\u043e \u043d\u0435 \u0441\u0440\u0430\u0432\u043d\u0438\u0442\u0441\u044f \u0441 \u043f\u0440\u0438\u0440\u043e\u0434\u043d\u044b\u043c \u043e\u0447\u0430\u0440\u043e\u0432\u0430\u043d\u0438\u0435\u043c \u043d\u0430\u0441\u0442\u043e\u044f\u0449\u0435\u0433\u043e \u0434\u0435\u0440\u0435\u0432\u0430. Quick-Step Disegno &#8212; \u044d\u0442\u043e \u044d\u043b\u0435\u0433\u0430\u043d\u0442\u043d\u044b\u0439 \u0438 \u0438\u0437\u044b\u0441\u043a\u0430\u043d\u043d\u044b\u0439 \u043f\u0430\u0440\u043a\u0435\u0442 \u0441 \u0440\u0438\u0441\u0443\u043d\u043a\u043e\u043c&#171;\u0415\u043b\u043e\u0447\u043a\u0430&#187;, \u043a\u043e\u0442\u043e\u0440\u044b\u0439 \u043f\u0440\u0438\u0434\u0430\u0441\u0442 \u0443\u043d\u0438\u043a\u0430\u043b\u044c\u043d\u043e\u0441\u0442\u044c \u0438 \u0440\u043e\u0441\u043a\u043e\u0448\u043d\u044b\u0439 \u0432\u0438\u0434 \u043b\u044e\u0431\u043e\u0439 \u043a\u043e\u043c\u043d\u0430\u0442\u0435. Surface &amp; Edge Protect+ &#8212; \u0432\u043b\u0430\u0433\u043e\u0441\u0442\u043e\u0439\u043a\u0430\u044f, \u0432\u043e\u0434\u043e\u043e\u0442\u0442\u0430\u043b\u043a\u0438\u0432\u0430\u044e\u0449\u0430\u044f \u0442\u0435\u0445\u043d\u043e\u043b\u043e\u0433\u0438\u044f \u043f\u0440\u0435\u0434\u043e\u0442\u0432\u0440\u0430\u0449\u0430\u0435\u0442 \u0441\u043a\u043e\u043f\u043b\u0435\u043d\u0438\u0435 \u0433\u0440\u044f\u0437\u0438, \u043e\u0441\u0442\u0430\u0442\u043a\u043e\u0432 \u043f\u0438\u0449\u0438 \u0438 \u0434\u0440\u0443\u0433\u0438\u0445 \u0437\u0430\u0433\u0440\u044f\u0437\u043d\u0435\u043d\u0438\u0439 \u0432 \u0441\u0442\u044b\u043a\u0430\u0445 \u0438\u043b\u0438 \u043d\u0430 \u043f\u043e\u0432\u0435\u0440\u0445\u043d\u043e\u0441\u0442\u0438 \u0434\u0435\u0440\u0435\u0432\u044f\u043d\u043d\u044b\u0445 \u0434\u043e\u0441\u043e\u043a. \u041f\u043e\u043a\u0440\u044b\u0442\u0438\u0435, \u0443\u0441\u0442\u043e\u0439\u0447\u0438\u0432\u043e\u0435 \u043a \u0438\u0437\u043d\u043e\u0441\u0443, \u0446\u0430\u0440\u0430\u043f\u0438\u043d\u0430\u043c \u0438 [&hellip;]<\/p>\n","protected":false},"featured_media":5487,"template":"","meta":{"_acf_changed":false},"product_brand":[],"product_cat":[713,862,710],"product_tag":[],"class_list":{"0":"post-27155","1":"product","2":"type-product","3":"status-publish","4":"has-post-thumbnail","6":"product_cat-3--","7":"product_cat-quick-step-ru-2","8":"product_cat-710","10":"first","11":"onbackorder","12":"sale","13":"taxable","14":"shipping-taxable","15":"purchasable","16":"product-type-simple"},"acf":[],"yoast_head":"<!-- This site is optimized with the Yoast SEO plugin v27.2 - https:\/\/yoast.com\/product\/yoast-seo-wordpress\/ -->\n<title>\u041f\u0430\u0440\u043a\u0435\u0442 Quick-Step Disegno Cinnamon raw oak extra matt &#8211; Parketa Sala<\/title>\n<meta name=\"robots\" content=\"index,follow, noindex\" \/>\n<meta property=\"og:locale\" content=\"ru_RU\" \/>\n<meta property=\"og:type\" content=\"article\" \/>\n<meta property=\"og:title\" content=\"\u041f\u0430\u0440\u043a\u0435\u0442 Quick-Step Disegno Cinnamon raw oak extra matt &#8211; Parketa Sala\" \/>\n<meta property=\"og:description\" content=\"\u041d\u0438\u0447\u0442\u043e \u043d\u0435 \u0441\u0440\u0430\u0432\u043d\u0438\u0442\u0441\u044f \u0441 \u043f\u0440\u0438\u0440\u043e\u0434\u043d\u044b\u043c \u043e\u0447\u0430\u0440\u043e\u0432\u0430\u043d\u0438\u0435\u043c \u043d\u0430\u0441\u0442\u043e\u044f\u0449\u0435\u0433\u043e \u0434\u0435\u0440\u0435\u0432\u0430. Quick-Step Disegno &#8212; \u044d\u0442\u043e \u044d\u043b\u0435\u0433\u0430\u043d\u0442\u043d\u044b\u0439 \u0438 \u0438\u0437\u044b\u0441\u043a\u0430\u043d\u043d\u044b\u0439 \u043f\u0430\u0440\u043a\u0435\u0442 \u0441 \u0440\u0438\u0441\u0443\u043d\u043a\u043e\u043c&#171;\u0415\u043b\u043e\u0447\u043a\u0430&#187;, \u043a\u043e\u0442\u043e\u0440\u044b\u0439 \u043f\u0440\u0438\u0434\u0430\u0441\u0442 \u0443\u043d\u0438\u043a\u0430\u043b\u044c\u043d\u043e\u0441\u0442\u044c \u0438 \u0440\u043e\u0441\u043a\u043e\u0448\u043d\u044b\u0439 \u0432\u0438\u0434 \u043b\u044e\u0431\u043e\u0439 \u043a\u043e\u043c\u043d\u0430\u0442\u0435. Surface &amp; Edge Protect+ &#8212; \u0432\u043b\u0430\u0433\u043e\u0441\u0442\u043e\u0439\u043a\u0430\u044f, \u0432\u043e\u0434\u043e\u043e\u0442\u0442\u0430\u043b\u043a\u0438\u0432\u0430\u044e\u0449\u0430\u044f \u0442\u0435\u0445\u043d\u043e\u043b\u043e\u0433\u0438\u044f \u043f\u0440\u0435\u0434\u043e\u0442\u0432\u0440\u0430\u0449\u0430\u0435\u0442 \u0441\u043a\u043e\u043f\u043b\u0435\u043d\u0438\u0435 \u0433\u0440\u044f\u0437\u0438, \u043e\u0441\u0442\u0430\u0442\u043a\u043e\u0432 \u043f\u0438\u0449\u0438 \u0438 \u0434\u0440\u0443\u0433\u0438\u0445 \u0437\u0430\u0433\u0440\u044f\u0437\u043d\u0435\u043d\u0438\u0439 \u0432 \u0441\u0442\u044b\u043a\u0430\u0445 \u0438\u043b\u0438 \u043d\u0430 \u043f\u043e\u0432\u0435\u0440\u0445\u043d\u043e\u0441\u0442\u0438 \u0434\u0435\u0440\u0435\u0432\u044f\u043d\u043d\u044b\u0445 \u0434\u043e\u0441\u043e\u043a. \u041f\u043e\u043a\u0440\u044b\u0442\u0438\u0435, \u0443\u0441\u0442\u043e\u0439\u0447\u0438\u0432\u043e\u0435 \u043a \u0438\u0437\u043d\u043e\u0441\u0443, \u0446\u0430\u0440\u0430\u043f\u0438\u043d\u0430\u043c \u0438 [&hellip;]\" \/>\n<meta property=\"og:url\" content=\"https:\/\/staging.parketasala.lv\/ru\/product\/%d0%bf%d0%b0%d1%80%d0%ba%d0%b5%d1%82-quick-step-disegno-cinnamon-raw-oak-extra-matt\/\" \/>\n<meta property=\"og:site_name\" content=\"Parketa Sala\" \/>\n<meta property=\"article:publisher\" content=\"https:\/\/www.facebook.com\/parketasala\/\" \/>\n<meta property=\"og:image\" content=\"https:\/\/staging.parketasala.lv\/wp-content\/uploads\/2021\/04\/Tr\u012bssl\u0101\u0146u-parkets-Quick-Step-Disegno-Cinnamon-raw-oak-extra-matt-DIS4979S-Interior01-scaled.jpg\" \/>\n\t<meta property=\"og:image:width\" content=\"1707\" \/>\n\t<meta property=\"og:image:height\" content=\"2560\" \/>\n\t<meta property=\"og:image:type\" content=\"image\/jpeg\" \/>\n<meta name=\"twitter:card\" content=\"summary_large_image\" \/>\n<script type=\"application\/ld+json\" class=\"yoast-schema-graph\">{\"@context\":\"https:\/\/schema.org\",\"@graph\":[{\"@type\":\"WebPage\",\"@id\":\"https:\/\/staging.parketasala.lv\/ru\/product\/%d0%bf%d0%b0%d1%80%d0%ba%d0%b5%d1%82-quick-step-disegno-cinnamon-raw-oak-extra-matt\/\",\"url\":\"https:\/\/staging.parketasala.lv\/ru\/product\/%d0%bf%d0%b0%d1%80%d0%ba%d0%b5%d1%82-quick-step-disegno-cinnamon-raw-oak-extra-matt\/\",\"name\":\"\u041f\u0430\u0440\u043a\u0435\u0442 Quick-Step Disegno Cinnamon raw oak extra matt &#8211; Parketa Sala\",\"isPartOf\":{\"@id\":\"https:\/\/staging.parketasala.lv\/ru\/#website\"},\"primaryImageOfPage\":{\"@id\":\"https:\/\/staging.parketasala.lv\/ru\/product\/%d0%bf%d0%b0%d1%80%d0%ba%d0%b5%d1%82-quick-step-disegno-cinnamon-raw-oak-extra-matt\/#primaryimage\"},\"image\":{\"@id\":\"https:\/\/staging.parketasala.lv\/ru\/product\/%d0%bf%d0%b0%d1%80%d0%ba%d0%b5%d1%82-quick-step-disegno-cinnamon-raw-oak-extra-matt\/#primaryimage\"},\"thumbnailUrl\":\"https:\/\/staging.parketasala.lv\/wp-content\/uploads\/2021\/04\/Tr\u012bssl\u0101\u0146u-parkets-Quick-Step-Disegno-Cinnamon-raw-oak-extra-matt-DIS4979S-Interior01-scaled.jpg\",\"datePublished\":\"2021-04-03T12:16:42+00:00\",\"breadcrumb\":{\"@id\":\"https:\/\/staging.parketasala.lv\/ru\/product\/%d0%bf%d0%b0%d1%80%d0%ba%d0%b5%d1%82-quick-step-disegno-cinnamon-raw-oak-extra-matt\/#breadcrumb\"},\"inLanguage\":\"ru-RU\",\"potentialAction\":[{\"@type\":\"ReadAction\",\"target\":[\"https:\/\/staging.parketasala.lv\/ru\/product\/%d0%bf%d0%b0%d1%80%d0%ba%d0%b5%d1%82-quick-step-disegno-cinnamon-raw-oak-extra-matt\/\"]}]},{\"@type\":\"ImageObject\",\"inLanguage\":\"ru-RU\",\"@id\":\"https:\/\/staging.parketasala.lv\/ru\/product\/%d0%bf%d0%b0%d1%80%d0%ba%d0%b5%d1%82-quick-step-disegno-cinnamon-raw-oak-extra-matt\/#primaryimage\",\"url\":\"https:\/\/staging.parketasala.lv\/wp-content\/uploads\/2021\/04\/Tr\u012bssl\u0101\u0146u-parkets-Quick-Step-Disegno-Cinnamon-raw-oak-extra-matt-DIS4979S-Interior01-scaled.jpg\",\"contentUrl\":\"https:\/\/staging.parketasala.lv\/wp-content\/uploads\/2021\/04\/Tr\u012bssl\u0101\u0146u-parkets-Quick-Step-Disegno-Cinnamon-raw-oak-extra-matt-DIS4979S-Interior01-scaled.jpg\",\"width\":1707,\"height\":2560,\"caption\":\"Tr\u012bssl\u0101\u0146u parkets Quick-Step Disegno Cinnamon raw oak extra matt DIS4979S Interior01\"},{\"@type\":\"BreadcrumbList\",\"@id\":\"https:\/\/staging.parketasala.lv\/ru\/product\/%d0%bf%d0%b0%d1%80%d0%ba%d0%b5%d1%82-quick-step-disegno-cinnamon-raw-oak-extra-matt\/#breadcrumb\",\"itemListElement\":[{\"@type\":\"ListItem\",\"position\":1,\"name\":\"Home\",\"item\":\"https:\/\/staging.parketasala.lv\/ru\/%d0%b3%d0%bb%d0%b0%d0%b2%d0%bd%d0%b0%d1%8f\/\"},{\"@type\":\"ListItem\",\"position\":2,\"name\":\"\u041c\u0430\u0433\u0430\u0437\u0438\u043d\",\"item\":\"https:\/\/staging.parketasala.lv\/ru\/%d0%bc%d0%b0%d0%b3%d0%b0%d0%b7%d0%b8%d0%bd\/\"},{\"@type\":\"ListItem\",\"position\":3,\"name\":\"\u041f\u0430\u0440\u043a\u0435\u0442 Quick-Step Disegno Cinnamon raw oak extra matt\"}]},{\"@type\":\"WebSite\",\"@id\":\"https:\/\/staging.parketasala.lv\/ru\/#website\",\"url\":\"https:\/\/staging.parketasala.lv\/ru\/\",\"name\":\"Parketa Sala\",\"description\":\"Pla&scaron;s lamin\u0101ta, vinila, parketa un kor\u0137a gr\u012bdu kl\u0101sts\",\"publisher\":{\"@id\":\"https:\/\/staging.parketasala.lv\/ru\/#organization\"},\"potentialAction\":[{\"@type\":\"SearchAction\",\"target\":{\"@type\":\"EntryPoint\",\"urlTemplate\":\"https:\/\/staging.parketasala.lv\/ru\/?s={search_term_string}\"},\"query-input\":{\"@type\":\"PropertyValueSpecification\",\"valueRequired\":true,\"valueName\":\"search_term_string\"}}],\"inLanguage\":\"ru-RU\"},{\"@type\":\"Organization\",\"@id\":\"https:\/\/staging.parketasala.lv\/ru\/#organization\",\"name\":\"Parketa Sala\",\"url\":\"https:\/\/staging.parketasala.lv\/ru\/\",\"logo\":{\"@type\":\"ImageObject\",\"inLanguage\":\"ru-RU\",\"@id\":\"https:\/\/staging.parketasala.lv\/ru\/#\/schema\/logo\/image\/\",\"url\":\"https:\/\/staging.parketasala.lv\/wp-content\/uploads\/2019\/12\/Logo-x3.png\",\"contentUrl\":\"https:\/\/staging.parketasala.lv\/wp-content\/uploads\/2019\/12\/Logo-x3.png\",\"width\":660,\"height\":137,\"caption\":\"Parketa Sala\"},\"image\":{\"@id\":\"https:\/\/staging.parketasala.lv\/ru\/#\/schema\/logo\/image\/\"},\"sameAs\":[\"https:\/\/www.facebook.com\/parketasala\/\",\"https:\/\/www.instagram.com\/parketasala\/\"]}]}<\/script>\n<!-- \/ Yoast SEO plugin. -->","yoast_head_json":{"title":"\u041f\u0430\u0440\u043a\u0435\u0442 Quick-Step Disegno Cinnamon raw oak extra matt &#8211; Parketa Sala","robots":{"index,follow":"index,follow","index":"noindex"},"og_locale":"ru_RU","og_type":"article","og_title":"\u041f\u0430\u0440\u043a\u0435\u0442 Quick-Step Disegno Cinnamon raw oak extra matt &#8211; Parketa Sala","og_description":"\u041d\u0438\u0447\u0442\u043e \u043d\u0435 \u0441\u0440\u0430\u0432\u043d\u0438\u0442\u0441\u044f \u0441 \u043f\u0440\u0438\u0440\u043e\u0434\u043d\u044b\u043c \u043e\u0447\u0430\u0440\u043e\u0432\u0430\u043d\u0438\u0435\u043c \u043d\u0430\u0441\u0442\u043e\u044f\u0449\u0435\u0433\u043e \u0434\u0435\u0440\u0435\u0432\u0430. Quick-Step Disegno &#8212; \u044d\u0442\u043e \u044d\u043b\u0435\u0433\u0430\u043d\u0442\u043d\u044b\u0439 \u0438 \u0438\u0437\u044b\u0441\u043a\u0430\u043d\u043d\u044b\u0439 \u043f\u0430\u0440\u043a\u0435\u0442 \u0441 \u0440\u0438\u0441\u0443\u043d\u043a\u043e\u043c&#171;\u0415\u043b\u043e\u0447\u043a\u0430&#187;, \u043a\u043e\u0442\u043e\u0440\u044b\u0439 \u043f\u0440\u0438\u0434\u0430\u0441\u0442 \u0443\u043d\u0438\u043a\u0430\u043b\u044c\u043d\u043e\u0441\u0442\u044c \u0438 \u0440\u043e\u0441\u043a\u043e\u0448\u043d\u044b\u0439 \u0432\u0438\u0434 \u043b\u044e\u0431\u043e\u0439 \u043a\u043e\u043c\u043d\u0430\u0442\u0435. Surface &amp; Edge Protect+ &#8212; \u0432\u043b\u0430\u0433\u043e\u0441\u0442\u043e\u0439\u043a\u0430\u044f, \u0432\u043e\u0434\u043e\u043e\u0442\u0442\u0430\u043b\u043a\u0438\u0432\u0430\u044e\u0449\u0430\u044f \u0442\u0435\u0445\u043d\u043e\u043b\u043e\u0433\u0438\u044f \u043f\u0440\u0435\u0434\u043e\u0442\u0432\u0440\u0430\u0449\u0430\u0435\u0442 \u0441\u043a\u043e\u043f\u043b\u0435\u043d\u0438\u0435 \u0433\u0440\u044f\u0437\u0438, \u043e\u0441\u0442\u0430\u0442\u043a\u043e\u0432 \u043f\u0438\u0449\u0438 \u0438 \u0434\u0440\u0443\u0433\u0438\u0445 \u0437\u0430\u0433\u0440\u044f\u0437\u043d\u0435\u043d\u0438\u0439 \u0432 \u0441\u0442\u044b\u043a\u0430\u0445 \u0438\u043b\u0438 \u043d\u0430 \u043f\u043e\u0432\u0435\u0440\u0445\u043d\u043e\u0441\u0442\u0438 \u0434\u0435\u0440\u0435\u0432\u044f\u043d\u043d\u044b\u0445 \u0434\u043e\u0441\u043e\u043a. \u041f\u043e\u043a\u0440\u044b\u0442\u0438\u0435, \u0443\u0441\u0442\u043e\u0439\u0447\u0438\u0432\u043e\u0435 \u043a \u0438\u0437\u043d\u043e\u0441\u0443, \u0446\u0430\u0440\u0430\u043f\u0438\u043d\u0430\u043c \u0438 [&hellip;]","og_url":"https:\/\/staging.parketasala.lv\/ru\/product\/%d0%bf%d0%b0%d1%80%d0%ba%d0%b5%d1%82-quick-step-disegno-cinnamon-raw-oak-extra-matt\/","og_site_name":"Parketa Sala","article_publisher":"https:\/\/www.facebook.com\/parketasala\/","og_image":[{"width":1707,"height":2560,"url":"https:\/\/staging.parketasala.lv\/wp-content\/uploads\/2021\/04\/Tr\u012bssl\u0101\u0146u-parkets-Quick-Step-Disegno-Cinnamon-raw-oak-extra-matt-DIS4979S-Interior01-scaled.jpg","type":"image\/jpeg"}],"twitter_card":"summary_large_image","schema":{"@context":"https:\/\/schema.org","@graph":[{"@type":"WebPage","@id":"https:\/\/staging.parketasala.lv\/ru\/product\/%d0%bf%d0%b0%d1%80%d0%ba%d0%b5%d1%82-quick-step-disegno-cinnamon-raw-oak-extra-matt\/","url":"https:\/\/staging.parketasala.lv\/ru\/product\/%d0%bf%d0%b0%d1%80%d0%ba%d0%b5%d1%82-quick-step-disegno-cinnamon-raw-oak-extra-matt\/","name":"\u041f\u0430\u0440\u043a\u0435\u0442 Quick-Step Disegno Cinnamon raw oak extra matt &#8211; Parketa Sala","isPartOf":{"@id":"https:\/\/staging.parketasala.lv\/ru\/#website"},"primaryImageOfPage":{"@id":"https:\/\/staging.parketasala.lv\/ru\/product\/%d0%bf%d0%b0%d1%80%d0%ba%d0%b5%d1%82-quick-step-disegno-cinnamon-raw-oak-extra-matt\/#primaryimage"},"image":{"@id":"https:\/\/staging.parketasala.lv\/ru\/product\/%d0%bf%d0%b0%d1%80%d0%ba%d0%b5%d1%82-quick-step-disegno-cinnamon-raw-oak-extra-matt\/#primaryimage"},"thumbnailUrl":"https:\/\/staging.parketasala.lv\/wp-content\/uploads\/2021\/04\/Tr\u012bssl\u0101\u0146u-parkets-Quick-Step-Disegno-Cinnamon-raw-oak-extra-matt-DIS4979S-Interior01-scaled.jpg","datePublished":"2021-04-03T12:16:42+00:00","breadcrumb":{"@id":"https:\/\/staging.parketasala.lv\/ru\/product\/%d0%bf%d0%b0%d1%80%d0%ba%d0%b5%d1%82-quick-step-disegno-cinnamon-raw-oak-extra-matt\/#breadcrumb"},"inLanguage":"ru-RU","potentialAction":[{"@type":"ReadAction","target":["https:\/\/staging.parketasala.lv\/ru\/product\/%d0%bf%d0%b0%d1%80%d0%ba%d0%b5%d1%82-quick-step-disegno-cinnamon-raw-oak-extra-matt\/"]}]},{"@type":"ImageObject","inLanguage":"ru-RU","@id":"https:\/\/staging.parketasala.lv\/ru\/product\/%d0%bf%d0%b0%d1%80%d0%ba%d0%b5%d1%82-quick-step-disegno-cinnamon-raw-oak-extra-matt\/#primaryimage","url":"https:\/\/staging.parketasala.lv\/wp-content\/uploads\/2021\/04\/Tr\u012bssl\u0101\u0146u-parkets-Quick-Step-Disegno-Cinnamon-raw-oak-extra-matt-DIS4979S-Interior01-scaled.jpg","contentUrl":"https:\/\/staging.parketasala.lv\/wp-content\/uploads\/2021\/04\/Tr\u012bssl\u0101\u0146u-parkets-Quick-Step-Disegno-Cinnamon-raw-oak-extra-matt-DIS4979S-Interior01-scaled.jpg","width":1707,"height":2560,"caption":"Tr\u012bssl\u0101\u0146u parkets Quick-Step Disegno Cinnamon raw oak extra matt DIS4979S Interior01"},{"@type":"BreadcrumbList","@id":"https:\/\/staging.parketasala.lv\/ru\/product\/%d0%bf%d0%b0%d1%80%d0%ba%d0%b5%d1%82-quick-step-disegno-cinnamon-raw-oak-extra-matt\/#breadcrumb","itemListElement":[{"@type":"ListItem","position":1,"name":"Home","item":"https:\/\/staging.parketasala.lv\/ru\/%d0%b3%d0%bb%d0%b0%d0%b2%d0%bd%d0%b0%d1%8f\/"},{"@type":"ListItem","position":2,"name":"\u041c\u0430\u0433\u0430\u0437\u0438\u043d","item":"https:\/\/staging.parketasala.lv\/ru\/%d0%bc%d0%b0%d0%b3%d0%b0%d0%b7%d0%b8%d0%bd\/"},{"@type":"ListItem","position":3,"name":"\u041f\u0430\u0440\u043a\u0435\u0442 Quick-Step Disegno Cinnamon raw oak extra matt"}]},{"@type":"WebSite","@id":"https:\/\/staging.parketasala.lv\/ru\/#website","url":"https:\/\/staging.parketasala.lv\/ru\/","name":"Parketa Sala","description":"Pla&scaron;s lamin\u0101ta, vinila, parketa un kor\u0137a gr\u012bdu kl\u0101sts","publisher":{"@id":"https:\/\/staging.parketasala.lv\/ru\/#organization"},"potentialAction":[{"@type":"SearchAction","target":{"@type":"EntryPoint","urlTemplate":"https:\/\/staging.parketasala.lv\/ru\/?s={search_term_string}"},"query-input":{"@type":"PropertyValueSpecification","valueRequired":true,"valueName":"search_term_string"}}],"inLanguage":"ru-RU"},{"@type":"Organization","@id":"https:\/\/staging.parketasala.lv\/ru\/#organization","name":"Parketa Sala","url":"https:\/\/staging.parketasala.lv\/ru\/","logo":{"@type":"ImageObject","inLanguage":"ru-RU","@id":"https:\/\/staging.parketasala.lv\/ru\/#\/schema\/logo\/image\/","url":"https:\/\/staging.parketasala.lv\/wp-content\/uploads\/2019\/12\/Logo-x3.png","contentUrl":"https:\/\/staging.parketasala.lv\/wp-content\/uploads\/2019\/12\/Logo-x3.png","width":660,"height":137,"caption":"Parketa Sala"},"image":{"@id":"https:\/\/staging.parketasala.lv\/ru\/#\/schema\/logo\/image\/"},"sameAs":["https:\/\/www.facebook.com\/parketasala\/","https:\/\/www.instagram.com\/parketasala\/"]}]}},"_links":{"self":[{"href":"https:\/\/staging.parketasala.lv\/ru\/wp-json\/wp\/v2\/product\/27155","targetHints":{"allow":["GET"]}}],"collection":[{"href":"https:\/\/staging.parketasala.lv\/ru\/wp-json\/wp\/v2\/product"}],"about":[{"href":"https:\/\/staging.parketasala.lv\/ru\/wp-json\/wp\/v2\/types\/product"}],"wp:featuredmedia":[{"embeddable":true,"href":"https:\/\/staging.parketasala.lv\/ru\/wp-json\/wp\/v2\/media\/5487"}],"wp:attachment":[{"href":"https:\/\/staging.parketasala.lv\/ru\/wp-json\/wp\/v2\/media?parent=27155"}],"wp:term":[{"taxonomy":"product_brand","embeddable":true,"href":"https:\/\/staging.parketasala.lv\/ru\/wp-json\/wp\/v2\/product_brand?post=27155"},{"taxonomy":"product_cat","embeddable":true,"href":"https:\/\/staging.parketasala.lv\/ru\/wp-json\/wp\/v2\/product_cat?post=27155"},{"taxonomy":"product_tag","embeddable":true,"href":"https:\/\/staging.parketasala.lv\/ru\/wp-json\/wp\/v2\/product_tag?post=27155"}],"curies":[{"name":"wp","href":"https:\/\/api.w.org\/{rel}","templated":true}]}}