{"id":29039,"date":"2023-12-06T11:31:33","date_gmt":"2023-12-06T11:31:33","guid":{"rendered":"https:\/\/staging.parketasala.lv\/product\/mapei-ultrabond-ms-rapid\/"},"modified":"2023-12-06T11:31:33","modified_gmt":"2023-12-06T11:31:33","slug":"mapei-ultrabond-ms-rapid","status":"publish","type":"product","link":"https:\/\/staging.parketasala.lv\/ru\/product\/mapei-ultrabond-ms-rapid\/","title":{"rendered":"Mapei Ultrabond MS Rapid"},"content":{"rendered":"<p><strong>\u0411\u044b\u0441\u0442\u0440\u043e\u0441\u0445\u0432\u0430\u0442\u044b\u0432\u0430\u044e\u0449\u0438\u0439\u0441\u044f \u043c\u043e\u043d\u0442\u0430\u0436\u043d\u044b\u0439 \u043a\u043b\u0435\u0439 \u0441 \u0432\u044b\u0441\u043e\u043a\u043e\u0439 \u043d\u0430\u0447\u0430\u043b\u044c\u043d\u043e\u0439 \u0430\u0434\u0433\u0435\u0437\u0438\u0435\u0439 \u0434\u043b\u044f \u0432\u043d\u0443\u0442\u0440\u0435\u043d\u043d\u0438\u0445 \u0438 \u043d\u0430\u0440\u0443\u0436\u043d\u044b\u0445 \u0440\u0430\u0431\u043e\u0442.<\/strong><\/p>\n<p><em>MAPEI ULTRABOND MS RAPID<\/em> &#8212; \u044d\u0442\u043e \u043e\u0434\u043d\u043e\u043a\u043e\u043c\u043f\u043e\u043d\u0435\u043d\u0442\u043d\u044b\u0439, \u044d\u043b\u0430\u0441\u0442\u0438\u0447\u043d\u044b\u0439, \u0442\u0438\u043a\u0441\u043e\u0442\u0440\u043e\u043f\u043d\u044b\u0439 \u043a\u043b\u0435\u0439 \u0441 \u0432\u044b\u0441\u043e\u043a\u043e\u0439 \u043d\u0430\u0447\u0430\u043b\u044c\u043d\u043e\u0439 \u0430\u0434\u0433\u0435\u0437\u0438\u0435\u0439 \u0438 \u0431\u044b\u0441\u0442\u0440\u044b\u043c \u043e\u0442\u0432\u0435\u0440\u0436\u0434\u0435\u043d\u0438\u0435\u043c.<\/p>\n<p>\u041f\u043e\u0434\u0445\u043e\u0434\u0438\u0442 \u0434\u043b\u044f \u0441\u043a\u043b\u0435\u0438\u0432\u0430\u043d\u0438\u044f \u043f\u043e\u0432\u0435\u0440\u0445\u043d\u043e\u0441\u0442\u0435\u0439, \u043f\u043e\u0434\u0432\u0435\u0440\u0436\u0435\u043d\u043d\u044b\u0445 \u0434\u0435\u0444\u043e\u0440\u043c\u0430\u0446\u0438\u0438, \u0433\u0434\u0435 \u0442\u0440\u0435\u0431\u0443\u0435\u0442\u0441\u044f \u0432\u044b\u0441\u043e\u043a\u0430\u044f \u043d\u0430\u0447\u0430\u043b\u044c\u043d\u0430\u044f \u0430\u0434\u0433\u0435\u0437\u0438\u044f \u0438 \u043c\u0435\u0445\u0430\u043d\u0438\u0447\u0435\u0441\u043a\u0430\u044f \u043f\u0440\u043e\u0447\u043d\u043e\u0441\u0442\u044c \u043f\u043e\u0441\u043b\u0435 \u043a\u043e\u0440\u043e\u0442\u043a\u043e\u0433\u043e \u0432\u0440\u0435\u043c\u0435\u043d\u0438 \u043e\u0442\u0432\u0435\u0440\u0436\u0434\u0435\u043d\u0438\u044f.<\/p>\n<p>\u0411\u044b\u0441\u0442\u0440\u0430\u044f \u043f\u043e\u043b\u0438\u043c\u0435\u0440\u0438\u0437\u0430\u0446\u0438\u044f <em>ULTRABOND MS RAPID<\/em> \u0438 \u0441\u043e\u0432\u043c\u0435\u0441\u0442\u0438\u043c\u043e\u0441\u0442\u044c \u0441 \u0431\u043e\u043b\u044c\u0448\u0438\u043d\u0441\u0442\u0432\u043e\u043c \u0432\u043f\u0438\u0442\u044b\u0432\u0430\u044e\u0449\u0438\u0445 \u0438 \u043d\u0435\u0432\u043f\u0438\u0442\u044b\u0432\u0430\u044e\u0449\u0438\u0445 \u043f\u043e\u0432\u0435\u0440\u0445\u043d\u043e\u0441\u0442\u0435\u0439 \u0441\u0442\u0440\u043e\u0438\u0442\u0435\u043b\u044c\u043d\u044b\u0445 \u043c\u0430\u0442\u0435\u0440\u0438\u0430\u043b\u043e\u0432, \u0432\u043a\u043b\u044e\u0447\u0430\u044f \u0432\u043b\u0430\u0436\u043d\u044b\u0435 \u043f\u043e\u0432\u0435\u0440\u0445\u043d\u043e\u0441\u0442\u0438, \u0434\u0435\u043b\u0430\u044e\u0442 \u0435\u0433\u043e \u043f\u0440\u043e\u0441\u0442\u044b\u043c \u0432 \u0438\u0441\u043f\u043e\u043b\u044c\u0437\u043e\u0432\u0430\u043d\u0438\u0438, \u043f\u0440\u0430\u043a\u0442\u0438\u0447\u043d\u044b\u043c \u0438 \u0445\u043e\u0440\u043e\u0448\u0435\u0439 \u0437\u0430\u043c\u0435\u043d\u043e\u0439 \u043c\u0435\u0445\u0430\u043d\u0438\u0447\u0435\u0441\u043a\u0438\u043c \u043a\u0440\u0435\u043f\u0435\u0436\u0430\u043c \u0434\u043b\u044f \u0444\u0438\u043a\u0441\u0430\u0446\u0438\u0438 \u0440\u0430\u0437\u043b\u0438\u0447\u043d\u044b\u0445 \u043a\u043e\u043c\u043f\u043e\u043d\u0435\u043d\u0442\u043e\u0432.<\/p>\n<p>\u041a\u043b\u0435\u0439 \u043f\u043e\u0434\u0445\u043e\u0434\u0438\u0442 \u0434\u043b\u044f \u0443\u0441\u0442\u0430\u043d\u043e\u0432\u043a\u0438 \u043e\u043a\u043e\u043d\u043d\u044b\u0445 \u043d\u0430\u043b\u0438\u0447\u043d\u0438\u043a\u043e\u0432, \u0431\u0430\u043b\u043a\u043e\u043d\u043e\u0432, \u043a\u0430\u043c\u0435\u043d\u043d\u044b\u0445 \u043f\u043e\u0434\u043e\u043a\u043e\u043d\u043d\u0438\u043a\u043e\u0432, \u043f\u043b\u0438\u043d\u0442\u0443\u0441\u043e\u0432, \u043f\u0430\u0440\u043a\u0435\u0442\u0430, \u0434\u0435\u0440\u0435\u0432\u044f\u043d\u043d\u044b\u0445 \u0438 \u043f\u043b\u0430\u0441\u0442\u0438\u043a\u043e\u0432\u044b\u0445 \u043a\u0430\u0431\u0435\u043b\u044c\u043d\u044b\u0445 \u043a\u0430\u043d\u0430\u043b\u043e\u0432, \u0442\u0435\u043f\u043b\u043e- \u0438 \u0437\u0432\u0443\u043a\u043e\u0438\u0437\u043e\u043b\u044f\u0446\u0438\u0438, \u043f\u043b\u0438\u0442\u043a\u0438, \u0434\u0432\u0435\u0440\u043d\u044b\u0445 \u043d\u0430\u043b\u0438\u0447\u043d\u0438\u043a\u043e\u0432 \u0438 \u043a\u0430\u0440\u043d\u0438\u0437\u043e\u0432, \u043f\u0430\u043d\u0435\u043b\u0435\u0439 \u0438 \u0441\u0431\u043e\u0440\u043d\u044b\u0445 \u044d\u043b\u0435\u043c\u0435\u043d\u0442\u043e\u0432 \u0432 \u0438\u043d\u0442\u0435\u0440\u044c\u0435\u0440\u0435 \u0438 \u044d\u043a\u0441\u0442\u0435\u0440\u044c\u0435\u0440\u0435.<\/p>\n<p><em>\u041c\u043e\u043d\u0442\u0430\u0436\u043d\u044b\u0439 \u043a\u043b\u0435\u0439 ULTRABOND MS RAPID \u043f\u043e\u0434\u0445\u043e\u0434\u0438\u0442 \u0434\u043b\u044f<\/em>\u0441\u043a\u043b\u0435\u0438\u0432\u0430\u043d\u0438\u044f \u0438 \u0441\u0431\u043e\u0440\u043a\u0438 \u0441\u043b\u0435\u0434\u0443\u044e\u0449\u0438\u0445 \u043c\u0430\u0442\u0435\u0440\u0438\u0430\u043b\u043e\u0432:<\/p>\n<ul>\n<li>\u0446\u0435\u043c\u0435\u043d\u0442 \u0438 \u043c\u0430\u0442\u0435\u0440\u0438\u0430\u043b\u044b \u043d\u0430 \u0435\u0433\u043e \u043e\u0441\u043d\u043e\u0432\u0435<\/li>\n<li>\u043a\u0438\u0440\u043f\u0438\u0447\u0438;<\/li>\n<li>\u043a\u0430\u043c\u0435\u043d\u044c;<\/li>\n<li>\u0434\u0440\u0435\u0432\u0435\u0441\u0438\u043d\u0430 \u0438 \u0438\u0437\u0434\u0435\u043b\u0438\u044f \u0438\u0437 \u043d\u0435\u0435<\/li>\n<li>\u043c\u0435\u0442\u0430\u043b\u043b;<\/li>\n<li>\u043e\u043a\u0440\u0430\u0448\u0435\u043d\u043d\u044b\u0435 \u043f\u043e\u0432\u0435\u0440\u0445\u043d\u043e\u0441\u0442\u0438<\/li>\n<li>\u043a\u0435\u0440\u0430\u043c\u0438\u0447\u0435\u0441\u043a\u0438\u0435 \u043c\u0430\u0442\u0435\u0440\u0438\u0430\u043b\u044b<\/li>\n<li>\u0421\u0442\u0435\u043a\u043b\u043e.<\/li>\n<\/ul>\n<p>\u0421\u043e\u0434\u0435\u0440\u0436\u0438\u043c\u043e\u0433\u043e \u043e\u0434\u043d\u043e\u0433\u043e \u043a\u0430\u0440\u0442\u0440\u0438\u0434\u0436\u0430 \u0434\u043e\u0441\u0442\u0430\u0442\u043e\u0447\u043d\u043e, \u0447\u0442\u043e\u0431\u044b \u043f\u0440\u0438\u043a\u043b\u0435\u0438\u0442\u044c \u043e\u043a\u043e\u043b\u043e 10 \u043c\u0435\u0442\u0440\u043e\u0432 \u043f\u043b\u0438\u043d\u0442\u0443\u0441\u043e\u0432.<\/p>\n","protected":false},"excerpt":{"rendered":"<p>\u0411\u044b\u0441\u0442\u0440\u043e\u0441\u0445\u0432\u0430\u0442\u044b\u0432\u0430\u044e\u0449\u0438\u0439\u0441\u044f \u043c\u043e\u043d\u0442\u0430\u0436\u043d\u044b\u0439 \u043a\u043b\u0435\u0439 \u0441 \u0432\u044b\u0441\u043e\u043a\u043e\u0439 \u043d\u0430\u0447\u0430\u043b\u044c\u043d\u043e\u0439 \u0430\u0434\u0433\u0435\u0437\u0438\u0435\u0439 \u0434\u043b\u044f \u0432\u043d\u0443\u0442\u0440\u0435\u043d\u043d\u0438\u0445 \u0438 \u043d\u0430\u0440\u0443\u0436\u043d\u044b\u0445 \u0440\u0430\u0431\u043e\u0442. MAPEI ULTRABOND MS RAPID &#8212; \u044d\u0442\u043e \u043e\u0434\u043d\u043e\u043a\u043e\u043c\u043f\u043e\u043d\u0435\u043d\u0442\u043d\u044b\u0439, \u044d\u043b\u0430\u0441\u0442\u0438\u0447\u043d\u044b\u0439, \u0442\u0438\u043a\u0441\u043e\u0442\u0440\u043e\u043f\u043d\u044b\u0439 \u043a\u043b\u0435\u0439 \u0441 \u0432\u044b\u0441\u043e\u043a\u043e\u0439 \u043d\u0430\u0447\u0430\u043b\u044c\u043d\u043e\u0439 \u0430\u0434\u0433\u0435\u0437\u0438\u0435\u0439 \u0438 \u0431\u044b\u0441\u0442\u0440\u044b\u043c \u043e\u0442\u0432\u0435\u0440\u0436\u0434\u0435\u043d\u0438\u0435\u043c. \u041f\u043e\u0434\u0445\u043e\u0434\u0438\u0442 \u0434\u043b\u044f \u0441\u043a\u043b\u0435\u0438\u0432\u0430\u043d\u0438\u044f \u043f\u043e\u0432\u0435\u0440\u0445\u043d\u043e\u0441\u0442\u0435\u0439, \u043f\u043e\u0434\u0432\u0435\u0440\u0436\u0435\u043d\u043d\u044b\u0445 \u0434\u0435\u0444\u043e\u0440\u043c\u0430\u0446\u0438\u0438, \u0433\u0434\u0435 \u0442\u0440\u0435\u0431\u0443\u0435\u0442\u0441\u044f \u0432\u044b\u0441\u043e\u043a\u0430\u044f \u043d\u0430\u0447\u0430\u043b\u044c\u043d\u0430\u044f \u0430\u0434\u0433\u0435\u0437\u0438\u044f \u0438 \u043c\u0435\u0445\u0430\u043d\u0438\u0447\u0435\u0441\u043a\u0430\u044f \u043f\u0440\u043e\u0447\u043d\u043e\u0441\u0442\u044c \u043f\u043e\u0441\u043b\u0435 \u043a\u043e\u0440\u043e\u0442\u043a\u043e\u0433\u043e \u0432\u0440\u0435\u043c\u0435\u043d\u0438 \u043e\u0442\u0432\u0435\u0440\u0436\u0434\u0435\u043d\u0438\u044f. \u0411\u044b\u0441\u0442\u0440\u0430\u044f \u043f\u043e\u043b\u0438\u043c\u0435\u0440\u0438\u0437\u0430\u0446\u0438\u044f ULTRABOND MS RAPID \u0438 \u0441\u043e\u0432\u043c\u0435\u0441\u0442\u0438\u043c\u043e\u0441\u0442\u044c \u0441 [&hellip;]<\/p>\n","protected":false},"featured_media":10789,"template":"","meta":{"_acf_changed":false},"product_brand":[],"product_cat":[711,856],"product_tag":[],"class_list":{"0":"post-29039","1":"product","2":"type-product","3":"status-publish","4":"has-post-thumbnail","6":"product_cat-711","7":"product_cat-856","9":"first","10":"onbackorder","11":"taxable","12":"shipping-taxable","13":"purchasable","14":"product-type-simple"},"acf":[],"yoast_head":"<!-- This site is optimized with the Yoast SEO plugin v27.2 - https:\/\/yoast.com\/product\/yoast-seo-wordpress\/ -->\n<title>Mapei Ultrabond MS Rapid &#8211; Parketa Sala<\/title>\n<meta name=\"description\" content=\"\u0421\u0438\u043b\u044c\u043d\u044b\u0439 \u043a\u043b\u0435\u0439 \u0434\u043b\u044f \u0432\u043d\u0443\u0442\u0440\u0435\u043d\u043d\u0438\u0445 \u0438 \u043d\u0430\u0440\u0443\u0436\u043d\u044b\u0445 \u0440\u0430\u0431\u043e\u0442 \u0441 \u0432\u044b\u0441\u043e\u043a\u043e\u0439 \u043d\u0430\u0447\u0430\u043b\u044c\u043d\u043e\u0439 \u0430\u0434\u0433\u0435\u0437\u0438\u0435\u0439. \u0418\u0434\u0435\u0430\u043b\u044c\u043d\u043e \u043f\u043e\u0434\u0445\u043e\u0434\u0438\u0442 \u0434\u043b\u044f \u043f\u0440\u0438\u043a\u043b\u0435\u0438\u0432\u0430\u043d\u0438\u044f \u043f\u043b\u0438\u043d\u0442\u0443\u0441\u043e\u0432 \u0438 \u0434\u0432\u0435\u0440\u043d\u044b\u0445 \u043d\u0430\u043b\u0438\u0447\u043d\u0438\u043a\u043e\u0432.\" \/>\n<meta name=\"robots\" content=\"index,follow, noindex\" \/>\n<meta property=\"og:locale\" content=\"ru_RU\" \/>\n<meta property=\"og:type\" content=\"article\" \/>\n<meta property=\"og:title\" content=\"Mapei Ultrabond MS Rapid &#8211; Parketa Sala\" \/>\n<meta property=\"og:description\" content=\"\u0421\u0438\u043b\u044c\u043d\u044b\u0439 \u043a\u043b\u0435\u0439 \u0434\u043b\u044f \u0432\u043d\u0443\u0442\u0440\u0435\u043d\u043d\u0438\u0445 \u0438 \u043d\u0430\u0440\u0443\u0436\u043d\u044b\u0445 \u0440\u0430\u0431\u043e\u0442 \u0441 \u0432\u044b\u0441\u043e\u043a\u043e\u0439 \u043d\u0430\u0447\u0430\u043b\u044c\u043d\u043e\u0439 \u0430\u0434\u0433\u0435\u0437\u0438\u0435\u0439. \u0418\u0434\u0435\u0430\u043b\u044c\u043d\u043e \u043f\u043e\u0434\u0445\u043e\u0434\u0438\u0442 \u0434\u043b\u044f \u043f\u0440\u0438\u043a\u043b\u0435\u0438\u0432\u0430\u043d\u0438\u044f \u043f\u043b\u0438\u043d\u0442\u0443\u0441\u043e\u0432 \u0438 \u0434\u0432\u0435\u0440\u043d\u044b\u0445 \u043d\u0430\u043b\u0438\u0447\u043d\u0438\u043a\u043e\u0432.\" \/>\n<meta property=\"og:url\" content=\"https:\/\/staging.parketasala.lv\/ru\/product\/mapei-ultrabond-ms-rapid\/\" \/>\n<meta property=\"og:site_name\" content=\"Parketa Sala\" \/>\n<meta property=\"article:publisher\" content=\"https:\/\/www.facebook.com\/parketasala\/\" \/>\n<meta property=\"og:image\" content=\"https:\/\/staging.parketasala.lv\/wp-content\/uploads\/2023\/12\/mapei_ultrabond_ms_rapid.jpg\" \/>\n\t<meta property=\"og:image:width\" content=\"1080\" \/>\n\t<meta property=\"og:image:height\" content=\"1080\" \/>\n\t<meta property=\"og:image:type\" content=\"image\/jpeg\" \/>\n<meta name=\"twitter:card\" content=\"summary_large_image\" \/>\n<script type=\"application\/ld+json\" class=\"yoast-schema-graph\">{\"@context\":\"https:\/\/schema.org\",\"@graph\":[{\"@type\":\"WebPage\",\"@id\":\"https:\/\/staging.parketasala.lv\/ru\/product\/mapei-ultrabond-ms-rapid\/\",\"url\":\"https:\/\/staging.parketasala.lv\/ru\/product\/mapei-ultrabond-ms-rapid\/\",\"name\":\"Mapei Ultrabond MS Rapid &#8211; Parketa Sala\",\"isPartOf\":{\"@id\":\"https:\/\/staging.parketasala.lv\/ru\/#website\"},\"primaryImageOfPage\":{\"@id\":\"https:\/\/staging.parketasala.lv\/ru\/product\/mapei-ultrabond-ms-rapid\/#primaryimage\"},\"image\":{\"@id\":\"https:\/\/staging.parketasala.lv\/ru\/product\/mapei-ultrabond-ms-rapid\/#primaryimage\"},\"thumbnailUrl\":\"https:\/\/staging.parketasala.lv\/wp-content\/uploads\/2023\/12\/mapei_ultrabond_ms_rapid.jpg\",\"datePublished\":\"2023-12-06T11:31:33+00:00\",\"description\":\"\u0421\u0438\u043b\u044c\u043d\u044b\u0439 \u043a\u043b\u0435\u0439 \u0434\u043b\u044f \u0432\u043d\u0443\u0442\u0440\u0435\u043d\u043d\u0438\u0445 \u0438 \u043d\u0430\u0440\u0443\u0436\u043d\u044b\u0445 \u0440\u0430\u0431\u043e\u0442 \u0441 \u0432\u044b\u0441\u043e\u043a\u043e\u0439 \u043d\u0430\u0447\u0430\u043b\u044c\u043d\u043e\u0439 \u0430\u0434\u0433\u0435\u0437\u0438\u0435\u0439. \u0418\u0434\u0435\u0430\u043b\u044c\u043d\u043e \u043f\u043e\u0434\u0445\u043e\u0434\u0438\u0442 \u0434\u043b\u044f \u043f\u0440\u0438\u043a\u043b\u0435\u0438\u0432\u0430\u043d\u0438\u044f \u043f\u043b\u0438\u043d\u0442\u0443\u0441\u043e\u0432 \u0438 \u0434\u0432\u0435\u0440\u043d\u044b\u0445 \u043d\u0430\u043b\u0438\u0447\u043d\u0438\u043a\u043e\u0432.\",\"breadcrumb\":{\"@id\":\"https:\/\/staging.parketasala.lv\/ru\/product\/mapei-ultrabond-ms-rapid\/#breadcrumb\"},\"inLanguage\":\"ru-RU\",\"potentialAction\":[{\"@type\":\"ReadAction\",\"target\":[\"https:\/\/staging.parketasala.lv\/ru\/product\/mapei-ultrabond-ms-rapid\/\"]}]},{\"@type\":\"ImageObject\",\"inLanguage\":\"ru-RU\",\"@id\":\"https:\/\/staging.parketasala.lv\/ru\/product\/mapei-ultrabond-ms-rapid\/#primaryimage\",\"url\":\"https:\/\/staging.parketasala.lv\/wp-content\/uploads\/2023\/12\/mapei_ultrabond_ms_rapid.jpg\",\"contentUrl\":\"https:\/\/staging.parketasala.lv\/wp-content\/uploads\/2023\/12\/mapei_ultrabond_ms_rapid.jpg\",\"width\":1080,\"height\":1080,\"caption\":\"Mont\u0101\u017eas l\u012bme MAPEI Ultrabond MS Rapid\"},{\"@type\":\"BreadcrumbList\",\"@id\":\"https:\/\/staging.parketasala.lv\/ru\/product\/mapei-ultrabond-ms-rapid\/#breadcrumb\",\"itemListElement\":[{\"@type\":\"ListItem\",\"position\":1,\"name\":\"Home\",\"item\":\"https:\/\/staging.parketasala.lv\/ru\/%d0%b3%d0%bb%d0%b0%d0%b2%d0%bd%d0%b0%d1%8f\/\"},{\"@type\":\"ListItem\",\"position\":2,\"name\":\"\u041c\u0430\u0433\u0430\u0437\u0438\u043d\",\"item\":\"https:\/\/staging.parketasala.lv\/ru\/%d0%bc%d0%b0%d0%b3%d0%b0%d0%b7%d0%b8%d0%bd\/\"},{\"@type\":\"ListItem\",\"position\":3,\"name\":\"Mapei Ultrabond MS Rapid\"}]},{\"@type\":\"WebSite\",\"@id\":\"https:\/\/staging.parketasala.lv\/ru\/#website\",\"url\":\"https:\/\/staging.parketasala.lv\/ru\/\",\"name\":\"Parketa Sala\",\"description\":\"Pla&scaron;s lamin\u0101ta, vinila, parketa un kor\u0137a gr\u012bdu kl\u0101sts\",\"publisher\":{\"@id\":\"https:\/\/staging.parketasala.lv\/ru\/#organization\"},\"potentialAction\":[{\"@type\":\"SearchAction\",\"target\":{\"@type\":\"EntryPoint\",\"urlTemplate\":\"https:\/\/staging.parketasala.lv\/ru\/?s={search_term_string}\"},\"query-input\":{\"@type\":\"PropertyValueSpecification\",\"valueRequired\":true,\"valueName\":\"search_term_string\"}}],\"inLanguage\":\"ru-RU\"},{\"@type\":\"Organization\",\"@id\":\"https:\/\/staging.parketasala.lv\/ru\/#organization\",\"name\":\"Parketa Sala\",\"url\":\"https:\/\/staging.parketasala.lv\/ru\/\",\"logo\":{\"@type\":\"ImageObject\",\"inLanguage\":\"ru-RU\",\"@id\":\"https:\/\/staging.parketasala.lv\/ru\/#\/schema\/logo\/image\/\",\"url\":\"https:\/\/staging.parketasala.lv\/wp-content\/uploads\/2019\/12\/Logo-x3.png\",\"contentUrl\":\"https:\/\/staging.parketasala.lv\/wp-content\/uploads\/2019\/12\/Logo-x3.png\",\"width\":660,\"height\":137,\"caption\":\"Parketa Sala\"},\"image\":{\"@id\":\"https:\/\/staging.parketasala.lv\/ru\/#\/schema\/logo\/image\/\"},\"sameAs\":[\"https:\/\/www.facebook.com\/parketasala\/\",\"https:\/\/www.instagram.com\/parketasala\/\"]}]}<\/script>\n<!-- \/ Yoast SEO plugin. -->","yoast_head_json":{"title":"Mapei Ultrabond MS Rapid &#8211; Parketa Sala","description":"\u0421\u0438\u043b\u044c\u043d\u044b\u0439 \u043a\u043b\u0435\u0439 \u0434\u043b\u044f \u0432\u043d\u0443\u0442\u0440\u0435\u043d\u043d\u0438\u0445 \u0438 \u043d\u0430\u0440\u0443\u0436\u043d\u044b\u0445 \u0440\u0430\u0431\u043e\u0442 \u0441 \u0432\u044b\u0441\u043e\u043a\u043e\u0439 \u043d\u0430\u0447\u0430\u043b\u044c\u043d\u043e\u0439 \u0430\u0434\u0433\u0435\u0437\u0438\u0435\u0439. \u0418\u0434\u0435\u0430\u043b\u044c\u043d\u043e \u043f\u043e\u0434\u0445\u043e\u0434\u0438\u0442 \u0434\u043b\u044f \u043f\u0440\u0438\u043a\u043b\u0435\u0438\u0432\u0430\u043d\u0438\u044f \u043f\u043b\u0438\u043d\u0442\u0443\u0441\u043e\u0432 \u0438 \u0434\u0432\u0435\u0440\u043d\u044b\u0445 \u043d\u0430\u043b\u0438\u0447\u043d\u0438\u043a\u043e\u0432.","robots":{"index,follow":"index,follow","index":"noindex"},"og_locale":"ru_RU","og_type":"article","og_title":"Mapei Ultrabond MS Rapid &#8211; Parketa Sala","og_description":"\u0421\u0438\u043b\u044c\u043d\u044b\u0439 \u043a\u043b\u0435\u0439 \u0434\u043b\u044f \u0432\u043d\u0443\u0442\u0440\u0435\u043d\u043d\u0438\u0445 \u0438 \u043d\u0430\u0440\u0443\u0436\u043d\u044b\u0445 \u0440\u0430\u0431\u043e\u0442 \u0441 \u0432\u044b\u0441\u043e\u043a\u043e\u0439 \u043d\u0430\u0447\u0430\u043b\u044c\u043d\u043e\u0439 \u0430\u0434\u0433\u0435\u0437\u0438\u0435\u0439. \u0418\u0434\u0435\u0430\u043b\u044c\u043d\u043e \u043f\u043e\u0434\u0445\u043e\u0434\u0438\u0442 \u0434\u043b\u044f \u043f\u0440\u0438\u043a\u043b\u0435\u0438\u0432\u0430\u043d\u0438\u044f \u043f\u043b\u0438\u043d\u0442\u0443\u0441\u043e\u0432 \u0438 \u0434\u0432\u0435\u0440\u043d\u044b\u0445 \u043d\u0430\u043b\u0438\u0447\u043d\u0438\u043a\u043e\u0432.","og_url":"https:\/\/staging.parketasala.lv\/ru\/product\/mapei-ultrabond-ms-rapid\/","og_site_name":"Parketa Sala","article_publisher":"https:\/\/www.facebook.com\/parketasala\/","og_image":[{"width":1080,"height":1080,"url":"https:\/\/staging.parketasala.lv\/wp-content\/uploads\/2023\/12\/mapei_ultrabond_ms_rapid.jpg","type":"image\/jpeg"}],"twitter_card":"summary_large_image","schema":{"@context":"https:\/\/schema.org","@graph":[{"@type":"WebPage","@id":"https:\/\/staging.parketasala.lv\/ru\/product\/mapei-ultrabond-ms-rapid\/","url":"https:\/\/staging.parketasala.lv\/ru\/product\/mapei-ultrabond-ms-rapid\/","name":"Mapei Ultrabond MS Rapid &#8211; Parketa Sala","isPartOf":{"@id":"https:\/\/staging.parketasala.lv\/ru\/#website"},"primaryImageOfPage":{"@id":"https:\/\/staging.parketasala.lv\/ru\/product\/mapei-ultrabond-ms-rapid\/#primaryimage"},"image":{"@id":"https:\/\/staging.parketasala.lv\/ru\/product\/mapei-ultrabond-ms-rapid\/#primaryimage"},"thumbnailUrl":"https:\/\/staging.parketasala.lv\/wp-content\/uploads\/2023\/12\/mapei_ultrabond_ms_rapid.jpg","datePublished":"2023-12-06T11:31:33+00:00","description":"\u0421\u0438\u043b\u044c\u043d\u044b\u0439 \u043a\u043b\u0435\u0439 \u0434\u043b\u044f \u0432\u043d\u0443\u0442\u0440\u0435\u043d\u043d\u0438\u0445 \u0438 \u043d\u0430\u0440\u0443\u0436\u043d\u044b\u0445 \u0440\u0430\u0431\u043e\u0442 \u0441 \u0432\u044b\u0441\u043e\u043a\u043e\u0439 \u043d\u0430\u0447\u0430\u043b\u044c\u043d\u043e\u0439 \u0430\u0434\u0433\u0435\u0437\u0438\u0435\u0439. \u0418\u0434\u0435\u0430\u043b\u044c\u043d\u043e \u043f\u043e\u0434\u0445\u043e\u0434\u0438\u0442 \u0434\u043b\u044f \u043f\u0440\u0438\u043a\u043b\u0435\u0438\u0432\u0430\u043d\u0438\u044f \u043f\u043b\u0438\u043d\u0442\u0443\u0441\u043e\u0432 \u0438 \u0434\u0432\u0435\u0440\u043d\u044b\u0445 \u043d\u0430\u043b\u0438\u0447\u043d\u0438\u043a\u043e\u0432.","breadcrumb":{"@id":"https:\/\/staging.parketasala.lv\/ru\/product\/mapei-ultrabond-ms-rapid\/#breadcrumb"},"inLanguage":"ru-RU","potentialAction":[{"@type":"ReadAction","target":["https:\/\/staging.parketasala.lv\/ru\/product\/mapei-ultrabond-ms-rapid\/"]}]},{"@type":"ImageObject","inLanguage":"ru-RU","@id":"https:\/\/staging.parketasala.lv\/ru\/product\/mapei-ultrabond-ms-rapid\/#primaryimage","url":"https:\/\/staging.parketasala.lv\/wp-content\/uploads\/2023\/12\/mapei_ultrabond_ms_rapid.jpg","contentUrl":"https:\/\/staging.parketasala.lv\/wp-content\/uploads\/2023\/12\/mapei_ultrabond_ms_rapid.jpg","width":1080,"height":1080,"caption":"Mont\u0101\u017eas l\u012bme MAPEI Ultrabond MS Rapid"},{"@type":"BreadcrumbList","@id":"https:\/\/staging.parketasala.lv\/ru\/product\/mapei-ultrabond-ms-rapid\/#breadcrumb","itemListElement":[{"@type":"ListItem","position":1,"name":"Home","item":"https:\/\/staging.parketasala.lv\/ru\/%d0%b3%d0%bb%d0%b0%d0%b2%d0%bd%d0%b0%d1%8f\/"},{"@type":"ListItem","position":2,"name":"\u041c\u0430\u0433\u0430\u0437\u0438\u043d","item":"https:\/\/staging.parketasala.lv\/ru\/%d0%bc%d0%b0%d0%b3%d0%b0%d0%b7%d0%b8%d0%bd\/"},{"@type":"ListItem","position":3,"name":"Mapei Ultrabond MS Rapid"}]},{"@type":"WebSite","@id":"https:\/\/staging.parketasala.lv\/ru\/#website","url":"https:\/\/staging.parketasala.lv\/ru\/","name":"Parketa Sala","description":"Pla&scaron;s lamin\u0101ta, vinila, parketa un kor\u0137a gr\u012bdu kl\u0101sts","publisher":{"@id":"https:\/\/staging.parketasala.lv\/ru\/#organization"},"potentialAction":[{"@type":"SearchAction","target":{"@type":"EntryPoint","urlTemplate":"https:\/\/staging.parketasala.lv\/ru\/?s={search_term_string}"},"query-input":{"@type":"PropertyValueSpecification","valueRequired":true,"valueName":"search_term_string"}}],"inLanguage":"ru-RU"},{"@type":"Organization","@id":"https:\/\/staging.parketasala.lv\/ru\/#organization","name":"Parketa Sala","url":"https:\/\/staging.parketasala.lv\/ru\/","logo":{"@type":"ImageObject","inLanguage":"ru-RU","@id":"https:\/\/staging.parketasala.lv\/ru\/#\/schema\/logo\/image\/","url":"https:\/\/staging.parketasala.lv\/wp-content\/uploads\/2019\/12\/Logo-x3.png","contentUrl":"https:\/\/staging.parketasala.lv\/wp-content\/uploads\/2019\/12\/Logo-x3.png","width":660,"height":137,"caption":"Parketa Sala"},"image":{"@id":"https:\/\/staging.parketasala.lv\/ru\/#\/schema\/logo\/image\/"},"sameAs":["https:\/\/www.facebook.com\/parketasala\/","https:\/\/www.instagram.com\/parketasala\/"]}]}},"_links":{"self":[{"href":"https:\/\/staging.parketasala.lv\/ru\/wp-json\/wp\/v2\/product\/29039","targetHints":{"allow":["GET"]}}],"collection":[{"href":"https:\/\/staging.parketasala.lv\/ru\/wp-json\/wp\/v2\/product"}],"about":[{"href":"https:\/\/staging.parketasala.lv\/ru\/wp-json\/wp\/v2\/types\/product"}],"wp:featuredmedia":[{"embeddable":true,"href":"https:\/\/staging.parketasala.lv\/ru\/wp-json\/wp\/v2\/media\/10789"}],"wp:attachment":[{"href":"https:\/\/staging.parketasala.lv\/ru\/wp-json\/wp\/v2\/media?parent=29039"}],"wp:term":[{"taxonomy":"product_brand","embeddable":true,"href":"https:\/\/staging.parketasala.lv\/ru\/wp-json\/wp\/v2\/product_brand?post=29039"},{"taxonomy":"product_cat","embeddable":true,"href":"https:\/\/staging.parketasala.lv\/ru\/wp-json\/wp\/v2\/product_cat?post=29039"},{"taxonomy":"product_tag","embeddable":true,"href":"https:\/\/staging.parketasala.lv\/ru\/wp-json\/wp\/v2\/product_tag?post=29039"}],"curies":[{"name":"wp","href":"https:\/\/api.w.org\/{rel}","templated":true}]}}