{"id":29067,"date":"2023-02-01T15:20:41","date_gmt":"2023-02-01T15:20:41","guid":{"rendered":"https:\/\/staging.parketasala.lv\/product\/%d1%82%d1%80%d0%b5%d1%85%d1%81%d0%bb%d0%be%d0%b9%d0%bd%d1%8b%d0%b9-%d0%bf%d0%b0%d1%80%d0%ba%d0%b5%d1%82-boen-%d0%b4%d1%83%d0%b1-%d0%b0%d0%bb%d0%b0%d0%bc%d0%be-%d0%b3%d0%b5%d0%bd%d1%82-138-%d0%bc%d0%bc\/"},"modified":"2023-02-01T15:20:41","modified_gmt":"2023-02-01T15:20:41","slug":"%d1%82%d1%80%d0%b5%d1%85%d1%81%d0%bb%d0%be%d0%b9%d0%bd%d1%8b%d0%b9-%d0%bf%d0%b0%d1%80%d0%ba%d0%b5%d1%82-boen-%d0%b4%d1%83%d0%b1-%d0%b0%d0%bb%d0%b0%d0%bc%d0%be-%d0%b3%d0%b5%d0%bd%d1%82-138-%d0%bc%d0%bc","status":"publish","type":"product","link":"https:\/\/staging.parketasala.lv\/ru\/product\/%d1%82%d1%80%d0%b5%d1%85%d1%81%d0%bb%d0%be%d0%b9%d0%bd%d1%8b%d0%b9-%d0%bf%d0%b0%d1%80%d0%ba%d0%b5%d1%82-boen-%d0%b4%d1%83%d0%b1-%d0%b0%d0%bb%d0%b0%d0%bc%d0%be-%d0%b3%d0%b5%d0%bd%d1%82-138-%d0%bc%d0%bc\/","title":{"rendered":"\u0422\u0440\u0435\u0445\u0441\u043b\u043e\u0439\u043d\u044b\u0439 \u043f\u0430\u0440\u043a\u0435\u0442 BOEN \u0434\u0443\u0431 \u0410\u043b\u0430\u043c\u043e \u0413\u0435\u043d\u0442 138 \u043c\u043c"},"content":{"rendered":"<p>\u0422\u0440\u0435\u0445\u0441\u043b\u043e\u0439\u043d\u044b\u0439 \u043f\u0430\u0440\u043a\u0435\u0442 \u0434\u0443\u0431 \u0410\u043b\u0430\u043c\u043e \u0413\u0435\u043d\u0442 \u043f\u0440\u0435\u0434\u0441\u0442\u0430\u0432\u043b\u044f\u0435\u0442 \u0441\u043e\u0431\u043e\u0439 \u043e\u0434\u043d\u043e\u0441\u043b\u043e\u0439\u043d\u0443\u044e \u0434\u043e\u0441\u043a\u0443 \u0434\u043b\u0438\u043d\u043e\u0439 2,2 \u043c \u0441 \u0432\u0435\u0440\u0445\u043d\u0438\u043c \u0441\u043b\u043e\u0435\u043c \u0438\u0437 \u0440\u0430\u0441\u0449\u0435\u043f\u043b\u0435\u043d\u043d\u043e\u0433\u043e \u0434\u0443\u0431\u0430.<\/p>\n<h3><\/h3>\n<p>\u041f\u0430\u0440\u043a\u0435\u0442 \u043c\u043e\u0436\u043d\u043e \u0441\u043e\u0435\u0434\u0438\u043d\u044f\u0442\u044c \u043c\u0435\u0436\u0434\u0443 \u0441\u043e\u0431\u043e\u0439 \u0441 \u043f\u043e\u043c\u043e\u0449\u044c\u044e \u0441\u0438\u0441\u0442\u0435\u043c\u044b BOEN X &#8212; press click.<\/p>\n<h3><\/h3>\n<p>\u0421\u043c\u0430\u0437\u0430\u043d\u0430 \u0436\u0438\u0432\u044b\u043c \u043d\u0430\u0442\u0443\u0440\u0430\u043b\u044c\u043d\u044b\u043c \u043c\u0430\u0441\u043b\u043e\u043c.<\/p>\n<h3><\/h3>\n<p>\u0414\u043b\u044f \u0435\u0436\u0435\u0434\u043d\u0435\u0432\u043d\u043e\u0433\u043e \u0432\u043b\u0430\u0436\u043d\u043e\u0433\u043e \u0443\u0445\u043e\u0434\u0430 \u0440\u0435\u043a\u043e\u043c\u0435\u043d\u0434\u0443\u0435\u0442\u0441\u044f <a href=\"https:\/\/staging.parketasala.lv\/ru\/product\/boen-%d0%bc%d1%8b%d0%bb%d0%be-%d0%b4%d0%bb%d1%8f-%d0%bf%d0%be%d0%bb%d0%b0-1-%d0%bb\/\">\u0438\u0441\u043f\u043e\u043b\u044c\u0437\u043e\u0432\u0430\u0442\u044c \u043c\u044b\u043b\u043e \u0434\u043b\u044f \u043f\u043e\u043b\u0430 BOEN<\/a>.<\/p>\n<p>&nbsp;<\/p>\n","protected":false},"excerpt":{"rendered":"<p>\u0422\u0440\u0435\u0445\u0441\u043b\u043e\u0439\u043d\u044b\u0439 \u043f\u0430\u0440\u043a\u0435\u0442 \u0434\u0443\u0431 \u0410\u043b\u0430\u043c\u043e \u0413\u0435\u043d\u0442 \u043f\u0440\u0435\u0434\u0441\u0442\u0430\u0432\u043b\u044f\u0435\u0442 \u0441\u043e\u0431\u043e\u0439 \u043e\u0434\u043d\u043e\u0441\u043b\u043e\u0439\u043d\u0443\u044e \u0434\u043e\u0441\u043a\u0443 \u0434\u043b\u0438\u043d\u043e\u0439 2,2 \u043c \u0441 \u0432\u0435\u0440\u0445\u043d\u0438\u043c \u0441\u043b\u043e\u0435\u043c \u0438\u0437 \u0440\u0430\u0441\u0449\u0435\u043f\u043b\u0435\u043d\u043d\u043e\u0433\u043e \u0434\u0443\u0431\u0430. \u041f\u0430\u0440\u043a\u0435\u0442 \u043c\u043e\u0436\u043d\u043e \u0441\u043e\u0435\u0434\u0438\u043d\u044f\u0442\u044c \u043c\u0435\u0436\u0434\u0443 \u0441\u043e\u0431\u043e\u0439 \u0441 \u043f\u043e\u043c\u043e\u0449\u044c\u044e \u0441\u0438\u0441\u0442\u0435\u043c\u044b BOEN X &#8212; press click. \u0421\u043c\u0430\u0437\u0430\u043d\u0430 \u0436\u0438\u0432\u044b\u043c \u043d\u0430\u0442\u0443\u0440\u0430\u043b\u044c\u043d\u044b\u043c \u043c\u0430\u0441\u043b\u043e\u043c. \u0414\u043b\u044f \u0435\u0436\u0435\u0434\u043d\u0435\u0432\u043d\u043e\u0433\u043e \u0432\u043b\u0430\u0436\u043d\u043e\u0433\u043e \u0443\u0445\u043e\u0434\u0430 \u0440\u0435\u043a\u043e\u043c\u0435\u043d\u0434\u0443\u0435\u0442\u0441\u044f \u0438\u0441\u043f\u043e\u043b\u044c\u0437\u043e\u0432\u0430\u0442\u044c \u043c\u044b\u043b\u043e \u0434\u043b\u044f \u043f\u043e\u043b\u0430 BOEN. &nbsp;<\/p>\n","protected":false},"featured_media":32603,"template":"","meta":{"_acf_changed":false},"product_brand":[],"product_cat":[713,715,710],"product_tag":[],"class_list":{"0":"post-29067","1":"product","2":"type-product","3":"status-publish","4":"has-post-thumbnail","6":"product_cat-3--","7":"product_cat-boen-ru","8":"product_cat-710","10":"first","11":"onbackorder","12":"taxable","13":"shipping-taxable","14":"purchasable","15":"product-type-simple"},"acf":[],"yoast_head":"<!-- This site is optimized with the Yoast SEO plugin v27.2 - https:\/\/yoast.com\/product\/yoast-seo-wordpress\/ -->\n<title>\u0422\u0440\u0435\u0445\u0441\u043b\u043e\u0439\u043d\u044b\u0439 \u043f\u0430\u0440\u043a\u0435\u0442 BOEN \u0434\u0443\u0431 \u0410\u043b\u0430\u043c\u043e \u0413\u0435\u043d\u0442 138 \u043c\u043c &#8211; Parketa Sala<\/title>\n<meta name=\"robots\" content=\"index,follow, noindex\" \/>\n<meta property=\"og:locale\" content=\"ru_RU\" \/>\n<meta property=\"og:type\" content=\"article\" \/>\n<meta property=\"og:title\" content=\"\u0422\u0440\u0435\u0445\u0441\u043b\u043e\u0439\u043d\u044b\u0439 \u043f\u0430\u0440\u043a\u0435\u0442 BOEN \u0434\u0443\u0431 \u0410\u043b\u0430\u043c\u043e \u0413\u0435\u043d\u0442 138 \u043c\u043c &#8211; Parketa Sala\" \/>\n<meta property=\"og:description\" content=\"\u0422\u0440\u0435\u0445\u0441\u043b\u043e\u0439\u043d\u044b\u0439 \u043f\u0430\u0440\u043a\u0435\u0442 \u0434\u0443\u0431 \u0410\u043b\u0430\u043c\u043e \u0413\u0435\u043d\u0442 \u043f\u0440\u0435\u0434\u0441\u0442\u0430\u0432\u043b\u044f\u0435\u0442 \u0441\u043e\u0431\u043e\u0439 \u043e\u0434\u043d\u043e\u0441\u043b\u043e\u0439\u043d\u0443\u044e \u0434\u043e\u0441\u043a\u0443 \u0434\u043b\u0438\u043d\u043e\u0439 2,2 \u043c \u0441 \u0432\u0435\u0440\u0445\u043d\u0438\u043c \u0441\u043b\u043e\u0435\u043c \u0438\u0437 \u0440\u0430\u0441\u0449\u0435\u043f\u043b\u0435\u043d\u043d\u043e\u0433\u043e \u0434\u0443\u0431\u0430. \u041f\u0430\u0440\u043a\u0435\u0442 \u043c\u043e\u0436\u043d\u043e \u0441\u043e\u0435\u0434\u0438\u043d\u044f\u0442\u044c \u043c\u0435\u0436\u0434\u0443 \u0441\u043e\u0431\u043e\u0439 \u0441 \u043f\u043e\u043c\u043e\u0449\u044c\u044e \u0441\u0438\u0441\u0442\u0435\u043c\u044b BOEN X &#8212; press click. \u0421\u043c\u0430\u0437\u0430\u043d\u0430 \u0436\u0438\u0432\u044b\u043c \u043d\u0430\u0442\u0443\u0440\u0430\u043b\u044c\u043d\u044b\u043c \u043c\u0430\u0441\u043b\u043e\u043c. \u0414\u043b\u044f \u0435\u0436\u0435\u0434\u043d\u0435\u0432\u043d\u043e\u0433\u043e \u0432\u043b\u0430\u0436\u043d\u043e\u0433\u043e \u0443\u0445\u043e\u0434\u0430 \u0440\u0435\u043a\u043e\u043c\u0435\u043d\u0434\u0443\u0435\u0442\u0441\u044f \u0438\u0441\u043f\u043e\u043b\u044c\u0437\u043e\u0432\u0430\u0442\u044c \u043c\u044b\u043b\u043e \u0434\u043b\u044f \u043f\u043e\u043b\u0430 BOEN. &nbsp;\" \/>\n<meta property=\"og:url\" content=\"https:\/\/staging.parketasala.lv\/ru\/product\/%d1%82%d1%80%d0%b5%d1%85%d1%81%d0%bb%d0%be%d0%b9%d0%bd%d1%8b%d0%b9-%d0%bf%d0%b0%d1%80%d0%ba%d0%b5%d1%82-boen-%d0%b4%d1%83%d0%b1-%d0%b0%d0%bb%d0%b0%d0%bc%d0%be-%d0%b3%d0%b5%d0%bd%d1%82-138-%d0%bc%d0%bc\/\" \/>\n<meta property=\"og:site_name\" content=\"Parketa Sala\" \/>\n<meta property=\"article:publisher\" content=\"https:\/\/www.facebook.com\/parketasala\/\" \/>\n<meta property=\"og:image\" content=\"https:\/\/staging.parketasala.lv\/wp-content\/uploads\/2024\/10\/image-1.jpg\" \/>\n\t<meta property=\"og:image:width\" content=\"1920\" \/>\n\t<meta property=\"og:image:height\" content=\"1080\" \/>\n\t<meta property=\"og:image:type\" content=\"image\/jpeg\" \/>\n<meta name=\"twitter:card\" content=\"summary_large_image\" \/>\n<script type=\"application\/ld+json\" class=\"yoast-schema-graph\">{\"@context\":\"https:\/\/schema.org\",\"@graph\":[{\"@type\":\"WebPage\",\"@id\":\"https:\/\/staging.parketasala.lv\/ru\/product\/%d1%82%d1%80%d0%b5%d1%85%d1%81%d0%bb%d0%be%d0%b9%d0%bd%d1%8b%d0%b9-%d0%bf%d0%b0%d1%80%d0%ba%d0%b5%d1%82-boen-%d0%b4%d1%83%d0%b1-%d0%b0%d0%bb%d0%b0%d0%bc%d0%be-%d0%b3%d0%b5%d0%bd%d1%82-138-%d0%bc%d0%bc\/\",\"url\":\"https:\/\/staging.parketasala.lv\/ru\/product\/%d1%82%d1%80%d0%b5%d1%85%d1%81%d0%bb%d0%be%d0%b9%d0%bd%d1%8b%d0%b9-%d0%bf%d0%b0%d1%80%d0%ba%d0%b5%d1%82-boen-%d0%b4%d1%83%d0%b1-%d0%b0%d0%bb%d0%b0%d0%bc%d0%be-%d0%b3%d0%b5%d0%bd%d1%82-138-%d0%bc%d0%bc\/\",\"name\":\"\u0422\u0440\u0435\u0445\u0441\u043b\u043e\u0439\u043d\u044b\u0439 \u043f\u0430\u0440\u043a\u0435\u0442 BOEN \u0434\u0443\u0431 \u0410\u043b\u0430\u043c\u043e \u0413\u0435\u043d\u0442 138 \u043c\u043c &#8211; Parketa Sala\",\"isPartOf\":{\"@id\":\"https:\/\/staging.parketasala.lv\/ru\/#website\"},\"primaryImageOfPage\":{\"@id\":\"https:\/\/staging.parketasala.lv\/ru\/product\/%d1%82%d1%80%d0%b5%d1%85%d1%81%d0%bb%d0%be%d0%b9%d0%bd%d1%8b%d0%b9-%d0%bf%d0%b0%d1%80%d0%ba%d0%b5%d1%82-boen-%d0%b4%d1%83%d0%b1-%d0%b0%d0%bb%d0%b0%d0%bc%d0%be-%d0%b3%d0%b5%d0%bd%d1%82-138-%d0%bc%d0%bc\/#primaryimage\"},\"image\":{\"@id\":\"https:\/\/staging.parketasala.lv\/ru\/product\/%d1%82%d1%80%d0%b5%d1%85%d1%81%d0%bb%d0%be%d0%b9%d0%bd%d1%8b%d0%b9-%d0%bf%d0%b0%d1%80%d0%ba%d0%b5%d1%82-boen-%d0%b4%d1%83%d0%b1-%d0%b0%d0%bb%d0%b0%d0%bc%d0%be-%d0%b3%d0%b5%d0%bd%d1%82-138-%d0%bc%d0%bc\/#primaryimage\"},\"thumbnailUrl\":\"https:\/\/staging.parketasala.lv\/wp-content\/uploads\/2024\/10\/image-1.jpg\",\"datePublished\":\"2023-02-01T15:20:41+00:00\",\"breadcrumb\":{\"@id\":\"https:\/\/staging.parketasala.lv\/ru\/product\/%d1%82%d1%80%d0%b5%d1%85%d1%81%d0%bb%d0%be%d0%b9%d0%bd%d1%8b%d0%b9-%d0%bf%d0%b0%d1%80%d0%ba%d0%b5%d1%82-boen-%d0%b4%d1%83%d0%b1-%d0%b0%d0%bb%d0%b0%d0%bc%d0%be-%d0%b3%d0%b5%d0%bd%d1%82-138-%d0%bc%d0%bc\/#breadcrumb\"},\"inLanguage\":\"ru-RU\",\"potentialAction\":[{\"@type\":\"ReadAction\",\"target\":[\"https:\/\/staging.parketasala.lv\/ru\/product\/%d1%82%d1%80%d0%b5%d1%85%d1%81%d0%bb%d0%be%d0%b9%d0%bd%d1%8b%d0%b9-%d0%bf%d0%b0%d1%80%d0%ba%d0%b5%d1%82-boen-%d0%b4%d1%83%d0%b1-%d0%b0%d0%bb%d0%b0%d0%bc%d0%be-%d0%b3%d0%b5%d0%bd%d1%82-138-%d0%bc%d0%bc\/\"]}]},{\"@type\":\"ImageObject\",\"inLanguage\":\"ru-RU\",\"@id\":\"https:\/\/staging.parketasala.lv\/ru\/product\/%d1%82%d1%80%d0%b5%d1%85%d1%81%d0%bb%d0%be%d0%b9%d0%bd%d1%8b%d0%b9-%d0%bf%d0%b0%d1%80%d0%ba%d0%b5%d1%82-boen-%d0%b4%d1%83%d0%b1-%d0%b0%d0%bb%d0%b0%d0%bc%d0%be-%d0%b3%d0%b5%d0%bd%d1%82-138-%d0%bc%d0%bc\/#primaryimage\",\"url\":\"https:\/\/staging.parketasala.lv\/wp-content\/uploads\/2024\/10\/image-1.jpg\",\"contentUrl\":\"https:\/\/staging.parketasala.lv\/wp-content\/uploads\/2024\/10\/image-1.jpg\",\"width\":1920,\"height\":1080,\"caption\":\"trisslanu-parkets-boen-ozols-vivo-alamo-gent-10036670\"},{\"@type\":\"BreadcrumbList\",\"@id\":\"https:\/\/staging.parketasala.lv\/ru\/product\/%d1%82%d1%80%d0%b5%d1%85%d1%81%d0%bb%d0%be%d0%b9%d0%bd%d1%8b%d0%b9-%d0%bf%d0%b0%d1%80%d0%ba%d0%b5%d1%82-boen-%d0%b4%d1%83%d0%b1-%d0%b0%d0%bb%d0%b0%d0%bc%d0%be-%d0%b3%d0%b5%d0%bd%d1%82-138-%d0%bc%d0%bc\/#breadcrumb\",\"itemListElement\":[{\"@type\":\"ListItem\",\"position\":1,\"name\":\"Home\",\"item\":\"https:\/\/staging.parketasala.lv\/ru\/%d0%b3%d0%bb%d0%b0%d0%b2%d0%bd%d0%b0%d1%8f\/\"},{\"@type\":\"ListItem\",\"position\":2,\"name\":\"\u041c\u0430\u0433\u0430\u0437\u0438\u043d\",\"item\":\"https:\/\/staging.parketasala.lv\/ru\/%d0%bc%d0%b0%d0%b3%d0%b0%d0%b7%d0%b8%d0%bd\/\"},{\"@type\":\"ListItem\",\"position\":3,\"name\":\"\u0422\u0440\u0435\u0445\u0441\u043b\u043e\u0439\u043d\u044b\u0439 \u043f\u0430\u0440\u043a\u0435\u0442 BOEN \u0434\u0443\u0431 \u0410\u043b\u0430\u043c\u043e \u0413\u0435\u043d\u0442 138 \u043c\u043c\"}]},{\"@type\":\"WebSite\",\"@id\":\"https:\/\/staging.parketasala.lv\/ru\/#website\",\"url\":\"https:\/\/staging.parketasala.lv\/ru\/\",\"name\":\"Parketa Sala\",\"description\":\"Pla&scaron;s lamin\u0101ta, vinila, parketa un kor\u0137a gr\u012bdu kl\u0101sts\",\"publisher\":{\"@id\":\"https:\/\/staging.parketasala.lv\/ru\/#organization\"},\"potentialAction\":[{\"@type\":\"SearchAction\",\"target\":{\"@type\":\"EntryPoint\",\"urlTemplate\":\"https:\/\/staging.parketasala.lv\/ru\/?s={search_term_string}\"},\"query-input\":{\"@type\":\"PropertyValueSpecification\",\"valueRequired\":true,\"valueName\":\"search_term_string\"}}],\"inLanguage\":\"ru-RU\"},{\"@type\":\"Organization\",\"@id\":\"https:\/\/staging.parketasala.lv\/ru\/#organization\",\"name\":\"Parketa Sala\",\"url\":\"https:\/\/staging.parketasala.lv\/ru\/\",\"logo\":{\"@type\":\"ImageObject\",\"inLanguage\":\"ru-RU\",\"@id\":\"https:\/\/staging.parketasala.lv\/ru\/#\/schema\/logo\/image\/\",\"url\":\"https:\/\/staging.parketasala.lv\/wp-content\/uploads\/2019\/12\/Logo-x3.png\",\"contentUrl\":\"https:\/\/staging.parketasala.lv\/wp-content\/uploads\/2019\/12\/Logo-x3.png\",\"width\":660,\"height\":137,\"caption\":\"Parketa Sala\"},\"image\":{\"@id\":\"https:\/\/staging.parketasala.lv\/ru\/#\/schema\/logo\/image\/\"},\"sameAs\":[\"https:\/\/www.facebook.com\/parketasala\/\",\"https:\/\/www.instagram.com\/parketasala\/\"]}]}<\/script>\n<!-- \/ Yoast SEO plugin. -->","yoast_head_json":{"title":"\u0422\u0440\u0435\u0445\u0441\u043b\u043e\u0439\u043d\u044b\u0439 \u043f\u0430\u0440\u043a\u0435\u0442 BOEN \u0434\u0443\u0431 \u0410\u043b\u0430\u043c\u043e \u0413\u0435\u043d\u0442 138 \u043c\u043c &#8211; Parketa Sala","robots":{"index,follow":"index,follow","index":"noindex"},"og_locale":"ru_RU","og_type":"article","og_title":"\u0422\u0440\u0435\u0445\u0441\u043b\u043e\u0439\u043d\u044b\u0439 \u043f\u0430\u0440\u043a\u0435\u0442 BOEN \u0434\u0443\u0431 \u0410\u043b\u0430\u043c\u043e \u0413\u0435\u043d\u0442 138 \u043c\u043c &#8211; Parketa Sala","og_description":"\u0422\u0440\u0435\u0445\u0441\u043b\u043e\u0439\u043d\u044b\u0439 \u043f\u0430\u0440\u043a\u0435\u0442 \u0434\u0443\u0431 \u0410\u043b\u0430\u043c\u043e \u0413\u0435\u043d\u0442 \u043f\u0440\u0435\u0434\u0441\u0442\u0430\u0432\u043b\u044f\u0435\u0442 \u0441\u043e\u0431\u043e\u0439 \u043e\u0434\u043d\u043e\u0441\u043b\u043e\u0439\u043d\u0443\u044e \u0434\u043e\u0441\u043a\u0443 \u0434\u043b\u0438\u043d\u043e\u0439 2,2 \u043c \u0441 \u0432\u0435\u0440\u0445\u043d\u0438\u043c \u0441\u043b\u043e\u0435\u043c \u0438\u0437 \u0440\u0430\u0441\u0449\u0435\u043f\u043b\u0435\u043d\u043d\u043e\u0433\u043e \u0434\u0443\u0431\u0430. \u041f\u0430\u0440\u043a\u0435\u0442 \u043c\u043e\u0436\u043d\u043e \u0441\u043e\u0435\u0434\u0438\u043d\u044f\u0442\u044c \u043c\u0435\u0436\u0434\u0443 \u0441\u043e\u0431\u043e\u0439 \u0441 \u043f\u043e\u043c\u043e\u0449\u044c\u044e \u0441\u0438\u0441\u0442\u0435\u043c\u044b BOEN X &#8212; press click. \u0421\u043c\u0430\u0437\u0430\u043d\u0430 \u0436\u0438\u0432\u044b\u043c \u043d\u0430\u0442\u0443\u0440\u0430\u043b\u044c\u043d\u044b\u043c \u043c\u0430\u0441\u043b\u043e\u043c. \u0414\u043b\u044f \u0435\u0436\u0435\u0434\u043d\u0435\u0432\u043d\u043e\u0433\u043e \u0432\u043b\u0430\u0436\u043d\u043e\u0433\u043e \u0443\u0445\u043e\u0434\u0430 \u0440\u0435\u043a\u043e\u043c\u0435\u043d\u0434\u0443\u0435\u0442\u0441\u044f \u0438\u0441\u043f\u043e\u043b\u044c\u0437\u043e\u0432\u0430\u0442\u044c \u043c\u044b\u043b\u043e \u0434\u043b\u044f \u043f\u043e\u043b\u0430 BOEN. &nbsp;","og_url":"https:\/\/staging.parketasala.lv\/ru\/product\/%d1%82%d1%80%d0%b5%d1%85%d1%81%d0%bb%d0%be%d0%b9%d0%bd%d1%8b%d0%b9-%d0%bf%d0%b0%d1%80%d0%ba%d0%b5%d1%82-boen-%d0%b4%d1%83%d0%b1-%d0%b0%d0%bb%d0%b0%d0%bc%d0%be-%d0%b3%d0%b5%d0%bd%d1%82-138-%d0%bc%d0%bc\/","og_site_name":"Parketa Sala","article_publisher":"https:\/\/www.facebook.com\/parketasala\/","og_image":[{"width":1920,"height":1080,"url":"https:\/\/staging.parketasala.lv\/wp-content\/uploads\/2024\/10\/image-1.jpg","type":"image\/jpeg"}],"twitter_card":"summary_large_image","schema":{"@context":"https:\/\/schema.org","@graph":[{"@type":"WebPage","@id":"https:\/\/staging.parketasala.lv\/ru\/product\/%d1%82%d1%80%d0%b5%d1%85%d1%81%d0%bb%d0%be%d0%b9%d0%bd%d1%8b%d0%b9-%d0%bf%d0%b0%d1%80%d0%ba%d0%b5%d1%82-boen-%d0%b4%d1%83%d0%b1-%d0%b0%d0%bb%d0%b0%d0%bc%d0%be-%d0%b3%d0%b5%d0%bd%d1%82-138-%d0%bc%d0%bc\/","url":"https:\/\/staging.parketasala.lv\/ru\/product\/%d1%82%d1%80%d0%b5%d1%85%d1%81%d0%bb%d0%be%d0%b9%d0%bd%d1%8b%d0%b9-%d0%bf%d0%b0%d1%80%d0%ba%d0%b5%d1%82-boen-%d0%b4%d1%83%d0%b1-%d0%b0%d0%bb%d0%b0%d0%bc%d0%be-%d0%b3%d0%b5%d0%bd%d1%82-138-%d0%bc%d0%bc\/","name":"\u0422\u0440\u0435\u0445\u0441\u043b\u043e\u0439\u043d\u044b\u0439 \u043f\u0430\u0440\u043a\u0435\u0442 BOEN \u0434\u0443\u0431 \u0410\u043b\u0430\u043c\u043e \u0413\u0435\u043d\u0442 138 \u043c\u043c &#8211; Parketa Sala","isPartOf":{"@id":"https:\/\/staging.parketasala.lv\/ru\/#website"},"primaryImageOfPage":{"@id":"https:\/\/staging.parketasala.lv\/ru\/product\/%d1%82%d1%80%d0%b5%d1%85%d1%81%d0%bb%d0%be%d0%b9%d0%bd%d1%8b%d0%b9-%d0%bf%d0%b0%d1%80%d0%ba%d0%b5%d1%82-boen-%d0%b4%d1%83%d0%b1-%d0%b0%d0%bb%d0%b0%d0%bc%d0%be-%d0%b3%d0%b5%d0%bd%d1%82-138-%d0%bc%d0%bc\/#primaryimage"},"image":{"@id":"https:\/\/staging.parketasala.lv\/ru\/product\/%d1%82%d1%80%d0%b5%d1%85%d1%81%d0%bb%d0%be%d0%b9%d0%bd%d1%8b%d0%b9-%d0%bf%d0%b0%d1%80%d0%ba%d0%b5%d1%82-boen-%d0%b4%d1%83%d0%b1-%d0%b0%d0%bb%d0%b0%d0%bc%d0%be-%d0%b3%d0%b5%d0%bd%d1%82-138-%d0%bc%d0%bc\/#primaryimage"},"thumbnailUrl":"https:\/\/staging.parketasala.lv\/wp-content\/uploads\/2024\/10\/image-1.jpg","datePublished":"2023-02-01T15:20:41+00:00","breadcrumb":{"@id":"https:\/\/staging.parketasala.lv\/ru\/product\/%d1%82%d1%80%d0%b5%d1%85%d1%81%d0%bb%d0%be%d0%b9%d0%bd%d1%8b%d0%b9-%d0%bf%d0%b0%d1%80%d0%ba%d0%b5%d1%82-boen-%d0%b4%d1%83%d0%b1-%d0%b0%d0%bb%d0%b0%d0%bc%d0%be-%d0%b3%d0%b5%d0%bd%d1%82-138-%d0%bc%d0%bc\/#breadcrumb"},"inLanguage":"ru-RU","potentialAction":[{"@type":"ReadAction","target":["https:\/\/staging.parketasala.lv\/ru\/product\/%d1%82%d1%80%d0%b5%d1%85%d1%81%d0%bb%d0%be%d0%b9%d0%bd%d1%8b%d0%b9-%d0%bf%d0%b0%d1%80%d0%ba%d0%b5%d1%82-boen-%d0%b4%d1%83%d0%b1-%d0%b0%d0%bb%d0%b0%d0%bc%d0%be-%d0%b3%d0%b5%d0%bd%d1%82-138-%d0%bc%d0%bc\/"]}]},{"@type":"ImageObject","inLanguage":"ru-RU","@id":"https:\/\/staging.parketasala.lv\/ru\/product\/%d1%82%d1%80%d0%b5%d1%85%d1%81%d0%bb%d0%be%d0%b9%d0%bd%d1%8b%d0%b9-%d0%bf%d0%b0%d1%80%d0%ba%d0%b5%d1%82-boen-%d0%b4%d1%83%d0%b1-%d0%b0%d0%bb%d0%b0%d0%bc%d0%be-%d0%b3%d0%b5%d0%bd%d1%82-138-%d0%bc%d0%bc\/#primaryimage","url":"https:\/\/staging.parketasala.lv\/wp-content\/uploads\/2024\/10\/image-1.jpg","contentUrl":"https:\/\/staging.parketasala.lv\/wp-content\/uploads\/2024\/10\/image-1.jpg","width":1920,"height":1080,"caption":"trisslanu-parkets-boen-ozols-vivo-alamo-gent-10036670"},{"@type":"BreadcrumbList","@id":"https:\/\/staging.parketasala.lv\/ru\/product\/%d1%82%d1%80%d0%b5%d1%85%d1%81%d0%bb%d0%be%d0%b9%d0%bd%d1%8b%d0%b9-%d0%bf%d0%b0%d1%80%d0%ba%d0%b5%d1%82-boen-%d0%b4%d1%83%d0%b1-%d0%b0%d0%bb%d0%b0%d0%bc%d0%be-%d0%b3%d0%b5%d0%bd%d1%82-138-%d0%bc%d0%bc\/#breadcrumb","itemListElement":[{"@type":"ListItem","position":1,"name":"Home","item":"https:\/\/staging.parketasala.lv\/ru\/%d0%b3%d0%bb%d0%b0%d0%b2%d0%bd%d0%b0%d1%8f\/"},{"@type":"ListItem","position":2,"name":"\u041c\u0430\u0433\u0430\u0437\u0438\u043d","item":"https:\/\/staging.parketasala.lv\/ru\/%d0%bc%d0%b0%d0%b3%d0%b0%d0%b7%d0%b8%d0%bd\/"},{"@type":"ListItem","position":3,"name":"\u0422\u0440\u0435\u0445\u0441\u043b\u043e\u0439\u043d\u044b\u0439 \u043f\u0430\u0440\u043a\u0435\u0442 BOEN \u0434\u0443\u0431 \u0410\u043b\u0430\u043c\u043e \u0413\u0435\u043d\u0442 138 \u043c\u043c"}]},{"@type":"WebSite","@id":"https:\/\/staging.parketasala.lv\/ru\/#website","url":"https:\/\/staging.parketasala.lv\/ru\/","name":"Parketa Sala","description":"Pla&scaron;s lamin\u0101ta, vinila, parketa un kor\u0137a gr\u012bdu kl\u0101sts","publisher":{"@id":"https:\/\/staging.parketasala.lv\/ru\/#organization"},"potentialAction":[{"@type":"SearchAction","target":{"@type":"EntryPoint","urlTemplate":"https:\/\/staging.parketasala.lv\/ru\/?s={search_term_string}"},"query-input":{"@type":"PropertyValueSpecification","valueRequired":true,"valueName":"search_term_string"}}],"inLanguage":"ru-RU"},{"@type":"Organization","@id":"https:\/\/staging.parketasala.lv\/ru\/#organization","name":"Parketa Sala","url":"https:\/\/staging.parketasala.lv\/ru\/","logo":{"@type":"ImageObject","inLanguage":"ru-RU","@id":"https:\/\/staging.parketasala.lv\/ru\/#\/schema\/logo\/image\/","url":"https:\/\/staging.parketasala.lv\/wp-content\/uploads\/2019\/12\/Logo-x3.png","contentUrl":"https:\/\/staging.parketasala.lv\/wp-content\/uploads\/2019\/12\/Logo-x3.png","width":660,"height":137,"caption":"Parketa Sala"},"image":{"@id":"https:\/\/staging.parketasala.lv\/ru\/#\/schema\/logo\/image\/"},"sameAs":["https:\/\/www.facebook.com\/parketasala\/","https:\/\/www.instagram.com\/parketasala\/"]}]}},"_links":{"self":[{"href":"https:\/\/staging.parketasala.lv\/ru\/wp-json\/wp\/v2\/product\/29067","targetHints":{"allow":["GET"]}}],"collection":[{"href":"https:\/\/staging.parketasala.lv\/ru\/wp-json\/wp\/v2\/product"}],"about":[{"href":"https:\/\/staging.parketasala.lv\/ru\/wp-json\/wp\/v2\/types\/product"}],"wp:featuredmedia":[{"embeddable":true,"href":"https:\/\/staging.parketasala.lv\/ru\/wp-json\/wp\/v2\/media\/32603"}],"wp:attachment":[{"href":"https:\/\/staging.parketasala.lv\/ru\/wp-json\/wp\/v2\/media?parent=29067"}],"wp:term":[{"taxonomy":"product_brand","embeddable":true,"href":"https:\/\/staging.parketasala.lv\/ru\/wp-json\/wp\/v2\/product_brand?post=29067"},{"taxonomy":"product_cat","embeddable":true,"href":"https:\/\/staging.parketasala.lv\/ru\/wp-json\/wp\/v2\/product_cat?post=29067"},{"taxonomy":"product_tag","embeddable":true,"href":"https:\/\/staging.parketasala.lv\/ru\/wp-json\/wp\/v2\/product_tag?post=29067"}],"curies":[{"name":"wp","href":"https:\/\/api.w.org\/{rel}","templated":true}]}}